{"id":31551,"date":"2023-03-27T07:47:44","date_gmt":"2023-03-27T07:47:44","guid":{"rendered":"https:\/\/alcalali.es\/accesibilidad\/"},"modified":"2024-06-06T15:00:00","modified_gmt":"2024-06-06T15:00:00","slug":"accesibilidad","status":"publish","type":"page","link":"https:\/\/alcalali.es\/es\/accesibilidad\/","title":{"rendered":"Accesibilidad"},"content":{"rendered":"<p>[et_pb_section fb_built=\u00bb1&#8243; admin_label=\u00bbsection\u00bb _builder_version=\u00bb4.16&#8243; global_colors_info=\u00bb{}\u00bb][et_pb_row admin_label=\u00bbrow\u00bb _builder_version=\u00bb4.16&#8243; background_size=\u00bbinitial\u00bb background_position=\u00bbtop_left\u00bb background_repeat=\u00bbrepeat\u00bb global_colors_info=\u00bb{}\u00bb][et_pb_column type=\u00bb4_4&#8243; _builder_version=\u00bb4.16&#8243; custom_padding=\u00bb|||\u00bb global_colors_info=\u00bb{}\u00bb custom_padding__hover=\u00bb|||\u00bb][et_pb_text _builder_version=\u00bb4.25.1&#8243; _module_preset=\u00bbdefault\u00bb global_colors_info=\u00bb{}\u00bb]<\/p>\n<p>Declaraci\u00f3n de Accesibilidad<br \/>xxxxxxxxxxxxxxxxxxxxx se ha comprometido a hacer accesible su sitio web, de conformidad con el Real Decreto 1112\/2018, de 7 de septiembre, sobre accesibilidad de los sitios web y aplicaciones para dispositivos m\u00f3viles del sector p\u00fablico.<br \/>La presente declaraci\u00f3n de accesibilidad se aplica al sitio web xxxxxxxxxxxxxxxxxxxxxxxx:<\/p>\n<p>SITUACI\u00d3 DE COMPLIMENT<\/p>\n<p>Este sitio web es parcialmente conforme con el RD 1112\/2018 a causa de las excepciones y a la falta de conformidad de los aspectos que se indican en el siguiente punto.<\/p>\n<p>CONTENIDO NO ACCESIBLE<\/p>\n<p>El contenido que se recoge a continuaci\u00f3n no es accesible por el siguiente:<\/p>\n<p>Falta de conformidad con el RD 1112\/2018<\/p>\n<p>Podr\u00edan existir errores de c\u00f3digo puntuales de edici\u00f3n en alguna p\u00e1gina web. [4 .1.1 Processament]<\/p>\n<p>Podr\u00edan existir algunos componentes de la interfaz de usuario que no se encuentran etiquetados correctamente. [4.1.2 Nombre, funci\u00f3n, valor]<\/p>\n<p>Carga desproporcionada<br \/>No aplica.<\/p>\n<p>PREPARACI\u00d3N DE LA PRESENTE DECLARACI\u00d3N De ACCESIBILIDAD<\/p>\n<p>La presente declaraci\u00f3n fue preparada el 06 de Marzo 2023.<\/p>\n<p>El m\u00e9todo empleado para preparar la declaraci\u00f3n ha sido una autoevaluaci\u00f3n llevada a cabo por el propio organismo.<\/p>\n<p>OBSERVACIONES Y DATOS DE CONTACTO<\/p>\n<p>Puede realizar comunicaciones sobre requisitos de accesibilidad (art\u00edculo 10.2.a del RD 1112\/2018) como por ejemplo:<\/p>\n<p>informar sobre cualquiera posible incumplimiento por parte de este sitio web<br \/>transmitir otras dificultades de acceso al contenido<br \/>formular cualquier otra consulta o sugerencia de mejora relativa a la accesibilidad del sitio web<br \/>a trav\u00e9s del formulario de contacto de este sitio web.<\/p>\n<p>[\/et_pb_text][\/et_pb_column][\/et_pb_row][\/et_pb_section]<\/p>\n","protected":false},"excerpt":{"rendered":"<p>Declaraci\u00f3n de Accesibilidadxxxxxxxxxxxxxxxxxxxxx se ha comprometido a hacer accesible su sitio web, de conformidad con el Real Decreto 1112\/2018, de 7 de septiembre, sobre accesibilidad de los sitios web y aplicaciones para dispositivos m\u00f3viles del sector p\u00fablico.La presente declaraci\u00f3n de accesibilidad se aplica al sitio web xxxxxxxxxxxxxxxxxxxxxxxx: SITUACI\u00d3 DE COMPLIMENT Este sitio web es parcialmente [&hellip;]<\/p>\n","protected":false},"author":2,"featured_media":0,"parent":0,"menu_order":0,"comment_status":"closed","ping_status":"closed","template":"page-template-blank.php","meta":{"_et_pb_use_builder":"on","_et_pb_old_content":"","_et_gb_content_width":"","_joinchat":[],"footnotes":""},"class_list":["post-31551","page","type-page","status-publish","hentry"],"_links":{"self":[{"href":"https:\/\/alcalali.es\/es\/wp-json\/wp\/v2\/pages\/31551","targetHints":{"allow":["GET"]}}],"collection":[{"href":"https:\/\/alcalali.es\/es\/wp-json\/wp\/v2\/pages"}],"about":[{"href":"https:\/\/alcalali.es\/es\/wp-json\/wp\/v2\/types\/page"}],"author":[{"embeddable":true,"href":"https:\/\/alcalali.es\/es\/wp-json\/wp\/v2\/users\/2"}],"replies":[{"embeddable":true,"href":"https:\/\/alcalali.es\/es\/wp-json\/wp\/v2\/comments?post=31551"}],"version-history":[{"count":12,"href":"https:\/\/alcalali.es\/es\/wp-json\/wp\/v2\/pages\/31551\/revisions"}],"predecessor-version":[{"id":31624,"href":"https:\/\/alcalali.es\/es\/wp-json\/wp\/v2\/pages\/31551\/revisions\/31624"}],"wp:attachment":[{"href":"https:\/\/alcalali.es\/es\/wp-json\/wp\/v2\/media?parent=31551"}],"curies":[{"name":"wp","href":"https:\/\/api.w.org\/{rel}","templated":true}]}}