{"id":30867,"date":"2024-05-31T09:30:08","date_gmt":"2024-05-31T09:30:08","guid":{"rendered":"https:\/\/alcalali.es\/?page_id=30867"},"modified":"2026-05-15T05:59:55","modified_gmt":"2026-05-15T05:59:55","slug":"actualidad","status":"publish","type":"page","link":"https:\/\/alcalali.es\/es\/actualidad\/","title":{"rendered":"Actualidad"},"content":{"rendered":"\n<div class=\"et_pb_section_0 et_pb_section et_section_regular et_block_section\"><div class=\"et_pb_row_0 et_pb_row et_block_row\"><div class=\"et_pb_column_0 et_pb_column et_pb_column_4_4 et-last-child et_block_column et_pb_css_mix_blend_mode_passthrough\"><div class=\"et_pb_text_0 et_pb_text et_pb_bg_layout_light et_pb_module et_block_module et_pb_text_align_center\"><div class=\"et_pb_text_inner\"><h1>ACTUALIDAD<\/h1>\n<\/div><\/div><\/div><\/div><\/div><div class=\"et_pb_section_1 et_pb_section et_section_regular et_block_section\"><div class=\"et_pb_row_1 et_pb_row et_block_row\"><div class=\"et_pb_column_1 et_pb_column et_pb_column_4_4 et-last-child et_block_column et_pb_css_mix_blend_mode_passthrough\"><div class=\"et_pb_blog_0 et_pb_blog et_pb_bg_layout_light et_pb_posts et_pb_module\"><div class=\"et_pb_ajax_pagination_container\"><div class=\"et_pb_posts et_grid_module\"><article class=\"et_pb_post et_pb_post_id_34965 clearfix et_pb_has_overlay et_pb_blog_item_0_0 post-34965 post type-post status-publish format-standard has-post-thumbnail hentry category-ecoparque\"><div class=\"et_pb_image_container\"><a href=\"https:\/\/alcalali.es\/es\/servicios-de-ecoparque-en-alcalali\/\" class=\"entry-featured-image-url\"><img loading=\"lazy\" decoding=\"async\" src=\"https:\/\/alcalali.es\/wp-content\/uploads\/2026\/02\/Cartell-ecoparque.jpg\" width=\"400\" height=\"284\" alt=\"Ecoparque Alcalal\u00ed\" class=\"\" srcset=\"https:\/\/alcalali.es\/wp-content\/uploads\/2026\/02\/Cartell-ecoparque.jpg 479w, https:\/\/alcalali.es\/wp-content\/uploads\/2026\/02\/Cartell-ecoparque-400x284.jpg 480w\" sizes=\"(max-width:479px) 479px, 100vw\" \/><span data-icon=\"\uf09e\" class=\"et_overlay et_pb_inline_icon\"><\/span><\/a><\/div><h2 class=\"entry-title\"><a href=\"https:\/\/alcalali.es\/es\/servicios-de-ecoparque-en-alcalali\/\">SERVICIOS DE ECOPARQUE EN ALCALAL\u00cd<\/a><\/h2><p class=\"post-meta\"><\/p><div class=\"post-content\"><div class=\"post-content-inner\"><p>&#x267b;&#xfe0f; SERVICIOS DE ECOPARQUE EN ALCALAL\u00cd Reciclar correctamente es una responsabilidad compartida y una acci\u00f3n clave para proteger nuestro entorno, reducir la contaminaci\u00f3n y aprovechar mejor los recursos naturales. Separar y depositar adecuadamente los&#8230;<\/p>\n<\/div><\/div><\/article><article class=\"et_pb_post et_pb_post_id_34902 clearfix et_pb_has_overlay et_pb_blog_item_0_1 post-34902 post type-post status-publish format-standard has-post-thumbnail hentry category-agua category-noticias\"><div class=\"et_pb_image_container\"><a href=\"https:\/\/alcalali.es\/es\/justificacion-tecnica-y-legal-que-motiva-la-nueva-estructura-de-precios-del-agua\/\" class=\"entry-featured-image-url\"><img loading=\"lazy\" decoding=\"async\" src=\"https:\/\/alcalali.es\/wp-content\/uploads\/2024\/03\/aigua.jpg\" width=\"400\" height=\"284\" alt=\"Justificaci\u00f3n t\u00e9cnica y legal que motiva la nueva estructura de precios del agua\" class=\"\" srcset=\"https:\/\/alcalali.es\/wp-content\/uploads\/2024\/03\/aigua.jpg 479w, https:\/\/alcalali.es\/wp-content\/uploads\/2024\/03\/aigua-400x284.jpg 480w\" sizes=\"(max-width:479px) 479px, 100vw\" \/><span data-icon=\"\uf09e\" class=\"et_overlay et_pb_inline_icon\"><\/span><\/a><\/div><h2 class=\"entry-title\"><a href=\"https:\/\/alcalali.es\/es\/justificacion-tecnica-y-legal-que-motiva-la-nueva-estructura-de-precios-del-agua\/\">Justificaci\u00f3n t\u00e9cnica y legal que motiva la nueva estructura de precios del agua<\/a><\/h2><p class=\"post-meta\"><\/p><div class=\"post-content\"><div class=\"post-content-inner\"><p>Nota informativa con la justificaci\u00f3n t\u00e9cnica y legal que motiva la nueva estructura de precios, la cual responde tanto a necesidades de equilibrio financiero como al cumplimiento estricto de las directrices de la Comisi\u00f3n de Precios de la Generalitat Valenciana&#8230;.<\/p>\n<\/div><\/div><\/article><article class=\"et_pb_post et_pb_post_id_34853 clearfix et_pb_has_overlay et_pb_blog_item_0_2 post-34853 post type-post status-publish format-standard has-post-thumbnail hentry category-blog category-feslali category-noticias\"><div class=\"et_pb_image_container\"><a href=\"https:\/\/alcalali.es\/es\/alcalali-celebra-la-10-a-edicion-de-feslali-del-1-al-22-de-febrero-dedicada-a-la-algarroba-como-cultivo-de-futuro\/\" class=\"entry-featured-image-url\"><img loading=\"lazy\" decoding=\"async\" src=\"https:\/\/alcalali.es\/wp-content\/uploads\/2026\/01\/BANNER-feslali-2026_logo.jpg\" width=\"400\" height=\"284\" alt=\"Alcalal\u00ed celebra la 10.\u00aa edici\u00f3n de Feslal\u00ed del 1 al 22 de febrero, dedicada a la algarroba como cultivo de futuro.\" class=\"\" srcset=\"https:\/\/alcalali.es\/wp-content\/uploads\/2026\/01\/BANNER-feslali-2026_logo.jpg 479w, https:\/\/alcalali.es\/wp-content\/uploads\/2026\/01\/BANNER-feslali-2026_logo-400x284.jpg 480w\" sizes=\"(max-width:479px) 479px, 100vw\" \/><span data-icon=\"\uf09e\" class=\"et_overlay et_pb_inline_icon\"><\/span><\/a><\/div><h2 class=\"entry-title\"><a href=\"https:\/\/alcalali.es\/es\/alcalali-celebra-la-10-a-edicion-de-feslali-del-1-al-22-de-febrero-dedicada-a-la-algarroba-como-cultivo-de-futuro\/\">Alcalal\u00ed celebra la 10.\u00aa edici\u00f3n de Feslal\u00ed del 1 al 22 de febrero, dedicada a la algarroba como cultivo de futuro.<\/a><\/h2><p class=\"post-meta\"><\/p><div class=\"post-content\"><div class=\"post-content-inner\"><p>Alcalal\u00ed celebrar\u00e1 del 1 al 22 de febrero la 10.\u00aa edici\u00f3n de Feslal\u00ed, el festival que desde hace una d\u00e9cada pone en valor el paisaje, la agricultura y la identidad del municipio. En esta edici\u00f3n tan especial, Feslal\u00ed inicia una nueva etapa y sit\u00faa a la algarroba como&#8230;<\/p>\n<\/div><\/div><\/article><article class=\"et_pb_post et_pb_post_id_34033 clearfix et_pb_has_overlay et_pb_blog_item_0_3 post-34033 post type-post status-publish format-standard has-post-thumbnail hentry category-blog category-noticias\"><div class=\"et_pb_image_container\"><a href=\"https:\/\/alcalali.es\/es\/plan-de-accion-por-el-clima-y-la-energia-sostenible-de-alcalali\/\" class=\"entry-featured-image-url\"><img loading=\"lazy\" decoding=\"async\" src=\"https:\/\/alcalali.es\/wp-content\/uploads\/2025\/11\/logo_pacto_gl-scaled.png\" width=\"400\" height=\"284\" alt=\"Plan de acci\u00f3n por el clima y la energ\u00eda sostenible - Alcalal\u00ed\" class=\"\" srcset=\"https:\/\/alcalali.es\/wp-content\/uploads\/2025\/11\/logo_pacto_gl-scaled.png 479w, https:\/\/alcalali.es\/wp-content\/uploads\/2025\/11\/logo_pacto_gl-400x284.png 480w\" sizes=\"(max-width:479px) 479px, 100vw\" \/><span data-icon=\"\uf09e\" class=\"et_overlay et_pb_inline_icon\"><\/span><\/a><\/div><h2 class=\"entry-title\"><a href=\"https:\/\/alcalali.es\/es\/plan-de-accion-por-el-clima-y-la-energia-sostenible-de-alcalali\/\">Plan de Acci\u00f3n por el Clima y la Energ\u00eda Sostenible de Alcalal\u00ed<\/a><\/h2><p class=\"post-meta\"><\/p><div class=\"post-content\"><div class=\"post-content-inner\"><p>Los Planes de Acci\u00f3n por el Clima y la Energ\u00eda Sostenible (PACES) tienen como objetivo convertirse en el instrumento municipal que aborde a largo plazo las estrategias de acci\u00f3n de mitigaci\u00f3n, adaptaci\u00f3n y la pobreza energ\u00e9tica, a trav\u00e9s de distintas pol\u00edticas de&#8230;<\/p>\n<\/div><\/div><\/article><article class=\"et_pb_post et_pb_post_id_33988 clearfix et_pb_has_overlay et_pb_blog_item_0_4 post-33988 post type-post status-publish format-standard has-post-thumbnail hentry category-blog category-noticias\"><div class=\"et_pb_image_container\"><a href=\"https:\/\/alcalali.es\/es\/nuevas-ofertas-de-trabajo-en-el-ayuntamiento\/\" class=\"entry-featured-image-url\"><img loading=\"lazy\" decoding=\"async\" src=\"https:\/\/alcalali.es\/wp-content\/uploads\/2025\/10\/Labora-Secundari-CAS-Negre-Transparent-scaled.png\" width=\"400\" height=\"284\" alt=\"Labora\" class=\"\" srcset=\"https:\/\/alcalali.es\/wp-content\/uploads\/2025\/10\/Labora-Secundari-CAS-Negre-Transparent-scaled.png 479w, https:\/\/alcalali.es\/wp-content\/uploads\/2025\/10\/Labora-Secundari-CAS-Negre-Transparent-400x284.png 480w\" sizes=\"(max-width:479px) 479px, 100vw\" \/><span data-icon=\"\uf09e\" class=\"et_overlay et_pb_inline_icon\"><\/span><\/a><\/div><h2 class=\"entry-title\"><a href=\"https:\/\/alcalali.es\/es\/nuevas-ofertas-de-trabajo-en-el-ayuntamiento\/\">Nuevas ofertas de trabajo en el Ayuntamiento<\/a><\/h2><p class=\"post-meta\"><\/p><div class=\"post-content\"><div class=\"post-content-inner\"><p>El ayuntamiento de Alcalal\u00ed remitir\u00e1 a Espai LABORA Calpe dos nuevas ofertas de trabajo, para ocupar los puestos de auxiliar administrativo y pe\u00f3n de mantenimiento. Las personas interesadas deber\u00e1n comprobar que figuran inscritas como demandantes de empleo, y en&#8230;<\/p>\n<\/div><\/div><\/article><article class=\"et_pb_post et_pb_post_id_33977 clearfix et_pb_has_overlay et_pb_blog_item_0_5 post-33977 post type-post status-publish format-standard has-post-thumbnail hentry category-blog category-noticias\"><div class=\"et_pb_image_container\"><a href=\"https:\/\/alcalali.es\/es\/nueva-web-de-transparencia-en-alcalali-la-informacion-de-tu-ayuntamiento-a-un-clic\/\" class=\"entry-featured-image-url\"><img loading=\"lazy\" decoding=\"async\" src=\"https:\/\/alcalali.es\/wp-content\/uploads\/2025\/10\/Transparencia-Alcalali.png\" width=\"400\" height=\"284\" alt=\"Transparencia Alcalal\u00ed\" class=\"\" srcset=\"https:\/\/alcalali.es\/wp-content\/uploads\/2025\/10\/Transparencia-Alcalali.png 479w, https:\/\/alcalali.es\/wp-content\/uploads\/2025\/10\/Transparencia-Alcalali-400x284.png 480w\" sizes=\"(max-width:479px) 479px, 100vw\" \/><span data-icon=\"\uf09e\" class=\"et_overlay et_pb_inline_icon\"><\/span><\/a><\/div><h2 class=\"entry-title\"><a href=\"https:\/\/alcalali.es\/es\/nueva-web-de-transparencia-en-alcalali-la-informacion-de-tu-ayuntamiento-a-un-clic\/\">Nueva web de Transparencia en Alcalal\u00ed: la informaci\u00f3n de tu ayuntamiento, a un clic.<\/a><\/h2><p class=\"post-meta\"><\/p><div class=\"post-content\"><div class=\"post-content-inner\"><p>El Ayuntamiento de Alcalal\u00ed da un paso m\u00e1s en su compromiso con la transparencia y la participaci\u00f3n ciudadana con la puesta en marcha de su nueva web de transparencia: &#x1f449; transparenciaalcalali.diputacionalicante.es La nueva web de transparencia ha sido posible&#8230;<\/p>\n<\/div><\/div><\/article><\/div><div class=\"pagination clearfix\">\n\t<div class=\"alignleft\"><a href=\"https:\/\/alcalali.es\/es\/wp-json\/wp\/v2\/pages\/30867\/page\/2\/?et_blog\">&laquo; Entradas Anteriores<\/a><\/div>\n\t<div class=\"alignright\"><\/div>\n<\/div><\/div><\/div><\/div><\/div><\/div>\n","protected":false},"excerpt":{"rendered":"","protected":false},"author":2,"featured_media":0,"parent":0,"menu_order":0,"comment_status":"closed","ping_status":"closed","template":"","meta":{"_joinchat":[],"footnotes":""},"class_list":["post-30867","page","type-page","status-publish","hentry"],"_links":{"self":[{"href":"https:\/\/alcalali.es\/es\/wp-json\/wp\/v2\/pages\/30867","targetHints":{"allow":["GET"]}}],"collection":[{"href":"https:\/\/alcalali.es\/es\/wp-json\/wp\/v2\/pages"}],"about":[{"href":"https:\/\/alcalali.es\/es\/wp-json\/wp\/v2\/types\/page"}],"author":[{"embeddable":true,"href":"https:\/\/alcalali.es\/es\/wp-json\/wp\/v2\/users\/2"}],"replies":[{"embeddable":true,"href":"https:\/\/alcalali.es\/es\/wp-json\/wp\/v2\/comments?post=30867"}],"version-history":[{"count":8,"href":"https:\/\/alcalali.es\/es\/wp-json\/wp\/v2\/pages\/30867\/revisions"}],"predecessor-version":[{"id":35131,"href":"https:\/\/alcalali.es\/es\/wp-json\/wp\/v2\/pages\/30867\/revisions\/35131"}],"wp:attachment":[{"href":"https:\/\/alcalali.es\/es\/wp-json\/wp\/v2\/media?parent=30867"}],"curies":[{"name":"wp","href":"https:\/\/api.w.org\/{rel}","templated":true}]}}