{"id":30575,"date":"2024-03-06T07:07:57","date_gmt":"2024-03-06T07:07:57","guid":{"rendered":"https:\/\/alcalali.es\/?page_id=30575"},"modified":"2026-02-10T08:20:58","modified_gmt":"2026-02-10T08:20:58","slug":"listado-de-asociaciones","status":"publish","type":"page","link":"https:\/\/alcalali.es\/es\/listado-de-asociaciones\/","title":{"rendered":"Listado de asociaciones"},"content":{"rendered":"<p>[et_pb_section fb_built=\u00bb1&#8243; admin_label=\u00bbHeader\u00bb _builder_version=\u00bb4.24.2&#8243; _module_preset=\u00bbdefault\u00bb use_background_color_gradient=\u00bbon\u00bb background_color_gradient_stops=\u00bb#f2f0eb 0%|rgba(242,240,235,0) 100%\u00bb background_color_gradient_overlays_image=\u00bbon\u00bb background_image=\u00bbhttps:\/\/alcalali.es\/wp-content\/uploads\/2024\/03\/header-ayuntamiento-alcalali.jpg\u00bb background_position=\u00bbbottom_center\u00bb custom_padding=\u00bb5vw||5vw||true|false\u00bb border_radii=\u00bboff|||3vw|3vw\u00bb locked=\u00bboff\u00bb collapsed=\u00bbon\u00bb global_colors_info=\u00bb{}\u00bb][et_pb_row _builder_version=\u00bb4.24.0&#8243; _module_preset=\u00bbdefault\u00bb max_width=\u00bb1800px\u00bb global_colors_info=\u00bb{}\u00bb][et_pb_column type=\u00bb4_4&#8243; _builder_version=\u00bb4.22.0&#8243; _module_preset=\u00bbdefault\u00bb global_colors_info=\u00bb{}\u00bb][et_pb_text _builder_version=\u00bb4.24.2&#8243; _module_preset=\u00bb_initial\u00bb header_font=\u00bbInter|700|||||||\u00bb header_text_color=\u00bb#383838&#8243; header_font_size=\u00bb90px\u00bb header_line_height=\u00bb1.1em\u00bb text_orientation=\u00bbcenter\u00bb max_width=\u00bb1440px\u00bb module_alignment=\u00bbcenter\u00bb custom_margin=\u00bb||10px||false|false\u00bb header_font_size_tablet=\u00bb40px\u00bb header_font_size_phone=\u00bb24px\u00bb header_font_size_last_edited=\u00bbon|desktop\u00bb global_colors_info=\u00bb{}\u00bb]<\/p>\n<h1>LISTADO ASOCIACIONES<\/h1>\n<p>[\/et_pb_text][\/et_pb_column][\/et_pb_row][\/et_pb_section][et_pb_section fb_built=\u00bb1&#8243; admin_label=\u00bbServices\u00bb _builder_version=\u00bb4.22.0&#8243; _module_preset=\u00bbdefault\u00bb custom_padding=\u00bb60px|||||\u00bb locked=\u00bboff\u00bb collapsed=\u00bbon\u00bb global_colors_info=\u00bb{}\u00bb][et_pb_row _builder_version=\u00bb4.24.2&#8243; _module_preset=\u00bbdefault\u00bb max_width=\u00bb1800px\u00bb locked=\u00bboff\u00bb global_colors_info=\u00bb{}\u00bb][et_pb_column type=\u00bb4_4&#8243; _builder_version=\u00bb4.22.0&#8243; _module_preset=\u00bbdefault\u00bb global_colors_info=\u00bb{}\u00bb][et_pb_text _builder_version=\u00bb4.24.2&#8243; _module_preset=\u00bbdefault\u00bb text_orientation=\u00bbcenter\u00bb max_width=\u00bb700px\u00bb module_alignment=\u00bbcenter\u00bb global_colors_info=\u00bb{}\u00bb]<\/p>\n<p>En Alcalal\u00ed, existe un importante movimiento asociativo que contribuye a dinamizar y enriquecer con la organizaci\u00f3n de actividades y eventos, la vida social de la comunidad. Por ello, el Ayuntamiento les apoya en la difusi\u00f3n de los actos, eventos y actividades que organizan y en los apartados siguientes pod\u00e9is consultarlos.<br \/><span><\/span><\/p>\n<p><span><\/span><\/p>\n<h4>A continuaci\u00f3n se relacionan las asociaciones inscritas en el Registro Municipal.<\/h4>\n<p>[\/et_pb_text][\/et_pb_column][\/et_pb_row][et_pb_row column_structure=\u00bb1_3,1_3,1_3&#8243; make_equal=\u00bbon\u00bb _builder_version=\u00bb4.26.0&#8243; _module_preset=\u00bbdefault\u00bb max_width=\u00bb1800px\u00bb locked=\u00bboff\u00bb global_colors_info=\u00bb{}\u00bb][et_pb_column type=\u00bb1_3&#8243; _builder_version=\u00bb4.24.2&#8243; _module_preset=\u00bbdefault\u00bb background_image=\u00bbhttps:\/\/alcalali.es\/wp-content\/uploads\/2024\/03\/sub-ribbon.jpg\u00bb background_size=\u00bbinitial\u00bb background_position=\u00bbbottom_center\u00bb background_vertical_offset=\u00bb-1%\u00bb background_repeat=\u00bbrepeat-x\u00bb custom_padding=\u00bb30px|30px|30px|30px|true|true\u00bb border_radii=\u00bbon|30px|30px|30px|30px\u00bb border_width_all=\u00bb2px\u00bb border_color_all=\u00bb#e4dacc\u00bb global_colors_info=\u00bb{}\u00bb][et_pb_text _builder_version=\u00bb4.27.5&#8243; _module_preset=\u00bb_initial\u00bb text_font=\u00bb||||||||\u00bb text_line_height=\u00bb1.6em\u00bb link_text_color=\u00bb#383838&#8243; hover_enabled=\u00bb0&#8243; global_colors_info=\u00bb{}\u00bb link_text_color__hover=\u00bb#EF8700&#8243; link_text_color__hover_enabled=\u00bbon|hover\u00bb sticky_enabled=\u00bb0&#8243;]<\/p>\n<p><strong>ASOCIACI\u00d3N DONES D&#8217;ALCALALI<\/strong><\/p>\n<p>Presidenta: D\u00f1a. Rosa Mar\u00eda Mestre Chesa<\/p>\n<p>Direcci\u00f3n: Carrer Solo, n\u00ba 25.<\/p>\n<p>Tel: 626 362 545<\/p>\n<p>email:<a href=\"https:\/\/mce_host\/intranet\/apartados\/editar\/alcalalimail@gmail.com\" rel=\"nofollow\"><span>\u00a0<\/span>alcalalimail@gmail.com<\/a><\/p>\n<p>&nbsp;<\/p>\n<p><strong>ASOCIACI\u00d3N \u00abALPA\u00bb<\/strong><\/p>\n<p>Presidente: D. Paul Schipper<\/p>\n<p>Direcci\u00f3n: Cumbres de Alcalal\u00ed. n\u00ba 6.<\/p>\n<p>Tel. 96.648.24.55<\/p>\n<p>&nbsp;<\/p>\n<p><strong>ASOCIACI\u00d3N DE JUBILADOS Y PENSIONISTAS<\/strong><\/p>\n<div>\n<p>Presidenta: D\u00aa. Carmen Serer Alexandre<\/p>\n<p>Direcci\u00f3n C\/ Valent n\u00ba 17<\/p>\n<p>Tel:610 99 82 82 \/ 639 13 58 45<\/p>\n<p>email:<span>\u00a0<\/span><a href=\"https:\/\/mce_host\/intranet\/apartados\/editar\/jubiladosdealcalali@gmail.com\" rel=\"nofollow\">jubiladosdealcalali.@gmail.com<\/a><\/p>\n<p>&nbsp;<\/p>\n<p><strong>ASOCIACI\u00d3N DE PADRES Y MADRES<\/strong><\/p>\n<p>Presidenta: D\u00f1a. Valentina Alejandre R\u00f3denas<\/p>\n<p>E. mail: ampamosqueraalcalali@gmail.com<\/p>\n<p>&nbsp;<\/p>\n<p><strong>CLUB CICLISTA DE ALCALAL\u00cd<\/strong><\/p>\n<p>Presidente: D. C\u00e9sar Marc\u00f3 Mestre<\/p>\n<p>Direcci\u00f3n: Carrer Nou, n\u00ba 16.<\/p>\n<p>Tel. 96.648.23.76<\/p>\n<p>&nbsp;<\/p>\n<p><strong>SOCIEDAD DE CAZADORES<\/strong><\/p>\n<p>Presidente: D. Vicente Faustino Mestre Ferrer<\/p>\n<p>Direcci\u00f3n: Calle Mayor, n\u00ba 28.<\/p>\n<p>Tel. 670.874.647<\/p>\n<\/div>\n<div><\/div>\n<p>[\/et_pb_text][\/et_pb_column][et_pb_column type=\u00bb1_3&#8243; _builder_version=\u00bb4.24.2&#8243; _module_preset=\u00bbdefault\u00bb background_image=\u00bbhttps:\/\/alcalali.es\/wp-content\/uploads\/2024\/03\/sub-ribbon.jpg\u00bb background_size=\u00bbinitial\u00bb background_position=\u00bbbottom_center\u00bb background_vertical_offset=\u00bb-1%\u00bb background_repeat=\u00bbrepeat-x\u00bb custom_padding=\u00bb30px|30px|30px|30px|true|true\u00bb border_radii=\u00bbon|30px|30px|30px|30px\u00bb border_width_all=\u00bb2px\u00bb border_color_all=\u00bb#e4dacc\u00bb global_colors_info=\u00bb{}\u00bb][et_pb_text _builder_version=\u00bb4.27.5&#8243; _module_preset=\u00bb_initial\u00bb text_font=\u00bb||||||||\u00bb text_line_height=\u00bb1.6em\u00bb link_text_color=\u00bb#383838&#8243; hover_enabled=\u00bb0&#8243; global_colors_info=\u00bb{}\u00bb link_text_color__hover=\u00bb#EF8700&#8243; link_text_color__hover_enabled=\u00bbon|hover\u00bb sticky_enabled=\u00bb0&#8243;]<\/p>\n<div>\n<div>\n<p><strong>ASOCIACI\u00d3N DE VECINOS SOLANA GARDENS<\/strong><\/p>\n<p>Presidente: D. <span>Mike Crabtree<\/span><\/p>\n<p>Direcci\u00f3n: Solana Gardens, n\u00ba 35<\/p>\n<p>Tel. <span>966 482 800<\/span><\/p>\n<p>email:<span> <a href=\"mailto:lsgtv.committee@gmail.com\">lsgtv.committee@gmail.com<\/a><\/span><\/p>\n<p>&nbsp;<\/p>\n<p><strong>ASOCIACI\u00d3N RESIDENCIAL BENARROSA<\/strong><\/p>\n<\/div>\n<p>Presidenta: D\u00f1a. Kathleen Ann Mary Ring<\/p>\n<p>Direcci\u00f3n: Calle Palmito, n\u00ba 11.<\/p>\n<p>Tel: 96 648 2657<\/p>\n<p>&nbsp;<\/p>\n<p><strong>ASOCIACI\u00d3N SALUD Y BIENESTAR DE ALCALAL\u00cd<\/strong><\/p>\n<p>Presidenta: D\u00f1a. Pamela Jane\u00a0Brook<\/p>\n<p>Direcci\u00f3n: C\/ Romeros, n\u00ba 7<\/p>\n<p>Tel. 651.645.875- 654 269 139<\/p>\n<p>&nbsp;<\/p>\n<p><strong>COMUNIDAD DE REGANTES ALCALALI-XAL\u00d3<\/strong><\/p>\n<div class=\"footer\">\n<p>Presidente: D. Pascual Rosell\u00f3 Mengual<\/p>\n<p>Direcci\u00f3n: Carrer Calvari, n\u00ba18.<\/p>\n<p>E. Mail:<a href=\"http:\/\/mce_host\/intranet\/apartados\/editar\/cr.alcalalijalon@gmail.com\" target=\"_blank\" rel=\"noopener nofollow\"><span>\u00a0<\/span>cr.alcalalijalon@gmail.com<\/a><\/p>\n<p>&nbsp;<\/p>\n<p><strong>COOPERATIVA AGRICOLA SAN JOS\u00c9<\/strong><\/p>\n<p>Presidente: D. Jos\u00e9 Antonio Ferrer Orts<\/p>\n<p>Direcci\u00f3n: Carrer Porxe, n\u00ba 11<\/p>\n<p>&nbsp;<\/p>\n<p class=\"footer\"><strong>CLUB MUNTANYA TRAIL PENYA TALAIA<\/strong><\/p>\n<p class=\"footer\">Presidente: D. Ibon Artabe<\/p>\n<p class=\"footer\">Direcci\u00f3n: Partida Trossos 447<\/p>\n<p class=\"footer\">Tel: 657.099.632<\/p>\n<p class=\"footer\">E.mail: <a href=\"mailto:cmtpenyatalaia@gmail.com\">cmtpenyatalaia@gmail.com<\/a><\/p>\n<\/div>\n<\/div>\n<div class=\"footer\"><\/div>\n<p>[\/et_pb_text][\/et_pb_column][et_pb_column type=\u00bb1_3&#8243; _builder_version=\u00bb4.24.2&#8243; _module_preset=\u00bbdefault\u00bb background_image=\u00bbhttps:\/\/alcalali.es\/wp-content\/uploads\/2024\/03\/sub-ribbon.jpg\u00bb background_size=\u00bbinitial\u00bb background_position=\u00bbbottom_center\u00bb background_vertical_offset=\u00bb-1%\u00bb background_repeat=\u00bbrepeat-x\u00bb custom_padding=\u00bb30px|30px|30px|30px|true|true\u00bb border_radii=\u00bbon|30px|30px|30px|30px\u00bb border_width_all=\u00bb2px\u00bb border_color_all=\u00bb#e4dacc\u00bb global_colors_info=\u00bb{}\u00bb][et_pb_text _builder_version=\u00bb4.27.5&#8243; _module_preset=\u00bb_initial\u00bb text_font=\u00bb||||||||\u00bb text_line_height=\u00bb1.6em\u00bb link_text_color=\u00bb#383838&#8243; hover_enabled=\u00bb0&#8243; global_colors_info=\u00bb{}\u00bb link_text_color__hover=\u00bb#EF8700&#8243; link_text_color__hover_enabled=\u00bbon|hover\u00bb sticky_enabled=\u00bb0&#8243;]<\/p>\n<div class=\"footer\">\n<p class=\"footer\"><strong>ASOCIACI\u00d3N SOCIAL TERCERA EDAD VALL DEL POP<\/strong><\/p>\n<p class=\"footer\">Presidente: D. Kenneth John Grant<\/p>\n<p>&nbsp;<\/p>\n<p><strong>ASOCIACI\u00d3N TUR\u00cdSTICO EMPRESARIAL VALL DEL POP<\/strong><\/p>\n<p>Presidente: D. Angel Vives Cano<\/p>\n<p>Direcci\u00f3n: Calle Cipreses, n\u00ba 1-a.<\/p>\n<p>Tel. 647.463.045 \/ 667.523.604<\/p>\n<p>E.mail:\u00a0<a href=\"mailto:info@totvalldepop.es\" target=\"_blank\" rel=\"noopener\">info@totvalldepop.es<\/a><\/p>\n<p>Web:\u00a0<a href=\"http:\/\/www.totvalldepop.es\/\" target=\"_blank\" rel=\"noopener nofollow\">www.totvalldepop.es<\/a><\/p>\n<p>&nbsp;<\/p>\n<p><strong>ASOCIACI\u00d3N SOCIETAT AGRARIA DE TRANSFORMACI\u00d3 (SAT ALCALALI)<\/strong><\/p>\n<p>Presidente: Elies Andr\u00e9s Cortell<\/p>\n<p>Web:<span>\u00a0<\/span><a href=\"http:\/\/satllauradorsdealcalali.com\/\" rel=\"nofollow noopener\" target=\"_blank\">http:\/\/satllauradorsdealcalali.com\/<\/a><\/p>\n<p>&nbsp;<\/p>\n<p><strong>ASOCIACI\u00d3N JALON VALLEY<\/strong><\/p>\n<p>Presidenta: D\u00f1a Elaine Horton<\/p>\n<p>Web:<span>\u00a0<\/span><a href=\"https:\/\/http\/\/wwwjalonvalleyhelp.com\/\" rel=\"nofollow\">http\/\/wwwjalonvalleyhelp.com\/<\/a><\/p>\n<p>&nbsp;<\/p>\n<p><strong>ASOCIACI\u00d3N CARELINE THEATRE<\/strong><\/p>\n<p>Presidenta: Do\u00f1a C\u00e1ndida Wright<\/p>\n<p>Web:<span>\u00a0<\/span><a href=\"https:\/\/http\/\/www.carelinetheatre.com\/\" rel=\"nofollow\">http\/\/www.carelinetheatre.com\/<\/a><\/p>\n<p>&nbsp;<\/p>\n<p><strong>ASOCIACI\u00d3N MARI PEPA TEATRE<\/strong><\/p>\n<p>Presidente: D. Luis Dalmau<\/p>\n<p>Direcci\u00f3n: C\/ Calvari n\u00ba 34<\/p>\n<p>email:<span>\u00a0<\/span><a href=\"https:\/\/mce_host\/intranet\/apartados\/editar\/maripepateatre@gmail.com\" rel=\"nofollow\">maripepateatre@gmail.com<\/a><\/p>\n<\/div>\n<p>[\/et_pb_text][\/et_pb_column][\/et_pb_row][\/et_pb_section]<\/p>\n","protected":false},"excerpt":{"rendered":"<p>LISTADO ASOCIACIONESEn Alcalal\u00ed, existe un importante movimiento asociativo que contribuye a dinamizar y enriquecer con la organizaci\u00f3n de actividades y eventos, la vida social de la comunidad. Por ello, el Ayuntamiento les apoya en la difusi\u00f3n de los actos, eventos y actividades que organizan y en los apartados siguientes pod\u00e9is consultarlos. A continuaci\u00f3n se relacionan [&hellip;]<\/p>\n","protected":false},"author":2,"featured_media":0,"parent":0,"menu_order":0,"comment_status":"closed","ping_status":"closed","template":"","meta":{"_et_pb_use_builder":"on","_et_pb_old_content":"","_et_gb_content_width":"","_joinchat":[],"footnotes":""},"class_list":["post-30575","page","type-page","status-publish","hentry"],"_links":{"self":[{"href":"https:\/\/alcalali.es\/es\/wp-json\/wp\/v2\/pages\/30575","targetHints":{"allow":["GET"]}}],"collection":[{"href":"https:\/\/alcalali.es\/es\/wp-json\/wp\/v2\/pages"}],"about":[{"href":"https:\/\/alcalali.es\/es\/wp-json\/wp\/v2\/types\/page"}],"author":[{"embeddable":true,"href":"https:\/\/alcalali.es\/es\/wp-json\/wp\/v2\/users\/2"}],"replies":[{"embeddable":true,"href":"https:\/\/alcalali.es\/es\/wp-json\/wp\/v2\/comments?post=30575"}],"version-history":[{"count":8,"href":"https:\/\/alcalali.es\/es\/wp-json\/wp\/v2\/pages\/30575\/revisions"}],"predecessor-version":[{"id":34924,"href":"https:\/\/alcalali.es\/es\/wp-json\/wp\/v2\/pages\/30575\/revisions\/34924"}],"wp:attachment":[{"href":"https:\/\/alcalali.es\/es\/wp-json\/wp\/v2\/media?parent=30575"}],"curies":[{"name":"wp","href":"https:\/\/api.w.org\/{rel}","templated":true}]}}