{"id":30544,"date":"2024-03-05T12:00:28","date_gmt":"2024-03-05T12:00:28","guid":{"rendered":"https:\/\/alcalali.es\/?page_id=30544"},"modified":"2024-06-14T09:13:20","modified_gmt":"2024-06-14T09:13:20","slug":"formularios-y-documentacion","status":"publish","type":"page","link":"https:\/\/alcalali.es\/es\/formularios-y-documentacion\/","title":{"rendered":"Formularios y documentaci\u00f3n"},"content":{"rendered":"<p>[et_pb_section fb_built=\u00bb1&#8243; admin_label=\u00bbHeader\u00bb _builder_version=\u00bb4.24.2&#8243; _module_preset=\u00bbdefault\u00bb use_background_color_gradient=\u00bbon\u00bb background_color_gradient_stops=\u00bb#f2f0eb 0%|rgba(242,240,235,0) 100%\u00bb background_color_gradient_overlays_image=\u00bbon\u00bb background_image=\u00bbhttps:\/\/alcalali.es\/wp-content\/uploads\/2024\/02\/36-Jose-Miguel-Mengual.jpg\u00bb background_position=\u00bbbottom_center\u00bb background_vertical_offset=\u00bb20%\u00bb custom_padding=\u00bb5vw||5vw||true|false\u00bb border_radii=\u00bboff|||3vw|3vw\u00bb locked=\u00bboff\u00bb collapsed=\u00bbon\u00bb global_colors_info=\u00bb{}\u00bb][et_pb_row _builder_version=\u00bb4.24.0&#8243; _module_preset=\u00bbdefault\u00bb max_width=\u00bb1800px\u00bb global_colors_info=\u00bb{}\u00bb][et_pb_column type=\u00bb4_4&#8243; _builder_version=\u00bb4.22.0&#8243; _module_preset=\u00bbdefault\u00bb global_colors_info=\u00bb{}\u00bb][et_pb_text _builder_version=\u00bb4.24.2&#8243; _module_preset=\u00bb_initial\u00bb header_font=\u00bbInter|700|||||||\u00bb header_text_color=\u00bb#383838&#8243; header_font_size=\u00bb90px\u00bb header_line_height=\u00bb1.1em\u00bb text_orientation=\u00bbcenter\u00bb max_width=\u00bb1440px\u00bb module_alignment=\u00bbcenter\u00bb custom_margin=\u00bb||10px||false|false\u00bb header_font_size_tablet=\u00bb40px\u00bb header_font_size_phone=\u00bb24px\u00bb header_font_size_last_edited=\u00bbon|desktop\u00bb global_colors_info=\u00bb{}\u00bb]<\/p>\n<h1>FORMULARIOS Y DOCUMENTACI\u00d3N<\/h1>\n<p>[\/et_pb_text][\/et_pb_column][\/et_pb_row][\/et_pb_section][et_pb_section fb_built=\u00bb1&#8243; admin_label=\u00bbServices\u00bb _builder_version=\u00bb4.22.0&#8243; _module_preset=\u00bbdefault\u00bb custom_padding=\u00bb||90px|||\u00bb locked=\u00bboff\u00bb collapsed=\u00bbon\u00bb global_colors_info=\u00bb{}\u00bb][et_pb_row column_structure=\u00bb1_3,1_3,1_3&#8243; make_equal=\u00bbon\u00bb _builder_version=\u00bb4.24.2&#8243; _module_preset=\u00bbdefault\u00bb max_width=\u00bb1800px\u00bb locked=\u00bboff\u00bb global_colors_info=\u00bb{}\u00bb][et_pb_column type=\u00bb1_3&#8243; _builder_version=\u00bb4.24.2&#8243; _module_preset=\u00bbdefault\u00bb background_image=\u00bbhttps:\/\/alcalali.es\/wp-content\/uploads\/2024\/03\/sub-ribbon.jpg\u00bb background_size=\u00bbinitial\u00bb background_position=\u00bbbottom_center\u00bb background_vertical_offset=\u00bb-1%\u00bb background_repeat=\u00bbrepeat-x\u00bb custom_padding=\u00bb30px|30px|30px|30px|true|true\u00bb border_radii=\u00bbon|30px|30px|30px|30px\u00bb border_width_all=\u00bb2px\u00bb border_color_all=\u00bb#e4dacc\u00bb global_colors_info=\u00bb{}\u00bb][et_pb_text _builder_version=\u00bb4.24.2&#8243; _module_preset=\u00bb_initial\u00bb header_5_font=\u00bbInter|700|||||||\u00bb header_5_font_size=\u00bb20px\u00bb header_5_line_height=\u00bb1.4em\u00bb custom_margin=\u00bb||29px||false|false\u00bb header_5_font_size_tablet=\u00bb16px\u00bb header_5_font_size_phone=\u00bb14px\u00bb header_5_font_size_last_edited=\u00bbon|desktop\u00bb global_colors_info=\u00bb{}\u00bb]<\/p>\n<h5>Manual de Alta en guifi.net<\/h5>\n<p>[\/et_pb_text][et_pb_text _builder_version=\u00bb4.24.2&#8243; _module_preset=\u00bb_initial\u00bb text_font=\u00bb||||||||\u00bb text_line_height=\u00bb1.6em\u00bb link_text_color=\u00bb#383838&#8243; custom_margin=\u00bb||27px|||\u00bb global_colors_info=\u00bb{}\u00bb link_text_color__hover=\u00bb#EF8700&#8243; link_text_color__hover_enabled=\u00bbon|hover\u00bb]<\/p>\n<p>Darse de alta en <a href=\"https:\/\/guifi.net\/\" target=\"_blank\" rel=\"noopener nofollow\">guifi.net<\/a> puede conllevar a ciertas personas a confusi\u00f3n.<\/p>\n<p>A diferencia de otras webs, <a href=\"https:\/\/guifi.net\/\" target=\"_blank\" rel=\"noopener nofollow\">guifi.net<\/a> carece de un configurador del tipo rellenar\/seleccionar datos en un campo y pinchar sobre el icono siguiente, as\u00ed que es posible que algunos usarios de la red wifi de Alcalal\u00ed no hayan realizado el alta en esta web.<\/p>\n<p>Aqu\u00ed os dejamos un manual sobre los pasos a seguir para proceder al alta. Puedes descarg\u00e1rtelo y consultarlo.<\/p>\n<p>Recuerda algo muy importante: Darse de alta en <a href=\"https:\/\/guifi.net\/\" target=\"_blank\" rel=\"noopener nofollow\">guifi.net<\/a> NO implica que est\u00e9s dado de alta autom\u00e1ticamente en la red de Alcalal\u00ed para su uso; ni tampoco al contrario, que darte de alta como usuario de la red wifi municipal implique que lo est\u00e9s en <a href=\"https:\/\/guifi.net\/\" target=\"_blank\" rel=\"noopener nofollow\">guifi.net.<\/a><\/p>\n<ul>\n<li>Manual de alta en <a href=\"https:\/\/guifi.net\/\" target=\"_blank\" rel=\"noopener nofollow\">GUIFI.NET<\/a><\/li>\n<\/ul>\n<p>[\/et_pb_text][\/et_pb_column][et_pb_column type=\u00bb1_3&#8243; _builder_version=\u00bb4.24.2&#8243; _module_preset=\u00bbdefault\u00bb background_image=\u00bbhttps:\/\/alcalali.es\/wp-content\/uploads\/2024\/03\/sub-ribbon.jpg\u00bb background_size=\u00bbinitial\u00bb background_position=\u00bbbottom_center\u00bb background_vertical_offset=\u00bb-1%\u00bb background_repeat=\u00bbrepeat-x\u00bb custom_padding=\u00bb30px|30px|30px|30px|true|true\u00bb border_radii=\u00bbon|30px|30px|30px|30px\u00bb border_width_all=\u00bb2px\u00bb border_color_all=\u00bb#e4dacc\u00bb global_colors_info=\u00bb{}\u00bb][et_pb_text _builder_version=\u00bb4.24.2&#8243; _module_preset=\u00bb_initial\u00bb header_5_font=\u00bbInter|700|||||||\u00bb header_5_font_size=\u00bb20px\u00bb header_5_line_height=\u00bb1.4em\u00bb custom_margin=\u00bb||29px||false|false\u00bb header_5_font_size_tablet=\u00bb16px\u00bb header_5_font_size_phone=\u00bb14px\u00bb header_5_font_size_last_edited=\u00bbon|desktop\u00bb global_colors_info=\u00bb{}\u00bb]<\/p>\n<h5>Solicitud Usuario y Contrase\u00f1a<\/h5>\n<p>[\/et_pb_text][et_pb_text _builder_version=\u00bb4.24.2&#8243; _module_preset=\u00bb_initial\u00bb text_font=\u00bb||||||||\u00bb text_line_height=\u00bb1.6em\u00bb link_text_color=\u00bb#383838&#8243; global_colors_info=\u00bb{}\u00bb link_text_color__hover=\u00bb#EF8700&#8243; link_text_color__hover_enabled=\u00bbon|hover\u00bb]<\/p>\n<p class=\"email\">1.- Instala y configura tu antena<\/p>\n<p class=\"article\"><span>2.- Descarga el documento anexo <\/span>(\u00a0<a href=\"\/wp-content\/uploads\/archivos\/archivo277.pdf\" target=\"_blank\" rel=\"noopener\">Instancia de Solicitud<\/a>)<\/p>\n<p class=\"article\"><span class=\"hps\"><span>3.-Rell\u00e9nalo y env\u00edalo a: Ayuntamiento de Alcalal\u00ed, C\/ Mayor, 10 &#8211; 03728 Alcalali o a <\/span><\/span><a href=\"mailto:redwifi@jerica.es\">alcalali@alcalali.es<\/a>.<\/p>\n<p class=\"article\">La atenci\u00f3n al p\u00fablico se realizar\u00e1 en d\u00edas laborables de 8:00 a 15:00 en las oficinas municipales.<\/p>\n<p>4.- Deberas conocer y aceptar las condiciones:<\/p>\n<ul>\n<li>\n<p><a href=\"https:\/\/es.alcalali.es\/bd\/archivos\/archivo276.pdf\">Normas para el acceso a internet facilitado por el Ayuntamiento.<\/a><\/p>\n<\/li>\n<li>\n<p><a href=\"https:\/\/es.alcalali.es\/bd\/archivos\/archivo275.pdf\">Resoluci\u00f3n de la Comisi\u00f3n del Mercado de Telecomunicaciones<\/a><\/p>\n<\/li>\n<li>\n<p><a href=\"https:\/\/es.alcalali.es\/bd\/archivos\/archivo274.pdf\">Condiciones del Ministerio<\/a><\/p>\n<\/li>\n<\/ul>\n<p>[\/et_pb_text][\/et_pb_column][et_pb_column type=\u00bb1_3&#8243; _builder_version=\u00bb4.24.2&#8243; _module_preset=\u00bbdefault\u00bb background_image=\u00bbhttps:\/\/alcalali.es\/wp-content\/uploads\/2024\/03\/sub-ribbon.jpg\u00bb background_size=\u00bbinitial\u00bb background_position=\u00bbbottom_center\u00bb background_vertical_offset=\u00bb-1%\u00bb background_repeat=\u00bbrepeat-x\u00bb custom_padding=\u00bb30px|30px|30px|30px|true|true\u00bb border_radii=\u00bbon|30px|30px|30px|30px\u00bb border_width_all=\u00bb2px\u00bb border_color_all=\u00bb#e4dacc\u00bb global_colors_info=\u00bb{}\u00bb][et_pb_text _builder_version=\u00bb4.24.2&#8243; _module_preset=\u00bb_initial\u00bb header_5_font=\u00bbInter|700|||||||\u00bb header_5_font_size=\u00bb20px\u00bb header_5_line_height=\u00bb1.4em\u00bb custom_margin=\u00bb||29px||false|false\u00bb header_5_font_size_tablet=\u00bb16px\u00bb header_5_font_size_phone=\u00bb14px\u00bb header_5_font_size_last_edited=\u00bbon|desktop\u00bb global_colors_info=\u00bb{}\u00bb]<\/p>\n<h5>Configuraci\u00f3n de la NanoStation5<\/h5>\n<p>[\/et_pb_text][et_pb_text _builder_version=\u00bb4.24.2&#8243; _module_preset=\u00bb_initial\u00bb text_font=\u00bb||||||||\u00bb text_line_height=\u00bb1.6em\u00bb link_text_color=\u00bb#383838&#8243; global_colors_info=\u00bb{}\u00bb link_text_color__hover=\u00bb#EF8700&#8243; link_text_color__hover_enabled=\u00bbon|hover\u00bb]<\/p>\n<div class=\"leading clearfix\">\n<div class=\"contentpaneopen\">\n<p>(Usuarios medios en redes)<\/p>\n<\/div>\n<\/div>\n<div class=\"leading clearfix\">\n<div class=\"contentpaneopen\">\n<div class=\"article\">\n<p align=\"justify\">DESCARGA EL DOCUMENTO EN PDF<\/p>\n<\/div>\n<\/div>\n<\/div>\n<p>[\/et_pb_text][\/et_pb_column][\/et_pb_row][\/et_pb_section]<\/p>\n","protected":false},"excerpt":{"rendered":"<p>FORMULARIOS Y DOCUMENTACI\u00d3NManual de Alta en guifi.netDarse de alta en guifi.net puede conllevar a ciertas personas a confusi\u00f3n. A diferencia de otras webs, guifi.net carece de un configurador del tipo rellenar\/seleccionar datos en un campo y pinchar sobre el icono siguiente, as\u00ed que es posible que algunos usarios de la red wifi de Alcalal\u00ed no [&hellip;]<\/p>\n","protected":false},"author":2,"featured_media":0,"parent":0,"menu_order":0,"comment_status":"closed","ping_status":"closed","template":"","meta":{"_et_pb_use_builder":"on","_et_pb_old_content":"","_et_gb_content_width":"","_joinchat":[],"footnotes":""},"class_list":["post-30544","page","type-page","status-publish","hentry"],"_links":{"self":[{"href":"https:\/\/alcalali.es\/es\/wp-json\/wp\/v2\/pages\/30544","targetHints":{"allow":["GET"]}}],"collection":[{"href":"https:\/\/alcalali.es\/es\/wp-json\/wp\/v2\/pages"}],"about":[{"href":"https:\/\/alcalali.es\/es\/wp-json\/wp\/v2\/types\/page"}],"author":[{"embeddable":true,"href":"https:\/\/alcalali.es\/es\/wp-json\/wp\/v2\/users\/2"}],"replies":[{"embeddable":true,"href":"https:\/\/alcalali.es\/es\/wp-json\/wp\/v2\/comments?post=30544"}],"version-history":[{"count":5,"href":"https:\/\/alcalali.es\/es\/wp-json\/wp\/v2\/pages\/30544\/revisions"}],"predecessor-version":[{"id":31858,"href":"https:\/\/alcalali.es\/es\/wp-json\/wp\/v2\/pages\/30544\/revisions\/31858"}],"wp:attachment":[{"href":"https:\/\/alcalali.es\/es\/wp-json\/wp\/v2\/media?parent=30544"}],"curies":[{"name":"wp","href":"https:\/\/api.w.org\/{rel}","templated":true}]}}