{"id":30481,"date":"2024-03-05T11:28:46","date_gmt":"2024-03-05T11:28:46","guid":{"rendered":"https:\/\/alcalali.es\/?page_id=30481"},"modified":"2024-06-14T08:04:34","modified_gmt":"2024-06-14T08:04:34","slug":"aviso-legal-sede-electronica","status":"publish","type":"page","link":"https:\/\/alcalali.es\/es\/aviso-legal-sede-electronica\/","title":{"rendered":"Aviso legal Sede Electr\u00f3nica"},"content":{"rendered":"<p>[et_pb_section fb_built=\u00bb1&#8243; admin_label=\u00bbHeader\u00bb _builder_version=\u00bb4.24.2&#8243; _module_preset=\u00bbdefault\u00bb use_background_color_gradient=\u00bbon\u00bb background_color_gradient_stops=\u00bb#f2f0eb 0%|rgba(242,240,235,0) 100%\u00bb background_color_gradient_overlays_image=\u00bbon\u00bb background_image=\u00bbhttps:\/\/alcalali.es\/wp-content\/uploads\/2024\/03\/imagen103m.jpg\u00bb custom_padding=\u00bb5vw||5vw||true|false\u00bb border_radii=\u00bboff|||3vw|3vw\u00bb locked=\u00bboff\u00bb collapsed=\u00bbon\u00bb global_colors_info=\u00bb{}\u00bb][et_pb_row _builder_version=\u00bb4.24.0&#8243; _module_preset=\u00bbdefault\u00bb max_width=\u00bb1800px\u00bb global_colors_info=\u00bb{}\u00bb][et_pb_column type=\u00bb4_4&#8243; _builder_version=\u00bb4.22.0&#8243; _module_preset=\u00bbdefault\u00bb global_colors_info=\u00bb{}\u00bb][et_pb_text _builder_version=\u00bb4.24.2&#8243; _module_preset=\u00bb_initial\u00bb header_font=\u00bbInter|700|||||||\u00bb header_text_color=\u00bb#383838&#8243; header_font_size=\u00bb90px\u00bb header_line_height=\u00bb1.1em\u00bb text_orientation=\u00bbcenter\u00bb max_width=\u00bb1440px\u00bb module_alignment=\u00bbcenter\u00bb custom_margin=\u00bb||10px||false|false\u00bb header_font_size_tablet=\u00bb40px\u00bb header_font_size_phone=\u00bb24px\u00bb header_font_size_last_edited=\u00bbon|desktop\u00bb global_colors_info=\u00bb{}\u00bb]<\/p>\n<h1>AV\u00cdSO LEGAL SEDE ELECTR\u00d3NICA<\/h1>\n<p>[\/et_pb_text][\/et_pb_column][\/et_pb_row][\/et_pb_section][et_pb_section fb_built=\u00bb1&#8243; admin_label=\u00bbServices\u00bb _builder_version=\u00bb4.22.0&#8243; _module_preset=\u00bbdefault\u00bb width=\u00bb100%\u00bb custom_padding=\u00bb0px||32px|||\u00bb locked=\u00bboff\u00bb collapsed=\u00bbon\u00bb global_colors_info=\u00bb{}\u00bb][et_pb_row make_equal=\u00bbon\u00bb _builder_version=\u00bb4.24.2&#8243; _module_preset=\u00bbdefault\u00bb max_width=\u00bb1800px\u00bb locked=\u00bboff\u00bb global_colors_info=\u00bb{}\u00bb][et_pb_column type=\u00bb4_4&#8243; _builder_version=\u00bb4.24.2&#8243; _module_preset=\u00bbdefault\u00bb background_image=\u00bbhttps:\/\/alcalali.es\/wp-content\/uploads\/2024\/03\/sub-ribbon.jpg\u00bb background_size=\u00bbinitial\u00bb background_position=\u00bbbottom_center\u00bb background_vertical_offset=\u00bb-1%\u00bb background_repeat=\u00bbrepeat-x\u00bb custom_padding=\u00bb30px|30px|30px|30px|true|true\u00bb border_radii=\u00bbon|30px|30px|30px|30px\u00bb border_width_all=\u00bb2px\u00bb border_color_all=\u00bb#e4dacc\u00bb global_colors_info=\u00bb{}\u00bb][et_pb_text _builder_version=\u00bb4.24.2&#8243; _module_preset=\u00bb_initial\u00bb text_font=\u00bb||||||||\u00bb text_line_height=\u00bb1.6em\u00bb link_text_color=\u00bb#383838&#8243; global_colors_info=\u00bb{}\u00bb link_text_color__hover=\u00bb#EF8700&#8243; link_text_color__hover_enabled=\u00bbon|hover\u00bb]<\/p>\n<p>Conscientes de la necesidad de impulsar la administraci\u00f3n electr\u00f3nica que rige el principio de eficacia que proclama el <a href=\"https:\/\/noticias.juridicas.com\/base_datos\/Admin\/constitucion.t4.html#a103\" target=\"_blank\" rel=\"noopener nofollow\">art\u00edculo 103 de nuestra Constituci\u00f3n<\/a>, y en consonancia con la <strong>Ley 11\/2007, de 22 de junio, de acceso electr\u00f3nico de los ciudadanos a los Servicios P\u00fablicos<\/strong>, el Ayuntamiento de Alcalal\u00ed ha creado bajo el nombre de \u201cDESDE SU CASA\u201d lo que en un futuro pr\u00f3ximo esperemos que sea parte de la SEDE ELECTRONICA, integrando contenidos que faciliten los tramites con esta administraci\u00f3n sin que por el momento puedan gozar de todos los privilegios que se prev\u00e9n en la mencionada Ley, dado la insuficiencia de recursos tanto humanos como materiales de los que disponemos.<\/p>\n<p><strong>La Ley 11\/2007, de 22 de junio, de acceso electr\u00f3nico de los ciudadanos a los Servicios P\u00fablicos<\/strong> reconoce el derecho de los ciudadanos a relacionarse con las Administraciones P\u00fablicas por medios electr\u00f3nicos y regula los aspectos b\u00e1sicos de la utilizaci\u00f3n de las tecnolog\u00edas de la informaci\u00f3n en la actividad administrativa, en las relaciones entre las Administraciones P\u00fablicas, as\u00ed como en las relaciones de los ciudadanos con las mismas con la finalidad de garantizar sus derechos, un tratamiento com\u00fan ante ellas y la validez y eficacia de la actividad administrativa en condiciones de seguridad jur\u00eddica.<\/p>\n<p>[\/et_pb_text][\/et_pb_column][\/et_pb_row][\/et_pb_section][et_pb_section fb_built=\u00bb1&#8243; admin_label=\u00bbServices\u00bb _builder_version=\u00bb4.22.0&#8243; _module_preset=\u00bbdefault\u00bb custom_padding=\u00bb||32px|||\u00bb locked=\u00bboff\u00bb collapsed=\u00bbon\u00bb global_colors_info=\u00bb{}\u00bb][\/et_pb_section]<\/p>\n","protected":false},"excerpt":{"rendered":"<p>AV\u00cdSO LEGAL SEDE ELECTR\u00d3NICAConscientes de la necesidad de impulsar la administraci\u00f3n electr\u00f3nica que rige el principio de eficacia que proclama el art\u00edculo 103 de nuestra Constituci\u00f3n, y en consonancia con la Ley 11\/2007, de 22 de junio, de acceso electr\u00f3nico de los ciudadanos a los Servicios P\u00fablicos, el Ayuntamiento de Alcalal\u00ed ha creado bajo el [&hellip;]<\/p>\n","protected":false},"author":2,"featured_media":0,"parent":0,"menu_order":0,"comment_status":"closed","ping_status":"closed","template":"","meta":{"_et_pb_use_builder":"on","_et_pb_old_content":"","_et_gb_content_width":"","_joinchat":[],"footnotes":""},"class_list":["post-30481","page","type-page","status-publish","hentry"],"_links":{"self":[{"href":"https:\/\/alcalali.es\/es\/wp-json\/wp\/v2\/pages\/30481","targetHints":{"allow":["GET"]}}],"collection":[{"href":"https:\/\/alcalali.es\/es\/wp-json\/wp\/v2\/pages"}],"about":[{"href":"https:\/\/alcalali.es\/es\/wp-json\/wp\/v2\/types\/page"}],"author":[{"embeddable":true,"href":"https:\/\/alcalali.es\/es\/wp-json\/wp\/v2\/users\/2"}],"replies":[{"embeddable":true,"href":"https:\/\/alcalali.es\/es\/wp-json\/wp\/v2\/comments?post=30481"}],"version-history":[{"count":5,"href":"https:\/\/alcalali.es\/es\/wp-json\/wp\/v2\/pages\/30481\/revisions"}],"predecessor-version":[{"id":31845,"href":"https:\/\/alcalali.es\/es\/wp-json\/wp\/v2\/pages\/30481\/revisions\/31845"}],"wp:attachment":[{"href":"https:\/\/alcalali.es\/es\/wp-json\/wp\/v2\/media?parent=30481"}],"curies":[{"name":"wp","href":"https:\/\/api.w.org\/{rel}","templated":true}]}}