{"id":30428,"date":"2024-03-05T09:50:42","date_gmt":"2024-03-05T09:50:42","guid":{"rendered":"https:\/\/alcalali.es\/?page_id=30428"},"modified":"2024-07-08T07:50:19","modified_gmt":"2024-07-08T07:50:19","slug":"servicios-sociales","status":"publish","type":"page","link":"https:\/\/alcalali.es\/es\/servicios-sociales\/","title":{"rendered":"Servicios sociales"},"content":{"rendered":"<p>[et_pb_section fb_built=\u00bb1&#8243; admin_label=\u00bbHeader\u00bb _builder_version=\u00bb4.24.2&#8243; _module_preset=\u00bbdefault\u00bb use_background_color_gradient=\u00bbon\u00bb background_color_gradient_stops=\u00bb#f2f0eb 0%|rgba(242,240,235,0.45) 100%\u00bb background_color_gradient_overlays_image=\u00bbon\u00bb background_image=\u00bbhttps:\/\/alcalali.es\/wp-content\/uploads\/2024\/03\/serveis-socials-alcalali.jpg\u00bb background_position=\u00bbbottom_center\u00bb custom_padding=\u00bb5vw||5vw||true|false\u00bb border_radii=\u00bboff|||3vw|3vw\u00bb locked=\u00bboff\u00bb collapsed=\u00bbon\u00bb global_colors_info=\u00bb{}\u00bb][et_pb_row _builder_version=\u00bb4.24.0&#8243; _module_preset=\u00bbdefault\u00bb max_width=\u00bb1800px\u00bb global_colors_info=\u00bb{}\u00bb][et_pb_column type=\u00bb4_4&#8243; _builder_version=\u00bb4.22.0&#8243; _module_preset=\u00bbdefault\u00bb global_colors_info=\u00bb{}\u00bb][et_pb_text _builder_version=\u00bb4.24.2&#8243; _module_preset=\u00bb_initial\u00bb header_font=\u00bbInter|700|||||||\u00bb header_text_color=\u00bb#383838&#8243; header_font_size=\u00bb90px\u00bb header_line_height=\u00bb1.1em\u00bb text_orientation=\u00bbcenter\u00bb max_width=\u00bb1440px\u00bb module_alignment=\u00bbcenter\u00bb custom_margin=\u00bb||10px||false|false\u00bb header_font_size_tablet=\u00bb40px\u00bb header_font_size_phone=\u00bb24px\u00bb header_font_size_last_edited=\u00bbon|desktop\u00bb global_colors_info=\u00bb{}\u00bb]<\/p>\n<h1>SERVICIOS SOCIALES<\/h1>\n<p>[\/et_pb_text][\/et_pb_column][\/et_pb_row][\/et_pb_section][et_pb_section fb_built=\u00bb1&#8243; admin_label=\u00bbServices\u00bb _builder_version=\u00bb4.22.0&#8243; _module_preset=\u00bbdefault\u00bb custom_padding=\u00bb||32px|||\u00bb locked=\u00bboff\u00bb collapsed=\u00bbon\u00bb global_colors_info=\u00bb{}\u00bb][et_pb_row _builder_version=\u00bb4.24.2&#8243; _module_preset=\u00bbdefault\u00bb max_width=\u00bb1800px\u00bb locked=\u00bboff\u00bb global_colors_info=\u00bb{}\u00bb][et_pb_column type=\u00bb4_4&#8243; _builder_version=\u00bb4.22.0&#8243; _module_preset=\u00bbdefault\u00bb global_colors_info=\u00bb{}\u00bb][et_pb_text _builder_version=\u00bb4.24.2&#8243; _module_preset=\u00bb_initial\u00bb text_font=\u00bb||||||||\u00bb text_line_height=\u00bb1.6em\u00bb link_text_color=\u00bb#383838&#8243; header_2_font=\u00bbInter|700|||||||\u00bb header_2_font_size=\u00bb48px\u00bb header_2_line_height=\u00bb1.2em\u00bb header_3_line_height=\u00bb1.4em\u00bb custom_margin=\u00bb||10px||false|false\u00bb header_2_font_size_tablet=\u00bb32px\u00bb header_2_font_size_phone=\u00bb20px\u00bb header_2_font_size_last_edited=\u00bbon|desktop\u00bb locked=\u00bboff\u00bb global_colors_info=\u00bb{}\u00bb link_text_color__hover=\u00bb#EF8700&#8243; link_text_color__hover_enabled=\u00bbon|hover\u00bb]<\/p>\n<h3>El Ayuntamiento de Alcalal\u00ed presta los Servicios Sociales a trav\u00e9s de la <a href=\"http:\/\/massma.org\/\" rel=\"nofollow noopener\" target=\"_blank\"><strong>Mancomunidad de Servicios Sociales de la Marina Alta (MASSMA)<\/strong><\/a>, con sede central en el municipio de Orba. Esta Mancomunidad est\u00e1 formada por 20 municipios y est\u00e1 presidida por D. Joan Ignasi Cervera Arbona.<\/h3>\n<p>[\/et_pb_text][\/et_pb_column][\/et_pb_row][\/et_pb_section][et_pb_section fb_built=\u00bb1&#8243; admin_label=\u00bbServices\u00bb _builder_version=\u00bb4.22.0&#8243; _module_preset=\u00bbdefault\u00bb width=\u00bb100%\u00bb custom_padding=\u00bb0px||90px|||\u00bb locked=\u00bboff\u00bb collapsed=\u00bbon\u00bb global_colors_info=\u00bb{}\u00bb][et_pb_row column_structure=\u00bb1_2,1_2&#8243; make_equal=\u00bbon\u00bb _builder_version=\u00bb4.24.2&#8243; _module_preset=\u00bbdefault\u00bb max_width=\u00bb1800px\u00bb locked=\u00bboff\u00bb global_colors_info=\u00bb{}\u00bb][et_pb_column type=\u00bb1_2&#8243; _builder_version=\u00bb4.24.2&#8243; _module_preset=\u00bbdefault\u00bb background_image=\u00bbhttps:\/\/alcalali.es\/wp-content\/uploads\/2024\/03\/sub-ribbon.jpg\u00bb background_size=\u00bbinitial\u00bb background_position=\u00bbbottom_center\u00bb background_vertical_offset=\u00bb-1%\u00bb background_repeat=\u00bbrepeat-x\u00bb custom_padding=\u00bb30px|30px|30px|30px|true|true\u00bb border_radii=\u00bbon|30px|30px|30px|30px\u00bb border_width_all=\u00bb2px\u00bb border_color_all=\u00bb#e4dacc\u00bb global_colors_info=\u00bb{}\u00bb][et_pb_text _builder_version=\u00bb4.24.2&#8243; _module_preset=\u00bb_initial\u00bb header_5_font=\u00bbInter|700|||||||\u00bb header_5_font_size=\u00bb20px\u00bb header_5_line_height=\u00bb1.4em\u00bb text_orientation=\u00bbcenter\u00bb custom_margin=\u00bb||24px||false|false\u00bb header_5_font_size_tablet=\u00bb16px\u00bb header_5_font_size_phone=\u00bb14px\u00bb header_5_font_size_last_edited=\u00bbon|desktop\u00bb global_colors_info=\u00bb{}\u00bb]<\/p>\n<h3><strong>SERVICIOS:<\/strong><\/h3>\n<p>[\/et_pb_text][et_pb_text _builder_version=\u00bb4.24.2&#8243; _module_preset=\u00bb_initial\u00bb text_font=\u00bb||||||||\u00bb text_line_height=\u00bb1.6em\u00bb link_text_color=\u00bb#383838&#8243; global_colors_info=\u00bb{}\u00bb link_text_color__hover=\u00bb#EF8700&#8243; link_text_color__hover_enabled=\u00bbon|hover\u00bb]<\/p>\n<ul>\n<li>Informaci\u00f3n, orientaci\u00f3n y asesoramiento de recursos y prestaciones sociales.<\/li>\n<li>Seguimiento del reconocimiento del grado de discapacidad.<\/li>\n<li>Tarjeta de estacionamiento para personas con movilidad reducida.<\/li>\n<li>Dict\u00e1men de movilidad reducida.<\/li>\n<li>Tarjeta para personas con discapacidad.<\/li>\n<li>Pensiones no contributivas de jubilaci\u00f3n e invalidez.<\/li>\n<li>Servicio de teleasistencia domiciliaria.<\/li>\n<li>Servicio de Ayuda a domicilio.<\/li>\n<li>Valoraci\u00f3n y propuesta de expedientes de desprotecci\u00f3n de menores, tercera edad, enfermos mentales, desamparo, intervenci\u00f3n residencial, etc.<\/li>\n<li>Programa termalismo.<\/li>\n<li>Tarjetas de asistencia sanitaria para extranjeros y ciudadanos sin recursos.<\/li>\n<li>Ingresos residenciales tercera edad.<\/li>\n<li>Ingresos en centro: mujer, menor, minusv\u00e1lidos, enfermos mentales<\/li>\n<\/ul>\n<p>[\/et_pb_text][\/et_pb_column][et_pb_column type=\u00bb1_2&#8243; _builder_version=\u00bb4.24.2&#8243; _module_preset=\u00bbdefault\u00bb background_image=\u00bbhttps:\/\/alcalali.es\/wp-content\/uploads\/2024\/03\/sub-ribbon.jpg\u00bb background_size=\u00bbinitial\u00bb background_position=\u00bbbottom_center\u00bb background_vertical_offset=\u00bb-1%\u00bb background_repeat=\u00bbrepeat-x\u00bb custom_padding=\u00bb30px|30px|30px|30px|true|true\u00bb border_radii=\u00bbon|30px|30px|30px|30px\u00bb border_width_all=\u00bb2px\u00bb border_color_all=\u00bb#e4dacc\u00bb global_colors_info=\u00bb{}\u00bb][et_pb_text _builder_version=\u00bb4.24.2&#8243; _module_preset=\u00bb_initial\u00bb text_font=\u00bb||||||||\u00bb text_line_height=\u00bb1.6em\u00bb link_text_color=\u00bb#383838&#8243; global_colors_info=\u00bb{}\u00bb link_text_color__hover=\u00bb#EF8700&#8243; link_text_color__hover_enabled=\u00bbon|hover\u00bb]<\/p>\n<ul>\n<li>Casos de violencia de g\u00e9nero, asesoramiento y derivaci\u00f3n.<\/li>\n<li>Protocolo asistencia m\u00f3vil para las v\u00edctimas de violencia de g\u00e9nero.<\/li>\n<li>Acogimientos familiares y adopciones.<\/li>\n<li>Casos fiscal\u00eda de menores, informes y seguimiento de medidas judiciales en medio abierto.<\/li>\n<li>Casos penitenciaria, medidas de prestaci\u00f3n de trabajo en beneficio de la comunidad, liberados condicionales.<\/li>\n<li>Informe Subdelegaci\u00f3n de Gobierno Extranjeros: valoraci\u00f3n vivienda, reagrupaci\u00f3n familiar, autorizaci\u00f3n en modalidad de arraigo social.<\/li>\n<li>Informes t\u00e9cnicos de valoraci\u00f3n de ayudas y subvenciones de otras Conseller\u00edas, Diputaci\u00f3n,<\/li>\n<li>Departamentos Institucionales.<\/li>\n<li>Informes sociales de peritaje a petici\u00f3n de organismos p\u00fablicos.<\/li>\n<li>Renta garantizada de ciudadan\u00eda.<\/li>\n<li>Prestaciones econ\u00f3micas individualizadas de emergencia social.<\/li>\n<li>T\u00edtulos de fam\u00edlias numerosas y monoparentales.<\/li>\n<li>Programa de vacaciones de la tercera edad.<\/li>\n<li>Abono social telef\u00f3nica.<\/li>\n<li>Tarjeta del mayor.<\/li>\n<li>Tarjeta cultural de la tercera edad.<\/li>\n<li>Atenci\u00f3n a las personas en situaci\u00f3n de dependencia.<\/li>\n<\/ul>\n<p>[\/et_pb_text][\/et_pb_column][\/et_pb_row][et_pb_row column_structure=\u00bb1_2,1_2&#8243; make_equal=\u00bbon\u00bb _builder_version=\u00bb4.24.2&#8243; _module_preset=\u00bbdefault\u00bb max_width=\u00bb1800px\u00bb locked=\u00bboff\u00bb global_colors_info=\u00bb{}\u00bb][et_pb_column type=\u00bb1_2&#8243; _builder_version=\u00bb4.24.2&#8243; _module_preset=\u00bbdefault\u00bb background_image=\u00bbhttps:\/\/alcalali.es\/wp-content\/uploads\/2024\/03\/sub-ribbon.jpg\u00bb background_size=\u00bbinitial\u00bb background_position=\u00bbbottom_center\u00bb background_vertical_offset=\u00bb-1%\u00bb background_repeat=\u00bbrepeat-x\u00bb custom_padding=\u00bb30px|30px|30px|30px|true|true\u00bb border_radii=\u00bbon|30px|30px|30px|30px\u00bb border_width_all=\u00bb2px\u00bb border_color_all=\u00bb#e4dacc\u00bb global_colors_info=\u00bb{}\u00bb][et_pb_text _builder_version=\u00bb4.24.2&#8243; _module_preset=\u00bb_initial\u00bb text_font=\u00bb||||||||\u00bb text_line_height=\u00bb1.6em\u00bb link_text_color=\u00bb#383838&#8243; global_colors_info=\u00bb{}\u00bb link_text_color__hover=\u00bb#EF8700&#8243; link_text_color__hover_enabled=\u00bbon|hover\u00bb]<\/p>\n<p><strong style=\"font-size: 16px;\">Servicio de Asesor\u00eda Jur\u00eddica:<\/strong><strong><\/strong><\/p>\n<p>El Servicio de Asesor\u00eda Jur\u00eddica de la MASSMA se presta los jueves de 17 a 19:30, en el despacho de servicios sociales del Ayuntamiento de Beniarbeig.<\/p>\n<p>Abogada: Isabel S\u00e1nchez<\/p>\n<p>El tel\u00e9fono de contacto es: 96.576.60.18<\/p>\n<p>&nbsp;<\/p>\n<p><strong>Servicios sociales:<\/strong><\/p>\n<p>Persona de contacto: Herminia Mu\u00f1oz Mart\u00ednez<\/p>\n<p>E-mail: hmunoz@massma.org<\/p>\n<p>Horario de atenci\u00f3n: Lunes de 10 a 13.30 horas.<\/p>\n<p>Es necesario concertar cita previa llamando a 638.237.406.<\/p>\n<p>&nbsp;<\/p>\n<p>[\/et_pb_text][\/et_pb_column][et_pb_column type=\u00bb1_2&#8243; _builder_version=\u00bb4.24.2&#8243; _module_preset=\u00bbdefault\u00bb background_image=\u00bbhttps:\/\/alcalali.es\/wp-content\/uploads\/2024\/03\/sub-ribbon.jpg\u00bb background_size=\u00bbinitial\u00bb background_position=\u00bbbottom_center\u00bb background_vertical_offset=\u00bb-1%\u00bb background_repeat=\u00bbrepeat-x\u00bb custom_padding=\u00bb30px|30px|30px|30px|true|true\u00bb border_radii=\u00bbon|30px|30px|30px|30px\u00bb border_width_all=\u00bb2px\u00bb border_color_all=\u00bb#e4dacc\u00bb global_colors_info=\u00bb{}\u00bb][et_pb_text _builder_version=\u00bb4.24.2&#8243; _module_preset=\u00bb_initial\u00bb header_5_font=\u00bbInter|700|||||||\u00bb header_5_font_size=\u00bb20px\u00bb header_5_line_height=\u00bb1.4em\u00bb text_orientation=\u00bbcenter\u00bb custom_margin=\u00bb||24px||false|false\u00bb header_5_font_size_tablet=\u00bb16px\u00bb header_5_font_size_phone=\u00bb14px\u00bb header_5_font_size_last_edited=\u00bbon|desktop\u00bb global_colors_info=\u00bb{}\u00bb]<\/p>\n<h3><strong>PROGRAMAS QUE SE REALIZAN:<\/strong><\/h3>\n<p>[\/et_pb_text][et_pb_text _builder_version=\u00bb4.24.2&#8243; _module_preset=\u00bb_initial\u00bb text_font=\u00bb||||||||\u00bb text_line_height=\u00bb1.6em\u00bb link_text_color=\u00bb#383838&#8243; global_colors_info=\u00bb{}\u00bb link_text_color__hover=\u00bb#EF8700&#8243; link_text_color__hover_enabled=\u00bbon|hover\u00bb]<\/p>\n<ul>\n<li>Servicio de ayuda a domicilio.<\/li>\n<li>Servicio de atenci\u00f3n a la dependencia.<\/li>\n<li>Servicios especializados de atenci\u00f3n a la familia y a la infancia.<\/li>\n<li>Programa de estimulaci\u00f3n cognitiva para las personas dependientes.<\/li>\n<li>Unidad de Prevenci\u00f3n Comunitaria de Conductas Adictivas.<\/li>\n<li>Programa de cualificaci\u00f3n profesional inicial de jardiner\u00eda.<\/li>\n<li>Programa de ayudas de emergencia social.<\/li>\n<li>Atenci\u00f3n a la mujer en situaci\u00f3n de desigualdad.<\/li>\n<li>Servicio de atenci\u00f3n jur\u00eddica a las mujeres.<\/li>\n<li>Prevenci\u00f3n del absentismo escolar.<\/li>\n<li>Trabajo social penitenciario.<\/li>\n<li>Atenci\u00f3n al inmigrante.<\/li>\n<li>Programa de acogimiento familiar.<\/li>\n<li>Programa de teleasistencia domiciliaria.<\/li>\n<\/ul>\n<p>[\/et_pb_text][\/et_pb_column][\/et_pb_row][\/et_pb_section]<\/p>\n","protected":false},"excerpt":{"rendered":"<p>SERVICIOS SOCIALESEl Ayuntamiento de Alcalal\u00ed presta los Servicios Sociales a trav\u00e9s de la Mancomunidad de Servicios Sociales de la Marina Alta (MASSMA), con sede central en el municipio de Orba. Esta Mancomunidad est\u00e1 formada por 20 municipios y est\u00e1 presidida por D. Joan Ignasi Cervera Arbona.SERVICIOS: Informaci\u00f3n, orientaci\u00f3n y asesoramiento de recursos y prestaciones sociales. [&hellip;]<\/p>\n","protected":false},"author":2,"featured_media":0,"parent":0,"menu_order":0,"comment_status":"closed","ping_status":"closed","template":"","meta":{"_et_pb_use_builder":"on","_et_pb_old_content":"","_et_gb_content_width":"","_joinchat":[],"footnotes":""},"class_list":["post-30428","page","type-page","status-publish","hentry"],"_links":{"self":[{"href":"https:\/\/alcalali.es\/es\/wp-json\/wp\/v2\/pages\/30428","targetHints":{"allow":["GET"]}}],"collection":[{"href":"https:\/\/alcalali.es\/es\/wp-json\/wp\/v2\/pages"}],"about":[{"href":"https:\/\/alcalali.es\/es\/wp-json\/wp\/v2\/types\/page"}],"author":[{"embeddable":true,"href":"https:\/\/alcalali.es\/es\/wp-json\/wp\/v2\/users\/2"}],"replies":[{"embeddable":true,"href":"https:\/\/alcalali.es\/es\/wp-json\/wp\/v2\/comments?post=30428"}],"version-history":[{"count":6,"href":"https:\/\/alcalali.es\/es\/wp-json\/wp\/v2\/pages\/30428\/revisions"}],"predecessor-version":[{"id":32212,"href":"https:\/\/alcalali.es\/es\/wp-json\/wp\/v2\/pages\/30428\/revisions\/32212"}],"wp:attachment":[{"href":"https:\/\/alcalali.es\/es\/wp-json\/wp\/v2\/media?parent=30428"}],"curies":[{"name":"wp","href":"https:\/\/api.w.org\/{rel}","templated":true}]}}