{"id":30411,"date":"2024-03-01T09:58:29","date_gmt":"2024-03-01T09:58:29","guid":{"rendered":"https:\/\/alcalali.es\/?page_id=30411"},"modified":"2024-06-14T08:40:41","modified_gmt":"2024-06-14T08:40:41","slug":"cultura-y-educacion","status":"publish","type":"page","link":"https:\/\/alcalali.es\/es\/cultura-y-educacion\/","title":{"rendered":"Cultura y educaci\u00f3n"},"content":{"rendered":"<p>[et_pb_section fb_built=\u00bb1&#8243; admin_label=\u00bbHeader\u00bb _builder_version=\u00bb4.24.2&#8243; _module_preset=\u00bbdefault\u00bb use_background_color_gradient=\u00bbon\u00bb background_color_gradient_stops=\u00bb#f2f0eb 0%|rgba(242,240,235,0) 100%\u00bb background_color_gradient_overlays_image=\u00bbon\u00bb background_image=\u00bbhttps:\/\/alcalali.es\/wp-content\/uploads\/2024\/03\/Feslali-Alcalali-en-flor-1.jpg\u00bb background_position=\u00bbtop_center\u00bb background_vertical_offset=\u00bb46%\u00bb custom_padding=\u00bb5vw||5vw||true|false\u00bb border_radii=\u00bboff|||3vw|3vw\u00bb locked=\u00bboff\u00bb collapsed=\u00bbon\u00bb global_colors_info=\u00bb{}\u00bb][et_pb_row _builder_version=\u00bb4.24.0&#8243; _module_preset=\u00bbdefault\u00bb max_width=\u00bb1800px\u00bb global_colors_info=\u00bb{}\u00bb][et_pb_column type=\u00bb4_4&#8243; _builder_version=\u00bb4.22.0&#8243; _module_preset=\u00bbdefault\u00bb global_colors_info=\u00bb{}\u00bb][et_pb_text _builder_version=\u00bb4.24.2&#8243; _module_preset=\u00bb_initial\u00bb header_font=\u00bbInter|700|||||||\u00bb header_text_color=\u00bb#383838&#8243; header_font_size=\u00bb90px\u00bb header_line_height=\u00bb1.1em\u00bb text_orientation=\u00bbcenter\u00bb max_width=\u00bb1440px\u00bb module_alignment=\u00bbcenter\u00bb custom_margin=\u00bb||10px||false|false\u00bb header_font_size_tablet=\u00bb40px\u00bb header_font_size_phone=\u00bb24px\u00bb header_font_size_last_edited=\u00bbon|desktop\u00bb global_colors_info=\u00bb{}\u00bb]<\/p>\n<h1>CULTURA Y EDUCACI\u00d3N<\/h1>\n<p>[\/et_pb_text][\/et_pb_column][\/et_pb_row][\/et_pb_section][et_pb_section fb_built=\u00bb1&#8243; admin_label=\u00bbServices\u00bb _builder_version=\u00bb4.22.0&#8243; _module_preset=\u00bbdefault\u00bb custom_padding=\u00bb||32px|||\u00bb locked=\u00bboff\u00bb collapsed=\u00bbon\u00bb global_colors_info=\u00bb{}\u00bb][et_pb_row column_structure=\u00bb1_3,1_3,1_3&#8243; _builder_version=\u00bb4.22.0&#8243; _module_preset=\u00bbdefault\u00bb max_width=\u00bb1800px\u00bb global_colors_info=\u00bb{}\u00bb][et_pb_column type=\u00bb1_3&#8243; _builder_version=\u00bb4.22.0&#8243; _module_preset=\u00bbdefault\u00bb global_colors_info=\u00bb{}\u00bb][et_pb_text _builder_version=\u00bb4.24.2&#8243; _module_preset=\u00bb_initial\u00bb header_2_font=\u00bbInter|700|||||||\u00bb header_2_font_size=\u00bb48px\u00bb header_2_line_height=\u00bb1.2em\u00bb text_orientation=\u00bbright\u00bb custom_margin=\u00bb||10px||false|false\u00bb header_2_font_size_tablet=\u00bb32px\u00bb header_2_font_size_phone=\u00bb20px\u00bb header_2_font_size_last_edited=\u00bbon|desktop\u00bb global_colors_info=\u00bb{}\u00bb]<\/p>\n<h2>Cultura<\/h2>\n<p>[\/et_pb_text][\/et_pb_column][et_pb_column type=\u00bb1_3&#8243; _builder_version=\u00bb4.22.0&#8243; _module_preset=\u00bbdefault\u00bb global_colors_info=\u00bb{}\u00bb][et_pb_text _builder_version=\u00bb4.24.2&#8243; _module_preset=\u00bb_initial\u00bb header_5_font=\u00bbInter|700|||||||\u00bb header_5_font_size=\u00bb20px\u00bb header_5_line_height=\u00bb1.4em\u00bb custom_margin=\u00bb23px||0px||false|false\u00bb header_5_font_size_tablet=\u00bb16px\u00bb header_5_font_size_phone=\u00bb14px\u00bb header_5_font_size_last_edited=\u00bbon|desktop\u00bb global_colors_info=\u00bb{}\u00bb]<\/p>\n<p><strong>ACTIVIDADES CULTURALES<\/strong><\/p>\n<p>&nbsp;<\/p>\n<p>[\/et_pb_text][et_pb_text _builder_version=\u00bb4.24.2&#8243; _module_preset=\u00bb_initial\u00bb text_font=\u00bb||||||||\u00bb text_line_height=\u00bb1.6em\u00bb global_colors_info=\u00bb{}\u00bb]<\/p>\n<p>El Ayuntamiento durante todo el a\u00f1o promueve actividades de car\u00e1cter cultural y tambi\u00e9n l\u00fadico y de ocio. Estas acciones se organizan en colaboraci\u00f3n con la Excma. Diputaci\u00f3n Provincial de Alicante y con la Mancomunidad Cultural de la Marina Alta.<\/p>\n<p>Con motivo de fechas se\u00f1aladas como Navidad, Semana Santa, 9 d&#8217;Octubre, fiestas patronales etc., el Ayuntamiento organiza teatros, conciertos, talleres, exposiciones, concursos de dibujos etc, dirigidos a todos los p\u00fablicos.<\/p>\n<p>El municipio cuenta adem\u00e1s con un importante movimiento asociativo que organiza actividades interesantes y diversas. En la programaci\u00f3n cultural anual podemos encontrar desde clases de mosaico hasta clases de filosof\u00eda, baile, astronom\u00eda, etc.<\/p>\n<p>El Ayuntamiento colabora con la cesi\u00f3n de las aulas necesarias del Centro C\u00edvico y del Edificio Multiusos.<\/p>\n<p>[\/et_pb_text][\/et_pb_column][et_pb_column type=\u00bb1_3&#8243; _builder_version=\u00bb4.22.0&#8243; _module_preset=\u00bbdefault\u00bb global_colors_info=\u00bb{}\u00bb][et_pb_image src=\u00bbhttps:\/\/alcalali.es\/wp-content\/uploads\/2024\/03\/Tabalet-1.jpg\u00bb title_text=\u00bbTabalet-1&#8243; _builder_version=\u00bb4.24.2&#8243; _module_preset=\u00bbdefault\u00bb scroll_vertical_motion_enable=\u00bbon\u00bb scroll_vertical_motion=\u00bb0|70|70|100|0.3|0|0.4&#8243; motion_trigger_start=\u00bbtop\u00bb border_radii=\u00bbon|15px|15px|15px|15px\u00bb border_width_all=\u00bb5px\u00bb border_color_all=\u00bb#A3A3A3&#8243; global_colors_info=\u00bb{}\u00bb][\/et_pb_image][\/et_pb_column][\/et_pb_row][\/et_pb_section][et_pb_section fb_built=\u00bb1&#8243; admin_label=\u00bbFeature\u00bb _builder_version=\u00bb4.22.0&#8243; _module_preset=\u00bbdefault\u00bb custom_padding=\u00bb32px|||||\u00bb collapsed=\u00bbon\u00bb global_colors_info=\u00bb{}\u00bb][et_pb_row column_structure=\u00bb1_2,1_2&#8243; make_equal=\u00bbon\u00bb _builder_version=\u00bb4.24.0&#8243; _module_preset=\u00bbdefault\u00bb max_width=\u00bb1800px\u00bb global_colors_info=\u00bb{}\u00bb][et_pb_column type=\u00bb1_2&#8243; _builder_version=\u00bb4.22.0&#8243; _module_preset=\u00bbdefault\u00bb global_colors_info=\u00bb{}\u00bb][et_pb_image src=\u00bbhttps:\/\/alcalali.es\/wp-content\/uploads\/2024\/03\/CRA-Terra-de-Riuraus-ALCALALI.jpg\u00bb title_text=\u00bbCRA-Terra-de-Riuraus&#8212;ALCALAL\u00cd\u00bb force_fullwidth=\u00bbon\u00bb _builder_version=\u00bb4.24.2&#8243; _module_preset=\u00bbdefault\u00bb scroll_horizontal_motion_enable=\u00bbon\u00bb scroll_horizontal_motion=\u00bb0|70|70|100|0.3|0|0&#8243; motion_trigger_start=\u00bbtop\u00bb border_radii=\u00bbon|30px|30px|30px|30px\u00bb border_width_all=\u00bb5px\u00bb border_color_all=\u00bb#E4DACC\u00bb locked=\u00bboff\u00bb global_colors_info=\u00bb{}\u00bb][\/et_pb_image][\/et_pb_column][et_pb_column type=\u00bb1_2&#8243; _builder_version=\u00bb4.24.0&#8243; _module_preset=\u00bbdefault\u00bb background_color=\u00bbgcid-a93f2103-1d8b-43bb-b21d-81d84bba8b15&#8243; custom_padding=\u00bb60px|60px|60px|60px|true|true\u00bb custom_padding_tablet=\u00bb30px|30px|30px|30px|true|true\u00bb custom_padding_phone=\u00bb20px|20px|20px|20px|true|true\u00bb custom_padding_last_edited=\u00bbon|tablet\u00bb border_radii=\u00bbon|3vw|3vw|3vw|3vw\u00bb global_colors_info=\u00bb{%22gcid-a93f2103-1d8b-43bb-b21d-81d84bba8b15%22:%91%22background_color%22%93}\u00bb][et_pb_text _builder_version=\u00bb4.24.0&#8243; _module_preset=\u00bb_initial\u00bb header_2_font=\u00bbInter|700|||||||\u00bb header_2_font_size=\u00bb52px\u00bb header_2_line_height=\u00bb1.2em\u00bb custom_margin=\u00bb||10px||false|false\u00bb header_2_font_size_tablet=\u00bb32px\u00bb header_2_font_size_phone=\u00bb20px\u00bb header_2_font_size_last_edited=\u00bbon|desktop\u00bb locked=\u00bboff\u00bb global_colors_info=\u00bb{}\u00bb]<\/p>\n<h2>Educaci\u00f3n<\/h2>\n<p>[\/et_pb_text][et_pb_text _builder_version=\u00bb4.24.2&#8243; _module_preset=\u00bb_initial\u00bb text_font=\u00bb||||||||\u00bb text_line_height=\u00bb1.6em\u00bb max_width=\u00bb500px\u00bb locked=\u00bboff\u00bb global_colors_info=\u00bb{}\u00bb]<\/p>\n<p>En el municipio de Alcalal\u00ed contamos con un Colegio de Educaci\u00f3n Primaria, denominado \u00abCRA Terra de Riuraus\u00bb, con un total de 40 alumnos que cursan estudios de Educaci\u00f3n Infantil hasta 6\u00ba curso de primaria (de 3 a 11 a\u00f1os). El colegio cuenta con servicio de comedor escolar.<\/p>\n<p>A lo largo del a\u00f1o se realizan varias actividades culturales y viajes junto con otras escuelas de los municipios vecinos.<\/p>\n<p>&nbsp;<\/p>\n<p>Durante el a\u00f1o, el Ayuntamiento organiza cursos atendiendo a las demandas y necesidades formativas de los vecinos. En su mayor\u00eda se trata de cursos orientados a proporcinar conocimientos b\u00e1sicos que faciliten la inserci\u00f3n en el mercado laboral o mejoren los conocimientos. Por lo general, los cursos se vienen realizando en la sala de inform\u00e1tica ubicada en la segunda planta del antiguo Ayuntamiento o en el Aula de formaci\u00f3n del Edificio Multiusios.<\/p>\n<p>[\/et_pb_text][\/et_pb_column][\/et_pb_row][\/et_pb_section][et_pb_section fb_built=\u00bb1&#8243; admin_label=\u00bbServices\u00bb _builder_version=\u00bb4.22.0&#8243; _module_preset=\u00bbdefault\u00bb custom_padding=\u00bb60px|||||\u00bb collapsed=\u00bbon\u00bb global_colors_info=\u00bb{}\u00bb][et_pb_row column_structure=\u00bb1_3,1_3,1_3&#8243; make_equal=\u00bbon\u00bb _builder_version=\u00bb4.24.2&#8243; _module_preset=\u00bbdefault\u00bb max_width=\u00bb1800px\u00bb locked=\u00bboff\u00bb global_colors_info=\u00bb{}\u00bb][et_pb_column type=\u00bb1_3&#8243; _builder_version=\u00bb4.22.0&#8243; _module_preset=\u00bbdefault\u00bb background_color=\u00bbgcid-a93f2103-1d8b-43bb-b21d-81d84bba8b15&#8243; custom_padding=\u00bb40px|20px|40px|20px|true|true\u00bb border_radii=\u00bbon|30px|30px|30px|30px\u00bb global_colors_info=\u00bb{%22gcid-a93f2103-1d8b-43bb-b21d-81d84bba8b15%22:%91%22background_color_1%22,%22background_color%22%93}\u00bb][et_pb_text _builder_version=\u00bb4.24.2&#8243; _module_preset=\u00bb_initial\u00bb header_2_font_size=\u00bb48px\u00bb header_3_font=\u00bbInter|700|||||||\u00bb header_3_font_size=\u00bb30px\u00bb header_3_line_height=\u00bb1.4em\u00bb custom_margin=\u00bb||10px||false|false\u00bb header_3_font_size_tablet=\u00bb20px\u00bb header_3_font_size_phone=\u00bb16px\u00bb header_3_font_size_last_edited=\u00bbon|desktop\u00bb global_colors_info=\u00bb{}\u00bb]<\/p>\n<h3>Localizaciones de inter\u00e9s<\/h3>\n<p>[\/et_pb_text][\/et_pb_column][et_pb_column type=\u00bb1_3&#8243; _builder_version=\u00bb4.24.0&#8243; _module_preset=\u00bbdefault\u00bb custom_padding=\u00bb30px|30px|30px|30px|true|true\u00bb border_radii=\u00bbon|30px|30px|30px|30px\u00bb border_width_all=\u00bb2px\u00bb border_color_all=\u00bbrgba(0,0,0,0.12)\u00bb global_colors_info=\u00bb{}\u00bb][et_pb_text _builder_version=\u00bb4.24.2&#8243; _module_preset=\u00bb_initial\u00bb header_5_font=\u00bbInter|700|||||||\u00bb header_5_font_size=\u00bb20px\u00bb header_5_line_height=\u00bb1.4em\u00bb custom_margin=\u00bb||0px||false|false\u00bb header_5_font_size_tablet=\u00bb16px\u00bb header_5_font_size_phone=\u00bb14px\u00bb header_5_font_size_last_edited=\u00bbon|desktop\u00bb global_colors_info=\u00bb{}\u00bb]<\/p>\n<h5>Col\u00e9gio P\u00fablico \u00abCRA Terra de Riuraus\u00bb<\/h5>\n<p>[\/et_pb_text][et_pb_text _builder_version=\u00bb4.24.2&#8243; _module_preset=\u00bb_initial\u00bb text_font=\u00bb||||||||\u00bb text_line_height=\u00bb1.6em\u00bb link_text_color=\u00bb#383838&#8243; global_colors_info=\u00bb{}\u00bb link_text_color__hover=\u00bb#EF8700&#8243; link_text_color__hover_enabled=\u00bbon|hover\u00bb]<\/p>\n<p><span title=\"C\/ Escoles, n\u00ba 6 03728 Alcalal\u00ed\"><a href=\"https:\/\/maps.app.goo.gl\/1PdpFjKbzcVSTCBq7\" target=\"_blank\" rel=\"noopener nofollow\">C \/ Escoles, 6 03728 Alcalal\u00ed<\/a><br \/><\/span><span title=\"Tel: 96.648.21.34\"><a href=\"tel:+34965739010\" target=\"_blank\" rel=\"noopener\">Tel: 965 739 010<\/a><br \/>Web:\u00a0<a class=\"oajrlxb2 g5ia77u1 qu0x051f esr5mh6w e9989ue4 r7d6kgcz rq0escxv nhd2j8a9 nc684nl6 p7hjln8o kvgmc6g5 cxmmr5t8 oygrvhab hcukyx3x jb3vyjys rz4wbd8a qt6c0cv9 a8nywdso i1ao9s8h esuyzwwr f1sip0of lzcic4wl py34i1dx gpro0wi8\" rel=\"nofollow noopener\" href=\"https:\/\/portal.edu.gva.es\/craterraderiuraus\/\" target=\"_blank\" tabindex=\"0\">https:\/\/portal.edu.gva.es\/craterraderiuraus\/<\/a><\/span><\/p>\n<p>[\/et_pb_text][et_pb_button button_url=\u00bbhttps:\/\/maps.app.goo.gl\/1PdpFjKbzcVSTCBq7&#8243; url_new_window=\u00bbon\u00bb button_text=\u00bbMapa\u00bb _builder_version=\u00bb4.24.2&#8243; _module_preset=\u00bb_initial\u00bb custom_button=\u00bbon\u00bb button_text_size=\u00bb14px\u00bb button_text_color=\u00bb#383838&#8243; button_bg_color=\u00bb#E4DACC\u00bb button_border_width=\u00bb0px\u00bb button_font=\u00bbInter|700|||||||\u00bb button_icon=\u00bb&#xf30b;||fa||900&#8243; button_icon_color=\u00bb#FFFFFF\u00bb button_on_hover=\u00bboff\u00bb locked=\u00bboff\u00bb global_colors_info=\u00bb{}\u00bb button_bg_color__hover_enabled=\u00bbon|hover\u00bb button_bg_color__hover=\u00bb#EF8700&#8243; button_bg_enable_color__hover=\u00bbon\u00bb button_text_color__hover_enabled=\u00bbon|hover\u00bb button_text_color__hover=\u00bb#FFFFFF\u00bb][\/et_pb_button][\/et_pb_column][et_pb_column type=\u00bb1_3&#8243; _builder_version=\u00bb4.24.0&#8243; _module_preset=\u00bbdefault\u00bb custom_padding=\u00bb30px|30px|30px|30px|true|true\u00bb border_radii=\u00bbon|30px|30px|30px|30px\u00bb border_width_all=\u00bb2px\u00bb border_color_all=\u00bbrgba(0,0,0,0.12)\u00bb global_colors_info=\u00bb{}\u00bb][et_pb_text _builder_version=\u00bb4.24.2&#8243; _module_preset=\u00bb_initial\u00bb header_5_font=\u00bbInter|700|||||||\u00bb header_5_font_size=\u00bb20px\u00bb header_5_line_height=\u00bb1.4em\u00bb custom_margin=\u00bb||0px||false|false\u00bb header_5_font_size_tablet=\u00bb16px\u00bb header_5_font_size_phone=\u00bb14px\u00bb header_5_font_size_last_edited=\u00bbon|desktop\u00bb global_colors_info=\u00bb{}\u00bb]<\/p>\n<h5><strong>Escuela de Educaci\u00f3n Musical<\/strong><\/h5>\n<p>[\/et_pb_text][et_pb_text _builder_version=\u00bb4.24.2&#8243; _module_preset=\u00bb_initial\u00bb text_font=\u00bb||||||||\u00bb text_line_height=\u00bb1.6em\u00bb link_text_color=\u00bb#383838&#8243; global_colors_info=\u00bb{}\u00bb link_text_color__hover=\u00bb#EF8700&#8243; link_text_color__hover_enabled=\u00bbon|hover\u00bb]<\/p>\n<p>Con la intenci\u00f3n de mantener viva la tradici\u00f3n musical de municipio, el Ayuntamiento ha dispuesto un local en el que se imparten cursos de m\u00fasica (solfeo e instrumentos).<\/p>\n<p>[\/et_pb_text][\/et_pb_column][\/et_pb_row][et_pb_row column_structure=\u00bb1_3,1_3,1_3&#8243; make_equal=\u00bbon\u00bb _builder_version=\u00bb4.24.2&#8243; _module_preset=\u00bbdefault\u00bb max_width=\u00bb1800px\u00bb locked=\u00bboff\u00bb global_colors_info=\u00bb{}\u00bb][et_pb_column type=\u00bb1_3&#8243; _builder_version=\u00bb4.24.0&#8243; _module_preset=\u00bbdefault\u00bb custom_padding=\u00bb30px|30px|30px|30px|true|true\u00bb border_radii=\u00bbon|30px|30px|30px|30px\u00bb border_width_all=\u00bb2px\u00bb border_color_all=\u00bbrgba(0,0,0,0.12)\u00bb global_colors_info=\u00bb{}\u00bb][et_pb_text _builder_version=\u00bb4.24.2&#8243; _module_preset=\u00bb_initial\u00bb header_5_font=\u00bbInter|700|||||||\u00bb header_5_font_size=\u00bb20px\u00bb header_5_line_height=\u00bb1.4em\u00bb custom_margin=\u00bb||0px||false|false\u00bb header_5_font_size_tablet=\u00bb16px\u00bb header_5_font_size_phone=\u00bb14px\u00bb header_5_font_size_last_edited=\u00bbon|desktop\u00bb global_colors_info=\u00bb{}\u00bb]<\/p>\n<h5><span>Edificio Multiusos<\/span><\/h5>\n<p>[\/et_pb_text][et_pb_text _builder_version=\u00bb4.24.2&#8243; _module_preset=\u00bb_initial\u00bb text_font=\u00bb||||||||\u00bb text_line_height=\u00bb1.6em\u00bb link_text_color=\u00bb#383838&#8243; global_colors_info=\u00bb{}\u00bb link_text_color__hover=\u00bb#EF8700&#8243; link_text_color__hover_enabled=\u00bbon|hover\u00bb]<\/p>\n<p><span>Carrer Cipresses, n \u00ba 1 03728 Alcalal\u00ed<br \/>Email: <a href=\"mailto:esmuccastells@gmail.com\" target=\"_blank\" rel=\"noopener\">esmuccastells@gmail.com<\/a> (Jaime)<\/span><\/p>\n<p>[\/et_pb_text][\/et_pb_column][et_pb_column type=\u00bb1_3&#8243; _builder_version=\u00bb4.24.2&#8243; _module_preset=\u00bbdefault\u00bb custom_padding=\u00bb30px|30px|30px|30px|true|true\u00bb border_radii=\u00bbon|30px|30px|30px|30px\u00bb border_color_all=\u00bbrgba(0,0,0,0.12)\u00bb global_colors_info=\u00bb{}\u00bb][\/et_pb_column][et_pb_column type=\u00bb1_3&#8243; _builder_version=\u00bb4.24.2&#8243; _module_preset=\u00bbdefault\u00bb custom_padding=\u00bb30px|30px|30px|30px|true|true\u00bb border_radii=\u00bbon|30px|30px|30px|30px\u00bb border_color_all=\u00bbrgba(0,0,0,0.12)\u00bb global_colors_info=\u00bb{}\u00bb][\/et_pb_column][\/et_pb_row][\/et_pb_section]<\/p>\n","protected":false},"excerpt":{"rendered":"<p>CULTURA Y EDUCACI\u00d3NCulturaACTIVIDADES CULTURALES &nbsp;El Ayuntamiento durante todo el a\u00f1o promueve actividades de car\u00e1cter cultural y tambi\u00e9n l\u00fadico y de ocio. Estas acciones se organizan en colaboraci\u00f3n con la Excma. Diputaci\u00f3n Provincial de Alicante y con la Mancomunidad Cultural de la Marina Alta. Con motivo de fechas se\u00f1aladas como Navidad, Semana Santa, 9 d&#8217;Octubre, fiestas [&hellip;]<\/p>\n","protected":false},"author":2,"featured_media":0,"parent":0,"menu_order":0,"comment_status":"closed","ping_status":"closed","template":"","meta":{"_et_pb_use_builder":"on","_et_pb_old_content":"","_et_gb_content_width":"","_joinchat":[],"footnotes":""},"class_list":["post-30411","page","type-page","status-publish","hentry"],"_links":{"self":[{"href":"https:\/\/alcalali.es\/es\/wp-json\/wp\/v2\/pages\/30411","targetHints":{"allow":["GET"]}}],"collection":[{"href":"https:\/\/alcalali.es\/es\/wp-json\/wp\/v2\/pages"}],"about":[{"href":"https:\/\/alcalali.es\/es\/wp-json\/wp\/v2\/types\/page"}],"author":[{"embeddable":true,"href":"https:\/\/alcalali.es\/es\/wp-json\/wp\/v2\/users\/2"}],"replies":[{"embeddable":true,"href":"https:\/\/alcalali.es\/es\/wp-json\/wp\/v2\/comments?post=30411"}],"version-history":[{"count":6,"href":"https:\/\/alcalali.es\/es\/wp-json\/wp\/v2\/pages\/30411\/revisions"}],"predecessor-version":[{"id":31853,"href":"https:\/\/alcalali.es\/es\/wp-json\/wp\/v2\/pages\/30411\/revisions\/31853"}],"wp:attachment":[{"href":"https:\/\/alcalali.es\/es\/wp-json\/wp\/v2\/media?parent=30411"}],"curies":[{"name":"wp","href":"https:\/\/api.w.org\/{rel}","templated":true}]}}