{"id":30403,"date":"2024-03-05T08:53:19","date_gmt":"2024-03-05T08:53:19","guid":{"rendered":"https:\/\/alcalali.es\/?page_id=30403"},"modified":"2024-06-27T11:26:18","modified_gmt":"2024-06-27T11:26:18","slug":"deportes","status":"publish","type":"page","link":"https:\/\/alcalali.es\/es\/deportes\/","title":{"rendered":"Deportes"},"content":{"rendered":"<p>[et_pb_section fb_built=\u00bb1&#8243; admin_label=\u00bbHeader\u00bb _builder_version=\u00bb4.24.2&#8243; _module_preset=\u00bbdefault\u00bb use_background_color_gradient=\u00bbon\u00bb background_color_gradient_stops=\u00bb#f2f0eb 0%|rgba(242,240,235,0) 100%\u00bb background_color_gradient_overlays_image=\u00bbon\u00bb background_image=\u00bbhttps:\/\/alcalali.es\/wp-content\/uploads\/2024\/03\/esports.jpg\u00bb background_position=\u00bbtop_center\u00bb background_vertical_offset=\u00bb24%\u00bb custom_padding=\u00bb5vw||5vw||true|false\u00bb border_radii=\u00bboff|||3vw|3vw\u00bb locked=\u00bboff\u00bb collapsed=\u00bbon\u00bb global_colors_info=\u00bb{}\u00bb][et_pb_row _builder_version=\u00bb4.24.0&#8243; _module_preset=\u00bbdefault\u00bb max_width=\u00bb1800px\u00bb global_colors_info=\u00bb{}\u00bb][et_pb_column type=\u00bb4_4&#8243; _builder_version=\u00bb4.22.0&#8243; _module_preset=\u00bbdefault\u00bb global_colors_info=\u00bb{}\u00bb][et_pb_text _builder_version=\u00bb4.24.2&#8243; _module_preset=\u00bb_initial\u00bb header_font=\u00bbInter|700|||||||\u00bb header_text_color=\u00bb#383838&#8243; header_font_size=\u00bb90px\u00bb header_line_height=\u00bb1.1em\u00bb text_orientation=\u00bbcenter\u00bb max_width=\u00bb1440px\u00bb module_alignment=\u00bbcenter\u00bb custom_margin=\u00bb||10px||false|false\u00bb header_font_size_tablet=\u00bb40px\u00bb header_font_size_phone=\u00bb24px\u00bb header_font_size_last_edited=\u00bbon|desktop\u00bb global_colors_info=\u00bb{}\u00bb]<\/p>\n<h1>DEPORTES<\/h1>\n<p>[\/et_pb_text][\/et_pb_column][\/et_pb_row][\/et_pb_section][et_pb_section fb_built=\u00bb1&#8243; admin_label=\u00bbServices\u00bb _builder_version=\u00bb4.22.0&#8243; _module_preset=\u00bbdefault\u00bb custom_padding=\u00bb12px||32px|||\u00bb locked=\u00bboff\u00bb collapsed=\u00bbon\u00bb global_colors_info=\u00bb{}\u00bb][et_pb_row _builder_version=\u00bb4.24.2&#8243; _module_preset=\u00bbdefault\u00bb max_width=\u00bb1800px\u00bb locked=\u00bboff\u00bb global_colors_info=\u00bb{}\u00bb][et_pb_column type=\u00bb4_4&#8243; _builder_version=\u00bb4.22.0&#8243; _module_preset=\u00bbdefault\u00bb global_colors_info=\u00bb{}\u00bb][et_pb_text _builder_version=\u00bb4.24.2&#8243; _module_preset=\u00bb_initial\u00bb text_font=\u00bb||||||||\u00bb text_line_height=\u00bb1.6em\u00bb link_text_color=\u00bb#383838&#8243; header_2_font=\u00bbInter|700|||||||\u00bb header_2_font_size=\u00bb48px\u00bb header_2_line_height=\u00bb1.2em\u00bb custom_margin=\u00bb||10px||false|false\u00bb header_2_font_size_tablet=\u00bb32px\u00bb header_2_font_size_phone=\u00bb20px\u00bb header_2_font_size_last_edited=\u00bbon|desktop\u00bb locked=\u00bboff\u00bb global_colors_info=\u00bb{}\u00bb link_text_color__hover=\u00bb#EF8700&#8243; link_text_color__hover_enabled=\u00bbon|hover\u00bb]<\/p>\n<h3>Alcalal\u00ed es un lugar id\u00f3neo para la pr\u00e1ctica de deportes al aire libre por su climatolog\u00eda y su orograf\u00eda.<\/h3>\n<p>[\/et_pb_text][\/et_pb_column][\/et_pb_row][et_pb_row column_structure=\u00bb1_3,1_3,1_3&#8243; _builder_version=\u00bb4.22.0&#8243; _module_preset=\u00bbdefault\u00bb max_width=\u00bb1800px\u00bb global_colors_info=\u00bb{}\u00bb][et_pb_column type=\u00bb1_3&#8243; _builder_version=\u00bb4.22.0&#8243; _module_preset=\u00bbdefault\u00bb global_colors_info=\u00bb{}\u00bb][et_pb_text _builder_version=\u00bb4.24.2&#8243; _module_preset=\u00bb_initial\u00bb header_2_font=\u00bbInter|700|||||||\u00bb header_2_font_size=\u00bb48px\u00bb header_2_line_height=\u00bb1.2em\u00bb text_orientation=\u00bbright\u00bb custom_margin=\u00bb||10px||false|false\u00bb header_2_font_size_tablet=\u00bb32px\u00bb header_2_font_size_phone=\u00bb20px\u00bb header_2_font_size_last_edited=\u00bbon|desktop\u00bb global_colors_info=\u00bb{}\u00bb]<\/p>\n<h2>Senderismo<\/h2>\n<p>[\/et_pb_text][\/et_pb_column][et_pb_column type=\u00bb1_3&#8243; _builder_version=\u00bb4.22.0&#8243; _module_preset=\u00bbdefault\u00bb global_colors_info=\u00bb{}\u00bb][et_pb_text _builder_version=\u00bb4.24.2&#8243; _module_preset=\u00bb_initial\u00bb text_font=\u00bb||||||||\u00bb text_line_height=\u00bb1.6em\u00bb global_colors_info=\u00bb{}\u00bb]<\/p>\n<p>Puedes conocer el t\u00e9rmino municipal de Alcalal\u00ed realizando la <strong>ruta senderista Alcalal\u00ed &#8211; Coll de Rates.<\/strong><\/p>\n<p>Este recorrido es una estupenda opci\u00f3n para acercarse al patrimonio cultural y paisaj\u00edstico del municipio y del valle.<\/p>\n<p>Se trata de un recorrido homologado por la FEMEC y debidamente se\u00f1alizado, de tipo circular con una distancia de 10.570 metros y un desnivel de 395 metros.<\/p>\n<p>Se estima que puede recorrerse en un tiempo aproximado de 3 horas y 40 minutos y el nivel de dificultad es medio &#8211; bajo.<\/p>\n<p>Pinchando aqu\u00ed puedes descargarte el<span class=\"hps\"><span>\u00a0<\/span><\/span><a href=\"\/wp-content\/uploads\/archivos\/archivo220.pdf\" target=\"_blank\" rel=\"noopener\">folleto informativo<\/a>.<\/p>\n<div id=\"gt-res-wrap\">\n<div id=\"gt-res-content\" class=\"almost_half_cell\">\n<div dir=\"ltr\">\n<p>Otra ruta propuesta que te permitir\u00e1 adentrate en nuestra historia y patrimonio es la <strong>ruta \u00abPiedra y Agua\u00bb<\/strong>. Se trata de una ruta de car\u00e1cter lineal, transcurre junto al cauce del r\u00edo Gorgos, declarado lugar de inter\u00e9s comunitario (LIC) y enlaza las poblaciones del Valle de Pop, desde Benissa hasta Benigembla. Este recorrido pone en valor el patrimonio arquitect\u00f3nico e hidr\u00e1ulico de nuestros pueblos y ofrece al visitante unos paisajes \u00fanicos.<\/p>\n<p>En Alcalal\u00ed, puedes iniciar esta ruta en el Mirador del Terrer, tanto en sentido a Parcent como en direcci\u00f3n a Jal\u00f3n. Los 19,5 km de itinerario pueden recorrerse en un tiempo estimado de 5 horas y 50 minutos y tiene un nivel de dificultad muy bajo.<\/p>\n<p><span class=\"hps\">En el<span>\u00a0<\/span><\/span><a href=\"\/wp-content\/uploads\/archivos\/archivo224.pdf\" target=\"_blank\" rel=\"noopener\">folleto informativo del itinerario<\/a><span> puedes encontrar una informaci\u00f3n m\u00e1s completa.<\/span><\/p>\n<\/div>\n<\/div>\n<div id=\"gt-res-tools\">\n<div id=\"gt-res-tools-r\">\n<div id=\"gt-res-rate\">\n<div class=\"goog-inline-block goog-toolbar-menu-button\">\n<div class=\"goog-inline-block goog-toolbar-menu-button-outer-box\">\n<div class=\"goog-inline-block goog-toolbar-menu-button-inner-box\">\n<div class=\"goog-inline-block goog-toolbar-menu-button-caption\"><span class=\"goog-flat-menu-button-img gt-rate-icon jfk-button-img\"><\/span><\/div>\n<\/div>\n<\/div>\n<\/div>\n<\/div>\n<\/div>\n<\/div>\n<\/div>\n<p>&nbsp;<\/p>\n<p>[\/et_pb_text][\/et_pb_column][et_pb_column type=\u00bb1_3&#8243; _builder_version=\u00bb4.22.0&#8243; _module_preset=\u00bbdefault\u00bb global_colors_info=\u00bb{}\u00bb][et_pb_image src=\u00bbhttps:\/\/alcalali.es\/wp-content\/uploads\/2024\/03\/imagen63m.jpg\u00bb title_text=\u00bbimagen63m\u00bb force_fullwidth=\u00bbon\u00bb _builder_version=\u00bb4.24.2&#8243; _module_preset=\u00bbdefault\u00bb scroll_vertical_motion_enable=\u00bbon\u00bb scroll_vertical_motion=\u00bb0|70|70|100|0.3|0|0.4&#8243; motion_trigger_start=\u00bbtop\u00bb border_radii=\u00bbon|15px|15px|15px|15px\u00bb border_width_all=\u00bb5px\u00bb border_color_all=\u00bb#A3A3A3&#8243; global_colors_info=\u00bb{}\u00bb][\/et_pb_image][\/et_pb_column][\/et_pb_row][\/et_pb_section][et_pb_section fb_built=\u00bb1&#8243; admin_label=\u00bbFeature\u00bb _builder_version=\u00bb4.22.0&#8243; _module_preset=\u00bbdefault\u00bb custom_padding=\u00bb32px|||||\u00bb collapsed=\u00bbon\u00bb global_colors_info=\u00bb{}\u00bb][et_pb_row column_structure=\u00bb1_2,1_2&#8243; make_equal=\u00bbon\u00bb _builder_version=\u00bb4.24.2&#8243; _module_preset=\u00bbdefault\u00bb max_width=\u00bb1800px\u00bb global_colors_info=\u00bb{}\u00bb][et_pb_column type=\u00bb1_2&#8243; _builder_version=\u00bb4.24.2&#8243; _module_preset=\u00bbdefault\u00bb background_color=\u00bbgcid-a93f2103-1d8b-43bb-b21d-81d84bba8b15&#8243; custom_padding=\u00bb|60px|60px|60px|false|true\u00bb custom_padding_tablet=\u00bb30px|30px|30px|30px|true|true\u00bb custom_padding_phone=\u00bb20px|20px|20px|20px|true|true\u00bb custom_padding_last_edited=\u00bbon|tablet\u00bb border_radii=\u00bbon|3vw|3vw|3vw|3vw\u00bb global_colors_info=\u00bb{%22gcid-a93f2103-1d8b-43bb-b21d-81d84bba8b15%22:%91%22background_color%22%93}\u00bb][et_pb_text _builder_version=\u00bb4.24.0&#8243; _module_preset=\u00bb_initial\u00bb header_2_font=\u00bbInter|700|||||||\u00bb header_2_font_size=\u00bb52px\u00bb header_2_line_height=\u00bb1.2em\u00bb custom_margin=\u00bb||10px||false|false\u00bb header_2_font_size_tablet=\u00bb32px\u00bb header_2_font_size_phone=\u00bb20px\u00bb header_2_font_size_last_edited=\u00bbon|desktop\u00bb locked=\u00bboff\u00bb global_colors_info=\u00bb{}\u00bb]<\/p>\n<h2>Ciclismo<\/h2>\n<p>[\/et_pb_text][et_pb_text _builder_version=\u00bb4.24.2&#8243; _module_preset=\u00bb_initial\u00bb text_font=\u00bb||||||||\u00bb text_line_height=\u00bb1.6em\u00bb max_width=\u00bb500px\u00bb locked=\u00bboff\u00bb global_colors_info=\u00bb{}\u00bb]<\/p>\n<p>El <strong>ciclismo<\/strong>, tanto el de monta\u00f1a como el de carretera es una actividad muy practicada.<\/p>\n<p>Es habitual encontrar por la carretera de subida a Alcalal\u00ed a grupos de ciclistas.<\/p>\n<p>El municipio dispone de tres rutas de BTT debidamente se\u00f1alizas y de diferente intensidad.<\/p>\n<p>Los diferentes itinerios propuestos son aptos tanto para principiantes como para expertos y su recorrido permite conocer las riquezas paisaj\u00edsticas de nuestro territorio.<\/p>\n<p>En la entrada al municipio se ubica un panel informativo de las rutas y es en este punto desde donde se inician las tres rutas, todas ellas de car\u00e1cter circular.<\/p>\n<p>Puedes descarg\u00e1rtelas pinchando<span style=\"font-size: 16px;\"> <\/span><a href=\"\/wp-content\/uploads\/archivos\/archivo157.pdf\" target=\"_blank\" rel=\"noopener\" style=\"font-size: 16px;\">aqu\u00ed<\/a><span style=\"font-size: 16px;\">. Y adem\u00e1s los<\/span><span class=\"hps\" style=\"font-size: 16px;\">\u00a0<\/span><a href=\"\/wp-content\/uploads\/archivos\/archivo158.plt\" target=\"_blank\" rel=\"noopener\" style=\"font-size: 16px;\">tracks.<\/a><\/p>\n<p><span><\/span><\/p>\n<p>[\/et_pb_text][\/et_pb_column][et_pb_column type=\u00bb1_2&#8243; _builder_version=\u00bb4.22.0&#8243; _module_preset=\u00bbdefault\u00bb global_colors_info=\u00bb{}\u00bb][et_pb_image src=\u00bbhttps:\/\/alcalali.es\/wp-content\/uploads\/2024\/02\/Rutas-ciclismo-bicicleta-BTT-Alcalali-turismo-scaled.jpg\u00bb title_text=\u00bbRutas-ciclismo-bicicleta-BTT-Alcalal\u00ed-turismo\u00bb force_fullwidth=\u00bbon\u00bb _builder_version=\u00bb4.24.2&#8243; _module_preset=\u00bbdefault\u00bb scroll_horizontal_motion_enable=\u00bbon\u00bb scroll_horizontal_motion=\u00bb0|70|70|100|0.3|0|0&#8243; motion_trigger_start=\u00bbtop\u00bb border_radii=\u00bbon|30px|30px|30px|30px\u00bb border_width_all=\u00bb5px\u00bb border_color_all=\u00bb#E4DACC\u00bb locked=\u00bboff\u00bb global_colors_info=\u00bb{}\u00bb][\/et_pb_image][\/et_pb_column][\/et_pb_row][et_pb_row column_structure=\u00bb1_3,1_3,1_3&#8243; make_equal=\u00bbon\u00bb _builder_version=\u00bb4.25.2&#8243; _module_preset=\u00bbdefault\u00bb max_width=\u00bb1800px\u00bb hover_enabled=\u00bb0&#8243; locked=\u00bboff\u00bb global_colors_info=\u00bb{}\u00bb sticky_enabled=\u00bb0&#8243;][et_pb_column type=\u00bb1_3&#8243; _builder_version=\u00bb4.24.2&#8243; _module_preset=\u00bbdefault\u00bb background_image=\u00bbhttps:\/\/alcalali.es\/wp-content\/uploads\/2024\/03\/sub-ribbon.jpg\u00bb background_size=\u00bbinitial\u00bb background_position=\u00bbbottom_center\u00bb background_vertical_offset=\u00bb-1%\u00bb background_repeat=\u00bbrepeat-x\u00bb custom_padding=\u00bb30px|30px|30px|30px|true|true\u00bb border_radii=\u00bbon|30px|30px|30px|30px\u00bb border_width_all=\u00bb2px\u00bb border_color_all=\u00bb#e4dacc\u00bb global_colors_info=\u00bb{}\u00bb][et_pb_text _builder_version=\u00bb4.24.2&#8243; _module_preset=\u00bb_initial\u00bb header_5_font=\u00bbInter|700|||||||\u00bb header_5_font_size=\u00bb20px\u00bb header_5_line_height=\u00bb1.4em\u00bb text_orientation=\u00bbcenter\u00bb custom_margin=\u00bb||24px||false|false\u00bb header_5_font_size_tablet=\u00bb16px\u00bb header_5_font_size_phone=\u00bb14px\u00bb header_5_font_size_last_edited=\u00bbon|desktop\u00bb global_colors_info=\u00bb{}\u00bb]<\/p>\n<h3><strong>POLIDEPORTIVO MUNICIPAL<\/strong><\/h3>\n<p>[\/et_pb_text][et_pb_text _builder_version=\u00bb4.24.2&#8243; _module_preset=\u00bb_initial\u00bb text_font=\u00bb||||||||\u00bb text_line_height=\u00bb1.6em\u00bb link_text_color=\u00bb#383838&#8243; global_colors_info=\u00bb{}\u00bb link_text_color__hover=\u00bb#EF8700&#8243; link_text_color__hover_enabled=\u00bbon|hover\u00bb]<\/p>\n<div id=\"gt-res-wrap\">\n<div id=\"gt-res-content\" class=\"almost_half_cell\">\n<div dir=\"ltr\">\n<p>En el <strong>polideportivo municipal<\/strong> de Alcalal\u00ed puedes encontrar un amplio abanico de alternativas deportivas para mantenerte en forma.<\/p>\n<p>Este recinto cuenta con una <strong>piscina semiol\u00edmpica<\/strong> y otra para los m\u00e1s peque\u00f1os, abiertas en la temporada estival, normalmente del 15 de mayo al 15 de septiembre. Tambi\u00e9n dispone de <strong>pista de front\u00f3n y pista polideportiva<\/strong> que permite la pr\u00e1ctica de deporte al aire libre durante todo el a\u00f1o. Para los m\u00e1s mayores se ha habilitado un <strong>parque biosaludable<\/strong> que cuenta con aparatos de gimansia pasiva y un parque de multijuegos para los m\u00e1s peque\u00f1os.<\/p>\n<p>En el polideportivo tambi\u00e9n se ubica un <strong>Gimnasio<\/strong>. Dispone de instalaciones y m\u00e1quinas completamente nuevas, y puedes practicar deporte tanto con clases dirigidas, como en la sala de m\u00e1quinas.<\/p>\n<\/div>\n<\/div>\n<\/div>\n<p>[\/et_pb_text][\/et_pb_column][et_pb_column _builder_version=\u00bb4.25.2&#8243; _module_preset=\u00bbdefault\u00bb type=\u00bb1_3&#8243; hover_enabled=\u00bb0&#8243; sticky_enabled=\u00bb0&#8243;][\/et_pb_column][et_pb_column _builder_version=\u00bb4.25.2&#8243; _module_preset=\u00bbdefault\u00bb type=\u00bb1_3&#8243; hover_enabled=\u00bb0&#8243; sticky_enabled=\u00bb0&#8243;][\/et_pb_column][\/et_pb_row][\/et_pb_section]<\/p>\n","protected":false},"excerpt":{"rendered":"<p>DEPORTESAlcalal\u00ed es un lugar id\u00f3neo para la pr\u00e1ctica de deportes al aire libre por su climatolog\u00eda y su orograf\u00eda.SenderismoPuedes conocer el t\u00e9rmino municipal de Alcalal\u00ed realizando la ruta senderista Alcalal\u00ed &#8211; Coll de Rates. Este recorrido es una estupenda opci\u00f3n para acercarse al patrimonio cultural y paisaj\u00edstico del municipio y del valle. Se trata de [&hellip;]<\/p>\n","protected":false},"author":2,"featured_media":0,"parent":0,"menu_order":0,"comment_status":"closed","ping_status":"closed","template":"","meta":{"_et_pb_use_builder":"on","_et_pb_old_content":"","_et_gb_content_width":"","_joinchat":[],"footnotes":""},"class_list":["post-30403","page","type-page","status-publish","hentry"],"_links":{"self":[{"href":"https:\/\/alcalali.es\/es\/wp-json\/wp\/v2\/pages\/30403","targetHints":{"allow":["GET"]}}],"collection":[{"href":"https:\/\/alcalali.es\/es\/wp-json\/wp\/v2\/pages"}],"about":[{"href":"https:\/\/alcalali.es\/es\/wp-json\/wp\/v2\/types\/page"}],"author":[{"embeddable":true,"href":"https:\/\/alcalali.es\/es\/wp-json\/wp\/v2\/users\/2"}],"replies":[{"embeddable":true,"href":"https:\/\/alcalali.es\/es\/wp-json\/wp\/v2\/comments?post=30403"}],"version-history":[{"count":6,"href":"https:\/\/alcalali.es\/es\/wp-json\/wp\/v2\/pages\/30403\/revisions"}],"predecessor-version":[{"id":31967,"href":"https:\/\/alcalali.es\/es\/wp-json\/wp\/v2\/pages\/30403\/revisions\/31967"}],"wp:attachment":[{"href":"https:\/\/alcalali.es\/es\/wp-json\/wp\/v2\/media?parent=30403"}],"curies":[{"name":"wp","href":"https:\/\/api.w.org\/{rel}","templated":true}]}}