{"id":30394,"date":"2024-03-05T08:20:25","date_gmt":"2024-03-05T08:20:25","guid":{"rendered":"https:\/\/alcalali.es\/?page_id=30394"},"modified":"2026-03-06T09:13:45","modified_gmt":"2026-03-06T09:13:45","slug":"biblioteca-municipal-es","status":"publish","type":"page","link":"https:\/\/alcalali.es\/es\/biblioteca-municipal-es\/","title":{"rendered":"Biblioteca municipal"},"content":{"rendered":"<p>[et_pb_section fb_built=\u00bb1&#8243; admin_label=\u00bbHeader\u00bb _builder_version=\u00bb4.24.2&#8243; _module_preset=\u00bbdefault\u00bb use_background_color_gradient=\u00bbon\u00bb background_color_gradient_stops=\u00bb#f2f0eb 0%|rgba(242,240,235,0) 100%\u00bb background_color_gradient_overlays_image=\u00bbon\u00bb background_image=\u00bbhttps:\/\/alcalali.es\/wp-content\/uploads\/2024\/03\/biblioteca-alcalali.jpg\u00bb background_position=\u00bbtop_center\u00bb background_vertical_offset=\u00bb21%\u00bb custom_padding=\u00bb5vw||5vw||true|false\u00bb border_radii=\u00bboff|||3vw|3vw\u00bb locked=\u00bboff\u00bb collapsed=\u00bbon\u00bb global_colors_info=\u00bb{}\u00bb][et_pb_row _builder_version=\u00bb4.24.0&#8243; _module_preset=\u00bbdefault\u00bb max_width=\u00bb1800px\u00bb global_colors_info=\u00bb{}\u00bb][et_pb_column type=\u00bb4_4&#8243; _builder_version=\u00bb4.22.0&#8243; _module_preset=\u00bbdefault\u00bb global_colors_info=\u00bb{}\u00bb][et_pb_text _builder_version=\u00bb4.24.2&#8243; _module_preset=\u00bb_initial\u00bb header_font=\u00bbInter|700|||||||\u00bb header_text_color=\u00bb#383838&#8243; header_font_size=\u00bb90px\u00bb header_line_height=\u00bb1.1em\u00bb text_orientation=\u00bbcenter\u00bb max_width=\u00bb1440px\u00bb module_alignment=\u00bbcenter\u00bb custom_margin=\u00bb||10px||false|false\u00bb header_font_size_tablet=\u00bb40px\u00bb header_font_size_phone=\u00bb24px\u00bb header_font_size_last_edited=\u00bbon|desktop\u00bb global_colors_info=\u00bb{}\u00bb]<\/p>\n<h1>BIBLIOTECA MUNICIPAL<\/h1>\n<p>[\/et_pb_text][\/et_pb_column][\/et_pb_row][\/et_pb_section][et_pb_section fb_built=\u00bb1&#8243; admin_label=\u00bbServices\u00bb _builder_version=\u00bb4.22.0&#8243; _module_preset=\u00bbdefault\u00bb custom_padding=\u00bb||32px|||\u00bb locked=\u00bboff\u00bb collapsed=\u00bbon\u00bb global_colors_info=\u00bb{}\u00bb][et_pb_row _builder_version=\u00bb4.24.2&#8243; _module_preset=\u00bbdefault\u00bb max_width=\u00bb1800px\u00bb locked=\u00bboff\u00bb global_colors_info=\u00bb{}\u00bb][et_pb_column type=\u00bb4_4&#8243; _builder_version=\u00bb4.22.0&#8243; _module_preset=\u00bbdefault\u00bb global_colors_info=\u00bb{}\u00bb][et_pb_text _builder_version=\u00bb4.24.2&#8243; _module_preset=\u00bb_initial\u00bb header_2_font=\u00bbInter|700|||||||\u00bb header_2_font_size=\u00bb48px\u00bb header_2_line_height=\u00bb1.2em\u00bb custom_margin=\u00bb||10px||false|false\u00bb header_2_font_size_tablet=\u00bb32px\u00bb header_2_font_size_phone=\u00bb20px\u00bb header_2_font_size_last_edited=\u00bbon|desktop\u00bb global_colors_info=\u00bb{}\u00bb]<\/p>\n<h2>Biblioteca municipal<\/h2>\n<p>[\/et_pb_text][\/et_pb_column][\/et_pb_row][et_pb_row column_structure=\u00bb1_3,1_3,1_3&#8243; make_equal=\u00bbon\u00bb _builder_version=\u00bb4.24.2&#8243; _module_preset=\u00bbdefault\u00bb max_width=\u00bb1800px\u00bb locked=\u00bboff\u00bb global_colors_info=\u00bb{}\u00bb][et_pb_column type=\u00bb1_3&#8243; _builder_version=\u00bb4.24.2&#8243; _module_preset=\u00bbdefault\u00bb background_image=\u00bbhttps:\/\/alcalali.es\/wp-content\/uploads\/2024\/03\/sub-ribbon.jpg\u00bb background_size=\u00bbinitial\u00bb background_position=\u00bbbottom_center\u00bb background_vertical_offset=\u00bb-1%\u00bb background_repeat=\u00bbrepeat-x\u00bb custom_padding=\u00bb30px|30px|30px|30px|true|true\u00bb border_radii=\u00bbon|30px|30px|30px|30px\u00bb border_width_all=\u00bb2px\u00bb border_color_all=\u00bb#e4dacc\u00bb global_colors_info=\u00bb{}\u00bb][et_pb_text _builder_version=\u00bb4.24.2&#8243; _module_preset=\u00bb_initial\u00bb header_5_font=\u00bbInter|700|||||||\u00bb header_5_font_size=\u00bb20px\u00bb header_5_line_height=\u00bb1.4em\u00bb text_orientation=\u00bbcenter\u00bb custom_margin=\u00bb||24px||false|false\u00bb header_5_font_size_tablet=\u00bb16px\u00bb header_5_font_size_phone=\u00bb14px\u00bb header_5_font_size_last_edited=\u00bbon|desktop\u00bb global_colors_info=\u00bb{}\u00bb]<\/p>\n<h3><strong>INFORMACI\u00d3N GENERAL<\/strong><\/h3>\n<p>[\/et_pb_text][et_pb_text _builder_version=\u00bb4.24.2&#8243; _module_preset=\u00bb_initial\u00bb text_font=\u00bb||||||||\u00bb text_line_height=\u00bb1.6em\u00bb link_text_color=\u00bb#383838&#8243; global_colors_info=\u00bb{}\u00bb link_text_color__hover=\u00bb#EF8700&#8243; link_text_color__hover_enabled=\u00bbon|hover\u00bb]<\/p>\n<p>Ubicaci\u00f3n: Carrer Sequeret n\u00ba 2 d\u2019Alcalal\u00ed<\/p>\n<p>Contacto: biblioteca@alcalali.es \/ 96.648.20.24<\/p>\n<p>Horario: <span style=\"font-size: 16px;\">Martes de 16:30 a 19:30 (meses de julio y agosto cerrado)<\/span><\/p>\n<p><span><strong>I<\/strong><\/span><strong>NSTALACIONES<\/strong><\/p>\n<p align=\"justify\">La Biblioteca Municipal de Alcalal\u00ed es accesible y consta de los siguientes espacios:<\/p>\n<ul>\n<li>\n<p align=\"justify\"><strong>Zona de consulta y lectura:<\/strong> donde podr\u00e1s leer y consultar el fondo de la biblioteca.<\/p>\n<\/li>\n<li>\n<p align=\"justify\"><strong>Zona de estudio:<\/strong> donde podr\u00e1s estudiar o hacer los deberes tranquilamente..<\/p>\n<\/li>\n<li>\n<p align=\"justify\"><strong style=\"font-size: 16px; text-align: left;\">Zona infantil:<\/strong><span style=\"font-size: 16px; text-align: left;\"> con libros de conocimiento y de imaginaci\u00f3n para el p\u00fablico infantil en castellano y valenciano.<\/span><\/p>\n<\/li>\n<\/ul>\n<p>[\/et_pb_text][\/et_pb_column][et_pb_column type=\u00bb1_3&#8243; _builder_version=\u00bb4.24.2&#8243; _module_preset=\u00bbdefault\u00bb background_image=\u00bbhttps:\/\/alcalali.es\/wp-content\/uploads\/2024\/03\/sub-ribbon.jpg\u00bb background_size=\u00bbinitial\u00bb background_position=\u00bbbottom_center\u00bb background_vertical_offset=\u00bb-1%\u00bb background_repeat=\u00bbrepeat-x\u00bb custom_padding=\u00bb30px|30px|30px|30px|true|true\u00bb border_radii=\u00bbon|30px|30px|30px|30px\u00bb border_width_all=\u00bb2px\u00bb border_color_all=\u00bb#e4dacc\u00bb global_colors_info=\u00bb{}\u00bb][et_pb_text _builder_version=\u00bb4.24.2&#8243; _module_preset=\u00bb_initial\u00bb header_5_font=\u00bbInter|700|||||||\u00bb header_5_font_size=\u00bb20px\u00bb header_5_line_height=\u00bb1.4em\u00bb text_orientation=\u00bbcenter\u00bb custom_margin=\u00bb||28px||false|false\u00bb header_5_font_size_tablet=\u00bb16px\u00bb header_5_font_size_phone=\u00bb14px\u00bb header_5_font_size_last_edited=\u00bbon|desktop\u00bb global_colors_info=\u00bb{}\u00bb]<\/p>\n<h3><strong>ACTIVIDADES<\/strong><\/h3>\n<p>[\/et_pb_text][et_pb_text _builder_version=\u00bb4.24.2&#8243; _module_preset=\u00bb_initial\u00bb text_font=\u00bb||||||||\u00bb text_line_height=\u00bb1.6em\u00bb link_text_color=\u00bb#383838&#8243; global_colors_info=\u00bb{}\u00bb link_text_color__hover=\u00bb#EF8700&#8243; link_text_color__hover_enabled=\u00bbon|hover\u00bb]<\/p>\n<ul>\n<li>\n<p align=\"justify\"><span><strong>\u00a1Hacemos deberes!<\/strong><\/span><\/p>\n<\/li>\n<\/ul>\n<p align=\"justify\">La Biblioteca en su horario de apertura ayudar\u00e1 a aquellos usuarios en las dudas que puedan tener con los deberes de la escuela o instituto, en la medida de lo posible.<\/p>\n<ul>\n<li>\n<p align=\"justify\"><span><strong>Sesiones de cuentacuentos<\/strong><\/span><\/p>\n<\/li>\n<\/ul>\n<p align=\"justify\">Peri\u00f3dicamente, realizaremos sesiones de cuentacuentos, dirigido al p\u00fablico de entre 3 y 99 a\u00f1os.<\/p>\n<ul>\n<li>\n<p align=\"justify\"><span><strong>Talleres de manualidades<\/strong><\/span><\/p>\n<\/li>\n<\/ul>\n<p align=\"justify\">Peri\u00f3dicamente realizaremos talleres de manualidades tem\u00e1ticas, para ni\u00f1os y ni\u00f1as a partir de 3 a\u00f1os.<\/p>\n<p align=\"justify\">Para conocer las fechas de las actividades, puede consultar la web del Ayuntamiento de Alcalal\u00ed as\u00ed como sus redes sociales, a trav\u00e9s de las cuales iremos informando de la programaci\u00f3n de estas actividades y noticias.<\/p>\n<p>[\/et_pb_text][\/et_pb_column][et_pb_column type=\u00bb1_3&#8243; _builder_version=\u00bb4.24.2&#8243; _module_preset=\u00bbdefault\u00bb background_image=\u00bbhttps:\/\/alcalali.es\/wp-content\/uploads\/2024\/03\/sub-ribbon.jpg\u00bb background_size=\u00bbinitial\u00bb background_position=\u00bbbottom_center\u00bb background_vertical_offset=\u00bb-1%\u00bb background_repeat=\u00bbrepeat-x\u00bb custom_padding=\u00bb30px|30px|30px|30px|true|true\u00bb border_radii=\u00bbon|30px|30px|30px|30px\u00bb border_width_all=\u00bb2px\u00bb border_color_all=\u00bb#e4dacc\u00bb global_colors_info=\u00bb{}\u00bb][et_pb_text _builder_version=\u00bb4.24.2&#8243; _module_preset=\u00bb_initial\u00bb header_5_font=\u00bbInter|700|||||||\u00bb header_5_font_size=\u00bb20px\u00bb header_5_line_height=\u00bb1.4em\u00bb text_orientation=\u00bbcenter\u00bb custom_margin=\u00bb||24px||false|false\u00bb header_5_font_size_tablet=\u00bb16px\u00bb header_5_font_size_phone=\u00bb14px\u00bb header_5_font_size_last_edited=\u00bbon|desktop\u00bb global_colors_info=\u00bb{}\u00bb]<\/p>\n<h3><strong>SERVICIOS QUE OFRECEMOS<\/strong><\/h3>\n<p>[\/et_pb_text][et_pb_text _builder_version=\u00bb4.24.2&#8243; _module_preset=\u00bb_initial\u00bb text_font=\u00bb||||||||\u00bb text_line_height=\u00bb1.6em\u00bb link_text_color=\u00bb#383838&#8243; global_colors_info=\u00bb{}\u00bb link_text_color__hover=\u00bb#EF8700&#8243; link_text_color__hover_enabled=\u00bbon|hover\u00bb]<\/p>\n<ul>\n<li>\n<p align=\"justify\"><strong>Servicio de consulta y lectura en sala:<\/strong> donde podr\u00e1s ojear, leer y curiosear todos los libros que desees de la biblioteca.<\/p>\n<\/li>\n<li>\n<p align=\"justify\"><strong>Servicio de pr\u00e9stamo:<\/strong> podr\u00e1s tomar en pr\u00e9stamo los libros de la bilioteca. Las normas del pr\u00e9stamo puedes consultarlas a continuaci\u00f3n.<\/p>\n<\/li>\n<li>\n<p align=\"justify\"><strong>Carnet de socio de la biblioteca.<\/strong><\/p>\n<\/li>\n<li>\n<p align=\"justify\"><strong>Acceso a la red Wi-fi<\/strong>, gratuitamente<\/p>\n<\/li>\n<li>\n<p align=\"justify\"><strong>Sala de estudio<\/strong> en el mismo horario de apertura de la biblioteca<\/p>\n<\/li>\n<li>\n<p align=\"justify\">Consulta del <strong>fondo de la Biblioteca<\/strong>, a continuaci\u00f3n<\/p>\n<\/li>\n<\/ul>\n<p>[\/et_pb_text][\/et_pb_column][\/et_pb_row][\/et_pb_section][et_pb_section fb_built=\u00bb1&#8243; admin_label=\u00bbServices\u00bb _builder_version=\u00bb4.22.0&#8243; _module_preset=\u00bbdefault\u00bb width=\u00bb100%\u00bb custom_padding=\u00bb0px||32px|||\u00bb locked=\u00bboff\u00bb collapsed=\u00bbon\u00bb global_colors_info=\u00bb{}\u00bb][et_pb_row column_structure=\u00bb1_3,1_3,1_3&#8243; make_equal=\u00bbon\u00bb _builder_version=\u00bb4.24.2&#8243; _module_preset=\u00bbdefault\u00bb max_width=\u00bb1800px\u00bb locked=\u00bboff\u00bb global_colors_info=\u00bb{}\u00bb][et_pb_column type=\u00bb1_3&#8243; _builder_version=\u00bb4.24.2&#8243; _module_preset=\u00bbdefault\u00bb background_image=\u00bbhttps:\/\/alcalali.es\/wp-content\/uploads\/2024\/03\/sub-ribbon.jpg\u00bb background_size=\u00bbinitial\u00bb background_position=\u00bbbottom_center\u00bb background_vertical_offset=\u00bb-1%\u00bb background_repeat=\u00bbrepeat-x\u00bb custom_padding=\u00bb30px|30px|30px|30px|true|true\u00bb border_radii=\u00bbon|30px|30px|30px|30px\u00bb border_width_all=\u00bb2px\u00bb border_color_all=\u00bb#e4dacc\u00bb global_colors_info=\u00bb{}\u00bb][et_pb_text _builder_version=\u00bb4.24.2&#8243; _module_preset=\u00bb_initial\u00bb header_5_font=\u00bbInter|700|||||||\u00bb header_5_font_size=\u00bb20px\u00bb header_5_line_height=\u00bb1.4em\u00bb text_orientation=\u00bbcenter\u00bb custom_margin=\u00bb||24px||false|false\u00bb header_5_font_size_tablet=\u00bb16px\u00bb header_5_font_size_phone=\u00bb14px\u00bb header_5_font_size_last_edited=\u00bbon|desktop\u00bb global_colors_info=\u00bb{}\u00bb]<\/p>\n<h3><strong>NORMAS PARA EL PR\u00c9STAMO DE LIBROS DE LA BIBLIOTECA MUNICIPAL<\/strong><\/h3>\n<p>[\/et_pb_text][et_pb_text _builder_version=\u00bb4.24.2&#8243; _module_preset=\u00bb_initial\u00bb text_font=\u00bb||||||||\u00bb text_line_height=\u00bb1.6em\u00bb link_text_color=\u00bb#383838&#8243; global_colors_info=\u00bb{}\u00bb link_text_color__hover=\u00bb#EF8700&#8243; link_text_color__hover_enabled=\u00bbon|hover\u00bb]<\/p>\n<p><span title=\"Art\u00edculo 1\u00ba.- \u00c1mbito de aplicaci\u00f3n.\"><strong>Art\u00edculo 1\u00ba.- \u00c1mbito de aplicaci\u00f3n.<\/strong><\/span><\/p>\n<p>La Biblioteca P\u00fablica Municipal de Alcalal\u00ed establece el servicio de pr\u00e9stamo en libros en la forma y con las limitaciones previstas en el presente Reglamento, el servicio est\u00e1 adscrito a la Concejal\u00eda de Cultura.<\/p>\n<p><span title=\"Art\u00edculo 2\u00ba.- Lectores.\"><strong>Art\u00edculo 2\u00ba.- Lectores.<\/strong><\/span><\/p>\n<p>El pr\u00e9stamo de libros se conceder\u00e1 a todas las personas, que domiciliadas en la localidad ofrezcan reconocida solvencia, bien personal o por aval, para responder de las obligaciones contra\u00eddas por el usuario del servicio.<\/p>\n<p>Por requisitos de solvencia se entender\u00e1n los siguientes sin perjuicio de aquellos que se pudiesen incorporar:<\/p>\n<ul>\n<li>Estar empadronado en el municipio.<\/li>\n<li>Ser mayor de edad o contar con autorizaci\u00f3n del padre\/madre o tutor\/tutora.<\/li>\n<\/ul>\n<p><span title=\"Art\u00edculo 3\u00ba.- Coste del servicio.\"><\/span><\/p>\n<p><strong>Art\u00edculo 3\u00ba.- Coste del servicio.<\/strong><span title=\"Art\u00edculo 3\u00ba.- Coste del servicio.\"><\/span><\/p>\n<p>El servicio de pr\u00e9stamo de libros es gratuito.<\/p>\n<p><span title=\"Art\u00edculo 4\u00ba.- Derechos de los usuarios.\"><strong>Art\u00edculo 4\u00ba.- Derechos de los usuarios.<\/strong><\/span><\/p>\n<p>Los beneficiarios del servicio tendr\u00e1n derecho al pr\u00e9stamo de libros propios de la Biblioteca, con excepci\u00f3n de los enumerados en el art\u00edculo 9\u00ba.<span title=\"Los beneficiarios del servicio tendr\u00e1n derecho al pr\u00e9stamo de libros propios de la Biblioteca, con excepci\u00f3n de los enumerados en el art\u00edculo 9\u00ba.\"><\/span><\/p>\n<p><span title=\"Art\u00edculo 5\u00ba.- Tarjeta de usuario.\"><strong>Art\u00edculo 5\u00ba.- Tarjeta de usuario.<\/strong><\/span><\/p>\n<p>La Biblioteca proveer\u00e1 a los usuarios de una tarjeta (por duplicado) cuya expedici\u00f3n se har\u00e1 mediante los requisitos apreciados en el art\u00edculo segundo y que servir\u00e1 para acreditar en cada caso el derecho a obtener el pr\u00e9stamo de libros.<\/p>\n<p>La solicitud de la tarjeta se efectuara mediante instancia espec\u00edfica del Ayuntamiento.<\/p>\n<p>&nbsp;<\/p>\n<p>[\/et_pb_text][\/et_pb_column][et_pb_column type=\u00bb1_3&#8243; _builder_version=\u00bb4.24.2&#8243; _module_preset=\u00bbdefault\u00bb background_image=\u00bbhttps:\/\/alcalali.es\/wp-content\/uploads\/2024\/03\/sub-ribbon.jpg\u00bb background_size=\u00bbinitial\u00bb background_position=\u00bbbottom_center\u00bb background_vertical_offset=\u00bb-1%\u00bb background_repeat=\u00bbrepeat-x\u00bb custom_padding=\u00bb30px|30px|30px|30px|true|true\u00bb border_radii=\u00bbon|30px|30px|30px|30px\u00bb border_width_all=\u00bb2px\u00bb border_color_all=\u00bb#e4dacc\u00bb global_colors_info=\u00bb{}\u00bb][et_pb_text _builder_version=\u00bb4.24.2&#8243; _module_preset=\u00bb_initial\u00bb text_font=\u00bb||||||||\u00bb text_line_height=\u00bb1.6em\u00bb link_text_color=\u00bb#383838&#8243; global_colors_info=\u00bb{}\u00bb link_text_color__hover=\u00bb#EF8700&#8243; link_text_color__hover_enabled=\u00bbon|hover\u00bb]<\/p>\n<p><span title=\"Art\u00edculo 6\u00ba.- Validez de las tarjetas.\"><strong>Art\u00edculo 6\u00ba.- Validez de las tarjetas.<\/strong><\/span><\/p>\n<p>Estas tarjetas tendr\u00e1n la validez de dos a\u00f1os y estar\u00e1n numeradas correlativamente, en concordancia con un registro que llevara la Biblioteca, con lo datos siguientes:\u00a0<\/p>\n<ul>\n<li>N\u00famero<\/li>\n<li>Fecha y expedici\u00f3n<\/li>\n<li>Nombre y domicilio del usuario y del padre\/madre o tutor\/tutora en su caso.<\/li>\n<\/ul>\n<p><span title=\"Nombre y domicilio del usuario y del padre\/madre o tutor\/tutora en su caso.\"><br \/><\/span><span title=\"Art\u00edculo 7\u00ba.- Obligaciones del Lector\"><strong>Art\u00edculo 7\u00ba.- Obligaciones del Lector<\/strong><\/span><\/p>\n<p>El lector que obtiene el pr\u00e9stamo est\u00e1 obligado a cuidar el libro con toda diligencia y a no cederlo a otra persona. Responder\u00e1 a su valor total en caso de deterioro o p\u00e9rdida.<\/p>\n<p><span title=\"Art\u00edculo 8.- Plazos para la devoluci\u00f3n de los libros de la Biblioteca\"><strong>Article 8. &#8211; Terminis per a la devoluci\u00f3 dels llibres de la Biblioteca<\/strong><\/span><\/p>\n<p>El plazo m\u00e1ximo del pr\u00e9stamo ser\u00e1 de treinta d\u00edas naturales desde su retirada, y la no devoluci\u00f3n del libro dentro del plazo marcado, ser\u00e1 objeto de una sanci\u00f3n econ\u00f3mica, consistente en la cantidad de dos euros por cada d\u00eda de retraso que se har\u00e1 efectiva contra recibo expedido por el Ayuntamiento. La negativa a su abono por parte del lector llevara consigo la p\u00e9rdida de la condici\u00f3n de usuario del servicio durante un plazo de cinco a\u00f1os, respondiendo solidariamente el padre\/madre o tutor\/tutora en caso de existir. Caso de no proceder a la devoluci\u00f3n el Ayuntamiento iniciara las acciones legales necesarias para que la devoluci\u00f3n sea realizada.<\/p>\n<p><span title=\"Art\u00edculo 9.- Exclusiones.\"><strong>Art\u00edculo 9.- Exclusiones.<\/strong><\/span><\/p>\n<p>Quedan excluidos del pr\u00e9stamo las enciclopedias y los diccionarios; los libros de consulta general, como tratados bibliogr\u00e1ficos, cat\u00e1logos y, en general, las obras de gran formato, las revistas, peri\u00f3dicos y los libros con encuadernaciones ricas y de l\u00e1minas muy numerosas, los cuales solo podr\u00e1n ser consultados en el Ayuntamiento dentro de los horarios establecidos.<\/p>\n<p class=\"DUwDvf lfPIob\">[\/et_pb_text][\/et_pb_column][et_pb_column type=\u00bb1_3&#8243; _builder_version=\u00bb4.24.2&#8243; _module_preset=\u00bbdefault\u00bb background_image=\u00bbhttps:\/\/alcalali.es\/wp-content\/uploads\/2024\/03\/sub-ribbon.jpg\u00bb background_size=\u00bbinitial\u00bb background_position=\u00bbbottom_center\u00bb background_vertical_offset=\u00bb-1%\u00bb background_repeat=\u00bbrepeat-x\u00bb custom_padding=\u00bb30px|30px|30px|30px|true|true\u00bb border_radii=\u00bbon|30px|30px|30px|30px\u00bb border_width_all=\u00bb2px\u00bb border_color_all=\u00bb#e4dacc\u00bb global_colors_info=\u00bb{}\u00bb][et_pb_text _builder_version=\u00bb4.24.2&#8243; _module_preset=\u00bb_initial\u00bb text_font=\u00bb||||||||\u00bb text_line_height=\u00bb1.6em\u00bb link_text_color=\u00bb#383838&#8243; global_colors_info=\u00bb{}\u00bb link_text_color__hover=\u00bb#EF8700&#8243; link_text_color__hover_enabled=\u00bbon|hover\u00bb]<\/p>\n<p class=\"DUwDvf lfPIob\"><span title=\"Art\u00edculo 10\u00ba.- Procedimiento para la petici\u00f3n de libros.\"><strong><\/strong><\/span><\/p>\n<p class=\"DUwDvf lfPIob\"><span title=\"Art\u00edculo 10\u00ba.- Procedimiento para la petici\u00f3n de libros.\"><strong>Art\u00edculo 10\u00ba.- Procedimiento para la petici\u00f3n de libros.<\/strong><\/span><\/p>\n<p>La persona interesada en hacer uso del servicio de pr\u00e9stamo de libros de la Biblioteca municipal deber\u00e1 acceder a la p\u00e1gina web del Ayuntamiento de Alcalal\u00ed www.alcalali.es en donde encontrara el listado en pdf. de los libros de que se dispone en la Biblioteca. En la p\u00e1gina web tambi\u00e9n encontrara los modelos de instancias que habr\u00e1n de servirle tanto para la solicitud de la Tarjeta de Usuario como para la petici\u00f3n del pr\u00e9stamo de los libros.<\/p>\n<p>Una vez obtenida por el interesado la Tarjeta de Usuario, este podr\u00e1 comenzar a hacer uso del servicio presentando la instancia de solicitud para el pr\u00e9stamo de libros en el Registro General del Ayuntamiento.<\/p>\n<p>Transcurridos dos d\u00edas h\u00e1biles desde la presentaci\u00f3n de la solicitud, el interesado podr\u00e1 acudir al Registro General del Ayuntamiento para retirar los libros solicitados, comenzando el c\u00f3mputo de los d\u00edas para su devoluci\u00f3n, debiendo los libros ser devueltos igualmente al Registro General del Ayuntamiento.<\/p>\n<p>Cada usuario no podr\u00e1 disponer de m\u00e1s de cinco libros de forma simult\u00e1nea.<\/p>\n<p><span title=\"Art\u00edculo 11\u00ba.- Padre\/madre o tutor\/tutora.\"><strong>Art\u00edculo 11\u00ba.- Padre\/madre o tutor\/tutora.<\/strong><\/span><\/p>\n<p><span title=\"La persona que act\u00fae como el padre\/madre o tutor\/tutora de un usuario\/a para la obtenci\u00f3n de la Tarjeta de Lector por ser \u00e9ste menor de edad y que por s\u00ed mismo no re\u00fana las condiciones de solvencia, ser\u00e1 responsable solidario de los actos\">La persona que act\u00fae como el padre\/madre o tutor\/tutora de un usuario\/a para la obtenci\u00f3n de la Tarjeta de Lector por ser \u00e9ste menor de edad y que por s\u00ed mismo no re\u00fana las condiciones de solvencia, ser\u00e1 responsable solidario de los actos cometidos por el mismo.<\/span><\/p>\n<p><span title=\"Art\u00edculo 12\u00ba.- Interpretaci\u00f3n del reglamento y subsanaci\u00f3n de incidencias.\"><strong>Art\u00edculo 12\u00ba.- Interpretaci\u00f3n del reglamento y subsanaci\u00f3n de incidencias.<\/strong><\/span><\/p>\n<p>Se faculta al Alcalde Presidente para la interpretaci\u00f3n del presente reglamento y en su caso al Concejal delegado de Cultura por delegaci\u00f3n expresa.<\/p>\n<p><span title=\"Puede descargarse las normas pinchando aqu\u00ed.\"><span>Puede descargarse las normas pinchando <\/span><strong><a href=\"\/wp-content\/uploads\/archivos\/archivo318.pdf\">aqu\u00ed<\/a><\/strong>.<\/span><\/p>\n<p>[\/et_pb_text][\/et_pb_column][\/et_pb_row][\/et_pb_section][et_pb_section fb_built=\u00bb1&#8243; admin_label=\u00bbServices\u00bb _builder_version=\u00bb4.22.0&#8243; _module_preset=\u00bbdefault\u00bb custom_padding=\u00bb||32px|||\u00bb locked=\u00bboff\u00bb collapsed=\u00bbon\u00bb global_colors_info=\u00bb{}\u00bb][\/et_pb_section]<\/p>\n","protected":false},"excerpt":{"rendered":"<p>BIBLIOTECA MUNICIPALBiblioteca municipalINFORMACI\u00d3N GENERALUbicaci\u00f3n: Carrer Sequeret n\u00ba 2 d\u2019Alcalal\u00ed Contacto: biblioteca@alcalali.es \/ 96.648.20.24 Horario: Martes de 16:30 a 19:30 (meses de julio y agosto cerrado) INSTALACIONES La Biblioteca Municipal de Alcalal\u00ed es accesible y consta de los siguientes espacios: Zona de consulta y lectura: donde podr\u00e1s leer y consultar el fondo de la biblioteca. Zona [&hellip;]<\/p>\n","protected":false},"author":2,"featured_media":0,"parent":0,"menu_order":0,"comment_status":"closed","ping_status":"closed","template":"","meta":{"_et_pb_use_builder":"on","_et_pb_old_content":"","_et_gb_content_width":"","_joinchat":[],"footnotes":""},"class_list":["post-30394","page","type-page","status-publish","hentry"],"_links":{"self":[{"href":"https:\/\/alcalali.es\/es\/wp-json\/wp\/v2\/pages\/30394","targetHints":{"allow":["GET"]}}],"collection":[{"href":"https:\/\/alcalali.es\/es\/wp-json\/wp\/v2\/pages"}],"about":[{"href":"https:\/\/alcalali.es\/es\/wp-json\/wp\/v2\/types\/page"}],"author":[{"embeddable":true,"href":"https:\/\/alcalali.es\/es\/wp-json\/wp\/v2\/users\/2"}],"replies":[{"embeddable":true,"href":"https:\/\/alcalali.es\/es\/wp-json\/wp\/v2\/comments?post=30394"}],"version-history":[{"count":10,"href":"https:\/\/alcalali.es\/es\/wp-json\/wp\/v2\/pages\/30394\/revisions"}],"predecessor-version":[{"id":34993,"href":"https:\/\/alcalali.es\/es\/wp-json\/wp\/v2\/pages\/30394\/revisions\/34993"}],"wp:attachment":[{"href":"https:\/\/alcalali.es\/es\/wp-json\/wp\/v2\/media?parent=30394"}],"curies":[{"name":"wp","href":"https:\/\/api.w.org\/{rel}","templated":true}]}}