{"id":30388,"date":"2024-03-05T08:01:15","date_gmt":"2024-03-05T08:01:15","guid":{"rendered":"https:\/\/alcalali.es\/?page_id=30388"},"modified":"2024-07-05T10:22:32","modified_gmt":"2024-07-05T10:22:32","slug":"agencia-de-desarrollo-local","status":"publish","type":"page","link":"https:\/\/alcalali.es\/es\/agencia-de-desarrollo-local\/","title":{"rendered":"Agencia de desarrollo local"},"content":{"rendered":"<p>[et_pb_section fb_built=\u00bb1&#8243; admin_label=\u00bbHeader\u00bb _builder_version=\u00bb4.24.2&#8243; _module_preset=\u00bbdefault\u00bb use_background_color_gradient=\u00bbon\u00bb background_color_gradient_stops=\u00bb#f2f0eb 0%|rgba(242,240,235,0) 100%\u00bb background_color_gradient_overlays_image=\u00bbon\u00bb background_image=\u00bbhttps:\/\/alcalali.es\/wp-content\/uploads\/2024\/03\/fes2020_62.jpg\u00bb custom_padding=\u00bb5vw||5vw||true|false\u00bb border_radii=\u00bboff|||3vw|3vw\u00bb locked=\u00bboff\u00bb collapsed=\u00bbon\u00bb global_colors_info=\u00bb{}\u00bb][et_pb_row _builder_version=\u00bb4.24.2&#8243; _module_preset=\u00bbdefault\u00bb max_width=\u00bb1800px\u00bb global_colors_info=\u00bb{}\u00bb][et_pb_column type=\u00bb4_4&#8243; _builder_version=\u00bb4.22.0&#8243; _module_preset=\u00bbdefault\u00bb global_colors_info=\u00bb{}\u00bb][et_pb_text _builder_version=\u00bb4.24.2&#8243; _module_preset=\u00bb_initial\u00bb header_font=\u00bbInter|700|||||||\u00bb header_text_color=\u00bb#383838&#8243; header_font_size=\u00bb90px\u00bb header_line_height=\u00bb1.1em\u00bb text_orientation=\u00bbcenter\u00bb max_width=\u00bb1440px\u00bb module_alignment=\u00bbcenter\u00bb custom_margin=\u00bb||10px||false|false\u00bb header_font_size_tablet=\u00bb40px\u00bb header_font_size_phone=\u00bb24px\u00bb header_font_size_last_edited=\u00bbon|desktop\u00bb global_colors_info=\u00bb{}\u00bb]<\/p>\n<h1>AGENCIA DE DESARROLLO LOCAL<\/h1>\n<p>[\/et_pb_text][\/et_pb_column][\/et_pb_row][\/et_pb_section][et_pb_section fb_built=\u00bb1&#8243; admin_label=\u00bbServices\u00bb _builder_version=\u00bb4.22.0&#8243; _module_preset=\u00bbdefault\u00bb custom_padding=\u00bb||32px|||\u00bb locked=\u00bboff\u00bb collapsed=\u00bbon\u00bb global_colors_info=\u00bb{}\u00bb][et_pb_row column_structure=\u00bb1_3,1_3,1_3&#8243; _builder_version=\u00bb4.22.0&#8243; _module_preset=\u00bbdefault\u00bb max_width=\u00bb1800px\u00bb global_colors_info=\u00bb{}\u00bb][et_pb_column type=\u00bb1_3&#8243; _builder_version=\u00bb4.22.0&#8243; _module_preset=\u00bbdefault\u00bb global_colors_info=\u00bb{}\u00bb][et_pb_text _builder_version=\u00bb4.24.2&#8243; _module_preset=\u00bb_initial\u00bb text_font=\u00bb||||||||\u00bb text_text_color=\u00bb#000000&#8243; text_font_size=\u00bb20px\u00bb text_line_height=\u00bb1.6em\u00bb background_color=\u00bb#E4DACC\u00bb custom_padding=\u00bb50px|40px|50px|40px|true|true\u00bb border_radii=\u00bbon|15px|15px|15px|15px\u00bb locked=\u00bboff\u00bb global_colors_info=\u00bb{}\u00bb]<\/p>\n<p><strong>ADL ALCALAL\u00cd<\/strong><\/p>\n<p>La Agencia de Desarrollo Local (ADL) es un <strong>servicio p\u00fablico y gratuito<\/strong> que el Ayuntamiento de Alcalal\u00ed pone a disposici\u00f3n de desempleados, empresarios, emprendedores y agentes implicados en el desarrollo socioecon\u00f3mico de nuestro territorio.<\/p>\n<p>La ADL desarrolla, entre otras, las siguientes <strong>funciones<\/strong>:<\/p>\n<p>[\/et_pb_text][\/et_pb_column][et_pb_column type=\u00bb1_3&#8243; _builder_version=\u00bb4.22.0&#8243; _module_preset=\u00bbdefault\u00bb global_colors_info=\u00bb{}\u00bb][et_pb_text _builder_version=\u00bb4.24.2&#8243; _module_preset=\u00bb_initial\u00bb text_font=\u00bb||||||||\u00bb text_line_height=\u00bb1.6em\u00bb global_colors_info=\u00bb{}\u00bb]<\/p>\n<ul>\n<li>Prospecci\u00f3n de recursos ociosos o infrautilizados de proyectos empresariales de promoci\u00f3n econ\u00f3mica local e iniciativas innovadoras para la generaci\u00f3n de empleo, que sirvan para identificar nuevas actividades econ\u00f3micas, as\u00ed como detecci\u00f3n de nuevos yacimiento de empleo.<\/li>\n<li>Difusi\u00f3n y est\u00edmulo de las potenciales oportunidades de creaci\u00f3n de actividad entre personas desempleadas, promotores, emprendedores e instituciones colaboradoras.<\/li>\n<li>Acompa\u00f1amiento t\u00e9cnico en la iniciaci\u00f3n de proyectos empresariales para su consolidaci\u00f3n en empresas generadoras de nuevos empleos, asesorando e informando sobre la viabilidad t\u00e9cnica, econ\u00f3- mica y financiera y, en general, sobre los planes de lanzamientos de las empresas.<\/li>\n<li>Apoyo a promotores de las empresas, una vez constituidas \u00e9stas, acompa\u00f1ando t\u00e9cnicamente a los mismos durante las primeras etapas de funcionamiento mediante la aplicaci\u00f3n de t\u00e9cnicas de consultor\u00eda en gesti\u00f3n empresarial y asistencia en los procesos formativos adecuados para coadyuvar a la buena marcha de las empresas creadas.<\/li>\n<li>Acciones de difusi\u00f3n e informaci\u00f3n sobre los servicios y pol\u00edticas activas del SERVEF, asesoramiento y apoyo sobre los programas de subvenciones en materia de formaci\u00f3n, inserci\u00f3n y empleo.<\/li>\n<li>Participaci\u00f3n en cursos, jornadas, foros, eventos e intercambio de experiencias en relaci\u00f3n con las pol\u00edticas de empleo.<\/li>\n<li>Detecci\u00f3n de necesidades formativas o de cualquier otra acci\u00f3n que contribuya a garantizar la misi\u00f3n principal enunciada en el art\u00edculo anterior.<\/li>\n<li>Atender las instrucciones del SERVEF y cumplimentar los cuestionarios que le sean requeridos en la aplicaci\u00f3n inform\u00e1tica dise\u00f1ada al efecto.<\/li>\n<li>Establecer relaciones de coordinaci\u00f3n con el SERVEF y con el Pacto Territorial de Empleo que pudiera existir en su territorio.<\/li>\n<li>Impulsar actuaciones conjuntas de colaboraci\u00f3n de los AEDL de la\/s comarca\/s. Esta funci\u00f3n podr\u00e1 ser asumida espec\u00edficamente por las entidades supramunicipales, que deber\u00e1n coordinar tales actuaciones en su \u00e1mbito territorial, preferentemente mediante la utilizaci\u00f3n de nuevas tecnolog\u00edas.<\/li>\n<\/ul>\n<p>[\/et_pb_text][\/et_pb_column][et_pb_column type=\u00bb1_3&#8243; _builder_version=\u00bb4.22.0&#8243; _module_preset=\u00bbdefault\u00bb global_colors_info=\u00bb{}\u00bb][et_pb_image src=\u00bbhttps:\/\/alcalali.es\/wp-content\/uploads\/2024\/03\/fes2020_14-adl.jpg\u00bb title_text=\u00bbfes2020_14-adl\u00bb _builder_version=\u00bb4.24.2&#8243; _module_preset=\u00bbdefault\u00bb custom_margin=\u00bb70px|||||\u00bb custom_margin_tablet=\u00bb70px|||||\u00bb custom_margin_phone=\u00bb70px|||||\u00bb custom_margin_last_edited=\u00bbon|phone\u00bb scroll_vertical_motion_enable=\u00bbon\u00bb scroll_vertical_motion=\u00bb0|70|70|100|0.3|0|0.4&#8243; motion_trigger_start=\u00bbtop\u00bb border_radii=\u00bbon|15px|15px|15px|15px\u00bb border_width_all=\u00bb5px\u00bb border_color_all=\u00bb#E4DACC\u00bb global_colors_info=\u00bb{}\u00bb][\/et_pb_image][\/et_pb_column][\/et_pb_row][\/et_pb_section][et_pb_section fb_built=\u00bb1&#8243; admin_label=\u00bbServices\u00bb _builder_version=\u00bb4.22.0&#8243; _module_preset=\u00bbdefault\u00bb custom_padding=\u00bb||32px|||\u00bb locked=\u00bboff\u00bb collapsed=\u00bbon\u00bb global_colors_info=\u00bb{}\u00bb][et_pb_row column_structure=\u00bb1_3,2_3&#8243; make_equal=\u00bbon\u00bb _builder_version=\u00bb4.24.2&#8243; _module_preset=\u00bbdefault\u00bb max_width=\u00bb1800px\u00bb locked=\u00bboff\u00bb global_colors_info=\u00bb{}\u00bb][et_pb_column type=\u00bb1_3&#8243; _builder_version=\u00bb4.24.2&#8243; _module_preset=\u00bbdefault\u00bb background_image=\u00bbhttps:\/\/alcalali.es\/wp-content\/uploads\/2024\/03\/sub-ribbon.jpg\u00bb background_size=\u00bbinitial\u00bb background_position=\u00bbbottom_center\u00bb background_vertical_offset=\u00bb-1%\u00bb background_repeat=\u00bbrepeat-x\u00bb custom_padding=\u00bb30px|30px|30px|30px|true|true\u00bb border_radii=\u00bbon|30px|30px|30px|30px\u00bb border_width_all=\u00bb2px\u00bb border_color_all=\u00bb#e4dacc\u00bb global_colors_info=\u00bb{}\u00bb][et_pb_text _builder_version=\u00bb4.24.2&#8243; _module_preset=\u00bb_initial\u00bb header_5_font=\u00bbInter|700|||||||\u00bb header_5_font_size=\u00bb20px\u00bb header_5_line_height=\u00bb1.4em\u00bb custom_margin=\u00bb||0px||false|false\u00bb header_5_font_size_tablet=\u00bb16px\u00bb header_5_font_size_phone=\u00bb14px\u00bb header_5_font_size_last_edited=\u00bbon|desktop\u00bb global_colors_info=\u00bb{}\u00bb]<\/p>\n<h5><strong>Datos de contacto<\/strong><\/h5>\n<p>[\/et_pb_text][et_pb_text _builder_version=\u00bb4.26.0&#8243; _module_preset=\u00bb_initial\u00bb text_font=\u00bb||||||||\u00bb text_line_height=\u00bb1.6em\u00bb link_text_color=\u00bb#383838&#8243; hover_enabled=\u00bb0&#8243; global_colors_info=\u00bb{}\u00bb link_text_color__hover=\u00bb#EF8700&#8243; link_text_color__hover_enabled=\u00bbon|hover\u00bb sticky_enabled=\u00bb0&#8243;]<\/p>\n<p>&nbsp;<\/p>\n<p>Ayuntamiento de Alcalal\u00ed &#8211; Agencia de Desarrollo Local<\/p>\n<p>Persona de contacto: Ana Ivars Marco<\/p>\n<p>Carrer Major, n \u00ba 10, CP. 03728<\/p>\n<p>Tel 96.648.20.24 \/ Fax. 96.648.20.01<\/p>\n<p>E-mail:<span> adl<\/span><a href=\"mailto:alcalali@alcalali.es\" target=\"_blank\" rel=\"noopener\">@alcalali.es<\/a><\/p>\n<p>[\/et_pb_text][\/et_pb_column][et_pb_column type=\u00bb2_3&#8243; _builder_version=\u00bb4.24.2&#8243; _module_preset=\u00bbdefault\u00bb background_image=\u00bbhttps:\/\/alcalali.es\/wp-content\/uploads\/2024\/03\/sub-ribbon.jpg\u00bb background_size=\u00bbinitial\u00bb background_position=\u00bbbottom_center\u00bb background_vertical_offset=\u00bb-1%\u00bb background_repeat=\u00bbrepeat-x\u00bb custom_padding=\u00bb0px|0px|0px|0px|true|true\u00bb border_radii=\u00bbon|30px|30px|30px|30px\u00bb border_width_all=\u00bb2px\u00bb border_color_all=\u00bb#e4dacc\u00bb global_colors_info=\u00bb{}\u00bb][et_pb_code _builder_version=\u00bb4.24.2&#8243; _module_preset=\u00bbdefault\u00bb custom_margin=\u00bb0px|0px|0px|0px|false|false\u00bb custom_padding=\u00bb0px|0px|0px|0px|false|false\u00bb global_colors_info=\u00bb{}\u00bb]<iframe src=\"https:\/\/www.google.com\/maps\/embed?pb=!1m18!1m12!1m3!1d1308.2666563885084!2d-0.04279908060041276!3d38.74993957293852!2m3!1f0!2f0!3f0!3m2!1i1024!2i768!4f13.1!3m3!1m2!1s0xd61fc32342fd023%3A0x5cfc28128d7bcbe1!2sC.%20Mayor%2C%2010%2C%2003728%20Alcalal%C3%AD%2C%20Alicante!5e0!3m2!1ses!2ses!4v1709626474295!5m2!1ses!2ses\" width=\"100%\" height=\"400\" style=\"border:0;\" allowfullscreen=\"\" loading=\"lazy\" referrerpolicy=\"no-referrer-when-downgrade\"><\/iframe>[\/et_pb_code][\/et_pb_column][\/et_pb_row][\/et_pb_section]<\/p>\n","protected":false},"excerpt":{"rendered":"<p>AGENCIA DE DESARROLLO LOCALADL ALCALAL\u00cd La Agencia de Desarrollo Local (ADL) es un servicio p\u00fablico y gratuito que el Ayuntamiento de Alcalal\u00ed pone a disposici\u00f3n de desempleados, empresarios, emprendedores y agentes implicados en el desarrollo socioecon\u00f3mico de nuestro territorio. La ADL desarrolla, entre otras, las siguientes funciones: Prospecci\u00f3n de recursos ociosos o infrautilizados de proyectos [&hellip;]<\/p>\n","protected":false},"author":2,"featured_media":0,"parent":0,"menu_order":0,"comment_status":"closed","ping_status":"closed","template":"","meta":{"_et_pb_use_builder":"on","_et_pb_old_content":"","_et_gb_content_width":"","_joinchat":[],"footnotes":""},"class_list":["post-30388","page","type-page","status-publish","hentry"],"_links":{"self":[{"href":"https:\/\/alcalali.es\/es\/wp-json\/wp\/v2\/pages\/30388","targetHints":{"allow":["GET"]}}],"collection":[{"href":"https:\/\/alcalali.es\/es\/wp-json\/wp\/v2\/pages"}],"about":[{"href":"https:\/\/alcalali.es\/es\/wp-json\/wp\/v2\/types\/page"}],"author":[{"embeddable":true,"href":"https:\/\/alcalali.es\/es\/wp-json\/wp\/v2\/users\/2"}],"replies":[{"embeddable":true,"href":"https:\/\/alcalali.es\/es\/wp-json\/wp\/v2\/comments?post=30388"}],"version-history":[{"count":5,"href":"https:\/\/alcalali.es\/es\/wp-json\/wp\/v2\/pages\/30388\/revisions"}],"predecessor-version":[{"id":32114,"href":"https:\/\/alcalali.es\/es\/wp-json\/wp\/v2\/pages\/30388\/revisions\/32114"}],"wp:attachment":[{"href":"https:\/\/alcalali.es\/es\/wp-json\/wp\/v2\/media?parent=30388"}],"curies":[{"name":"wp","href":"https:\/\/api.w.org\/{rel}","templated":true}]}}