{"id":30380,"date":"2024-03-04T15:14:27","date_gmt":"2024-03-04T15:14:27","guid":{"rendered":"https:\/\/alcalali.es\/?page_id=30380"},"modified":"2026-05-15T05:59:13","modified_gmt":"2026-05-15T05:59:13","slug":"buzon-ciudadano","status":"publish","type":"page","link":"https:\/\/alcalali.es\/es\/buzon-ciudadano\/","title":{"rendered":"Buz\u00f3n ciudadano"},"content":{"rendered":"\n<div class=\"et_pb_section_0 et_pb_section et_section_regular et_block_section\"><div class=\"et_pb_row_0 et_pb_row et_block_row\"><div class=\"et_pb_column_0 et_pb_column et_pb_column_4_4 et-last-child et_block_column et_pb_css_mix_blend_mode_passthrough\"><div class=\"et_pb_text_0 et_pb_text et_pb_bg_layout_light et_pb_module et_block_module et_pb_text_align_center\"><div class=\"et_pb_text_inner\"><h1>BUZ\u00d3N CIUDADANO<\/h1>\n<\/div><\/div><\/div><\/div><\/div><div class=\"et_pb_section_1 et_pb_section et_section_regular et_block_section\"><div class=\"et_pb_row_1 et_pb_row et_block_row\"><div class=\"et_pb_column_1 et_pb_column et_pb_column_4_4 et-last-child et_block_column et_pb_css_mix_blend_mode_passthrough\"><div class=\"et_pb_text_1 et_pb_text et_pb_bg_layout_light et_pb_module et_block_module\"><div class=\"et_pb_text_inner\"><h2>Buz\u00f3n ciudadano<\/h2>\n<\/div><\/div><div class=\"et_pb_text_2 et_pb_text et_pb_bg_layout_light et_pb_module et_block_module\"><div class=\"et_pb_text_inner\"><p>Desde este buz\u00f3n podr\u00e1s ponerte en contacto con el Ayuntamiento para trasladar cualquier sugerencia, pregunta o incidencia en nuestro municipio. Si lo deseas puedes adjuntar un archivo (jpg, pdf\u2026) para documentar tu consulta. Todas las consultas ser\u00e1s respondidas en privado. El Ayuntamiento de Alcalal\u00ed se reserva el derecho de publicar aquellas que crea de inter\u00e9s para el resto de ciudadanos.<\/p>\n<p>&nbsp;<\/p>\n<\/div><\/div><\/div><\/div><\/div><div class=\"et_pb_section_2 et_pb_section et_section_regular et_block_section\"><div class=\"et_pb_row_2 et_pb_row et_pb_equal_columns et_block_row\"><div class=\"et_pb_column_2 et_pb_column et_pb_column_4_4 et-last-child et_block_column et_pb_css_mix_blend_mode_passthrough\"><div class=\"et_pb_text_3 et_pb_text et_pb_bg_layout_light et_pb_module et_block_module\"><div class=\"et_pb_text_inner\"><p>Ponte en contacto<\/p>\n<\/div><\/div><div class=\"et_pb_code_0 et_pb_code et_pb_module\"><div class=\"et_pb_code_inner\"><p class=\"wpcf7-contact-form-not-found\"><strong>Error:<\/strong> Formulario de contacto no encontrado.<\/p><\/div><\/div><div class=\"et_pb_text_4 et_pb_text et_pb_bg_layout_light et_pb_module et_block_module\"><div class=\"et_pb_text_inner\"><p><strong>Tratamiento de datos personales<\/strong><\/p>\n<p>Los Datos personales contenidos en el presente formulario son recogidos bajo el consentimiento del afectado y ser\u00e1n a objeto de tratamiento automatizado e incorporados al Sistema de Ayuntamiento de Alcalal\u00ed. El uso de tales datos se restringir\u00e1 exclusivamente a la gesti\u00f3n municipal, pudiendo procederse a su cesi\u00f3n o comunicaci\u00f3n a otras Administraciones P\u00fablicas o terceros en los supuestos previstos en la Ley Org\u00e1nica 15\/1999 de 13 de diciembre de Protecci\u00f3n de Datos de Car\u00e1cter Personal. Los interesados podr\u00e1n ejercitar los derechos de acceso, cancelaci\u00f3n, rectificaci\u00f3n y oposici\u00f3n a trav\u00e9s del Ayuntamiento de Alcalal\u00ed.<\/p>\n<\/div><\/div><\/div><\/div><\/div><div class=\"et_pb_section_3 et_pb_section et_section_regular et_block_section\"><\/div>\n","protected":false},"excerpt":{"rendered":"","protected":false},"author":2,"featured_media":0,"parent":0,"menu_order":0,"comment_status":"closed","ping_status":"closed","template":"","meta":{"_joinchat":[],"footnotes":""},"class_list":["post-30380","page","type-page","status-publish","hentry"],"_links":{"self":[{"href":"https:\/\/alcalali.es\/es\/wp-json\/wp\/v2\/pages\/30380","targetHints":{"allow":["GET"]}}],"collection":[{"href":"https:\/\/alcalali.es\/es\/wp-json\/wp\/v2\/pages"}],"about":[{"href":"https:\/\/alcalali.es\/es\/wp-json\/wp\/v2\/types\/page"}],"author":[{"embeddable":true,"href":"https:\/\/alcalali.es\/es\/wp-json\/wp\/v2\/users\/2"}],"replies":[{"embeddable":true,"href":"https:\/\/alcalali.es\/es\/wp-json\/wp\/v2\/comments?post=30380"}],"version-history":[{"count":6,"href":"https:\/\/alcalali.es\/es\/wp-json\/wp\/v2\/pages\/30380\/revisions"}],"predecessor-version":[{"id":35079,"href":"https:\/\/alcalali.es\/es\/wp-json\/wp\/v2\/pages\/30380\/revisions\/35079"}],"wp:attachment":[{"href":"https:\/\/alcalali.es\/es\/wp-json\/wp\/v2\/media?parent=30380"}],"curies":[{"name":"wp","href":"https:\/\/api.w.org\/{rel}","templated":true}]}}