{"id":30343,"date":"2024-03-04T11:36:16","date_gmt":"2024-03-04T11:36:16","guid":{"rendered":"https:\/\/alcalali.es\/?page_id=30343"},"modified":"2026-05-15T05:59:03","modified_gmt":"2026-05-15T05:59:03","slug":"callejero","status":"publish","type":"page","link":"https:\/\/alcalali.es\/es\/callejero\/","title":{"rendered":"Callejero"},"content":{"rendered":"\n<div class=\"et_pb_section_0 et_pb_section et_section_regular et_block_section\"><div class=\"et_pb_row_0 et_pb_row et_block_row\"><div class=\"et_pb_column_0 et_pb_column et_pb_column_4_4 et-last-child et_block_column et_pb_css_mix_blend_mode_passthrough\"><div class=\"et_pb_text_0 et_pb_text et_pb_bg_layout_light et_pb_module et_block_module et_pb_text_align_center\"><div class=\"et_pb_text_inner\"><h1>CALLEJERO<\/h1>\n<\/div><\/div><\/div><\/div><\/div><div class=\"et_pb_section_1 et_pb_section et_section_regular et_block_section\"><div class=\"et_pb_row_1 et_pb_row et_pb_equal_columns et_block_row\"><div class=\"et_pb_column_1 et_pb_column et_pb_column_2_5 et_block_column et_pb_css_mix_blend_mode_passthrough\"><div class=\"et_pb_text_1 et_pb_text et_pb_bg_layout_light et_pb_module et_block_module\"><div class=\"et_pb_text_inner\"><h5>Callejero<\/h5>\n<\/div><\/div><div class=\"et_pb_text_2 et_pb_text et_pb_bg_layout_light et_pb_module et_block_module\"><div class=\"et_pb_text_inner\"><p>Alcalal\u00ed est\u00e1 situado en la zona norte de la provincia de Alicante, junto al l\u00edmite con la provincia de Valencia.<\/p>\n<\/div><\/div><div class=\"et_pb_image_0 et_pb_image et_pb_module et_block_module\"><span class=\"et_pb_image_wrap\"><img loading=\"lazy\" decoding=\"async\" src=\"https:\/\/alcalali.es\/wp-content\/uploads\/2024\/03\/imagen122m-crop.jpg\" width=\"642\" height=\"688\" srcset=\"https:\/\/alcalali.es\/wp-content\/uploads\/2024\/03\/imagen122m-crop.jpg 642w, https:\/\/alcalali.es\/wp-content\/uploads\/2024\/03\/imagen122m-crop-480x514.jpg 480w\" sizes=\"(min-width: 0px) and (max-width: 480px) 480px, (min-width: 481px) 642px, 100vw\" class=\"wp-image-29683\" title=\"imagen122m-crop\" \/><\/span><\/div><\/div><div class=\"et_pb_column_2 et_pb_column et_pb_column_3_5 et-last-child et_block_column et_pb_css_mix_blend_mode_passthrough\"><div class=\"et_pb_image_1 et_pb_image et_pb_module et_block_module\"><span class=\"et_pb_image_wrap\"><img loading=\"lazy\" decoding=\"async\" src=\"https:\/\/alcalali.es\/wp-content\/uploads\/2024\/03\/Callejero-de-Alcalali-Alcalali-Turismo.jpg\" width=\"1797\" height=\"1263\" srcset=\"https:\/\/alcalali.es\/wp-content\/uploads\/2024\/03\/Callejero-de-Alcalali-Alcalali-Turismo.jpg 1797w, https:\/\/alcalali.es\/wp-content\/uploads\/2024\/03\/Callejero-de-Alcalali-Alcalali-Turismo-1280x900.jpg 1280w, https:\/\/alcalali.es\/wp-content\/uploads\/2024\/03\/Callejero-de-Alcalali-Alcalali-Turismo-980x689.jpg 980w, https:\/\/alcalali.es\/wp-content\/uploads\/2024\/03\/Callejero-de-Alcalali-Alcalali-Turismo-480x337.jpg 480w\" sizes=\"(min-width: 0px) and (max-width: 480px) 480px, (min-width: 481px) and (max-width: 980px) 980px, (min-width: 981px) and (max-width: 1280px) 1280px, (min-width: 1281px) 1797px, 100vw\" class=\"wp-image-29682\" title=\"Callejero-de-Alcalal\u00ed-Alcalal\u00ed-Turismo\" \/><\/span><\/div><\/div><\/div><\/div><div class=\"et_pb_section_2 et_pb_section et_section_regular et_block_section\"><\/div>\n","protected":false},"excerpt":{"rendered":"","protected":false},"author":2,"featured_media":0,"parent":0,"menu_order":0,"comment_status":"closed","ping_status":"closed","template":"","meta":{"_joinchat":[],"footnotes":""},"class_list":["post-30343","page","type-page","status-publish","hentry"],"_links":{"self":[{"href":"https:\/\/alcalali.es\/es\/wp-json\/wp\/v2\/pages\/30343","targetHints":{"allow":["GET"]}}],"collection":[{"href":"https:\/\/alcalali.es\/es\/wp-json\/wp\/v2\/pages"}],"about":[{"href":"https:\/\/alcalali.es\/es\/wp-json\/wp\/v2\/types\/page"}],"author":[{"embeddable":true,"href":"https:\/\/alcalali.es\/es\/wp-json\/wp\/v2\/users\/2"}],"replies":[{"embeddable":true,"href":"https:\/\/alcalali.es\/es\/wp-json\/wp\/v2\/comments?post=30343"}],"version-history":[{"count":9,"href":"https:\/\/alcalali.es\/es\/wp-json\/wp\/v2\/pages\/30343\/revisions"}],"predecessor-version":[{"id":35067,"href":"https:\/\/alcalali.es\/es\/wp-json\/wp\/v2\/pages\/30343\/revisions\/35067"}],"wp:attachment":[{"href":"https:\/\/alcalali.es\/es\/wp-json\/wp\/v2\/media?parent=30343"}],"curies":[{"name":"wp","href":"https:\/\/api.w.org\/{rel}","templated":true}]}}