{"id":30325,"date":"2024-03-01T14:34:35","date_gmt":"2024-03-01T14:34:35","guid":{"rendered":"https:\/\/alcalali.es\/?page_id=30325"},"modified":"2024-06-14T08:45:22","modified_gmt":"2024-06-14T08:45:22","slug":"datos-generales","status":"publish","type":"page","link":"https:\/\/alcalali.es\/es\/datos-generales\/","title":{"rendered":"Datos Generales"},"content":{"rendered":"<p>[et_pb_section fb_built=\u00bb1&#8243; admin_label=\u00bbHeader\u00bb _builder_version=\u00bb4.24.2&#8243; _module_preset=\u00bbdefault\u00bb use_background_color_gradient=\u00bbon\u00bb background_color_gradient_stops=\u00bb#f2f0eb 0%|rgba(242,240,235,0) 100%\u00bb background_color_gradient_overlays_image=\u00bbon\u00bb background_image=\u00bbhttps:\/\/alcalali.es\/wp-content\/uploads\/2024\/02\/36-Jose-Miguel-Mengual.jpg\u00bb background_position=\u00bbbottom_center\u00bb background_vertical_offset=\u00bb20%\u00bb custom_padding=\u00bb5vw||5vw||true|false\u00bb border_radii=\u00bboff|||3vw|3vw\u00bb locked=\u00bboff\u00bb collapsed=\u00bbon\u00bb global_colors_info=\u00bb{}\u00bb][et_pb_row _builder_version=\u00bb4.24.0&#8243; _module_preset=\u00bbdefault\u00bb max_width=\u00bb1800px\u00bb global_colors_info=\u00bb{}\u00bb][et_pb_column type=\u00bb4_4&#8243; _builder_version=\u00bb4.22.0&#8243; _module_preset=\u00bbdefault\u00bb global_colors_info=\u00bb{}\u00bb][et_pb_text _builder_version=\u00bb4.24.2&#8243; _module_preset=\u00bb_initial\u00bb header_font=\u00bbInter|700|||||||\u00bb header_text_color=\u00bb#383838&#8243; header_font_size=\u00bb90px\u00bb header_line_height=\u00bb1.1em\u00bb text_orientation=\u00bbcenter\u00bb max_width=\u00bb1440px\u00bb module_alignment=\u00bbcenter\u00bb custom_margin=\u00bb||10px||false|false\u00bb header_font_size_tablet=\u00bb40px\u00bb header_font_size_phone=\u00bb24px\u00bb header_font_size_last_edited=\u00bbon|desktop\u00bb global_colors_info=\u00bb{}\u00bb]<\/p>\n<h1>DATOS GENERALES<\/h1>\n<p>[\/et_pb_text][\/et_pb_column][\/et_pb_row][\/et_pb_section][et_pb_section fb_built=\u00bb1&#8243; admin_label=\u00bbServices\u00bb _builder_version=\u00bb4.22.0&#8243; _module_preset=\u00bbdefault\u00bb custom_padding=\u00bb||32px|||\u00bb locked=\u00bboff\u00bb collapsed=\u00bbon\u00bb global_colors_info=\u00bb{}\u00bb][et_pb_row column_structure=\u00bb1_3,1_3,1_3&#8243; _builder_version=\u00bb4.22.0&#8243; _module_preset=\u00bbdefault\u00bb max_width=\u00bb1800px\u00bb global_colors_info=\u00bb{}\u00bb][et_pb_column type=\u00bb1_3&#8243; _builder_version=\u00bb4.22.0&#8243; _module_preset=\u00bbdefault\u00bb global_colors_info=\u00bb{}\u00bb][et_pb_text _builder_version=\u00bb4.24.2&#8243; _module_preset=\u00bb_initial\u00bb text_font=\u00bb||||||||\u00bb text_text_color=\u00bb#000000&#8243; text_font_size=\u00bb20px\u00bb text_line_height=\u00bb1.6em\u00bb background_color=\u00bb#E4DACC\u00bb custom_padding=\u00bb50px|40px|50px|40px|true|true\u00bb border_radii=\u00bbon|15px|15px|15px|15px\u00bb locked=\u00bboff\u00bb global_colors_info=\u00bb{}\u00bb]<\/p>\n<p>El municipio de Alcalal\u00ed se encuentra en el interior de la comarca de la <strong>Marina Alta<\/strong>, enclavado en el <strong>Valle de Pop<\/strong>, por el que discurre el llamado r\u00edo Gorgos. El t\u00e9rmino municipal se sit\u00faa entre el monte Seguili, Carrascal, Rates y Aixa, conformando en su conjunto un paisaje natural de extraordinaria belleza.<\/p>\n<p>[\/et_pb_text][\/et_pb_column][et_pb_column type=\u00bb1_3&#8243; _builder_version=\u00bb4.22.0&#8243; _module_preset=\u00bbdefault\u00bb global_colors_info=\u00bb{}\u00bb][et_pb_text _builder_version=\u00bb4.24.2&#8243; _module_preset=\u00bb_initial\u00bb text_font=\u00bb||||||||\u00bb text_line_height=\u00bb1.6em\u00bb global_colors_info=\u00bb{}\u00bb]<\/p>\n<p>Los or\u00edgenes de vida humana en el t\u00e9rmino muinicipal de Alcalal\u00ed se remontan a tiempos prehist\u00f3ricos, tal y como revela el hallazgo de una <strong>pintura rupestre<\/strong> en el abrigo del Seguili. Importantes vestigios dejaron a los moriscos en estas tierras. Los moriscos habitaron el poblado de <strong>Mosquera<\/strong> durante siglos, llegando a existir treinta casas, un horno de pancocero y un aljibe situados alrededor de la ermita de San Juan de Mosquera.<\/p>\n<p>En 1245 el pueblo fue conquistado por las tropas de <strong>Jaume I<\/strong> y \u00e9ste lo dio a la princesa Berenguela en 1268. En 1409 se independiz\u00f3 y en 1577 se erige en parroquia propia, separ\u00e1ndose de Jal\u00f3n. Tras el Decreto de Felipe III acordando <strong>la expulsi\u00f3n de los moriscos en 1609<\/strong>, Mosquera queda despoblada. En 1610, se otorga al pueblo de Alcalal\u00ed su\u00a0\u00ab<a href=\"\/wp-content\/uploads\/archivos\/archivo280.pdf\">Carta Pobla<\/a>\u00ab. Esta dota de legitimidad al pueblo de Alcalal\u00ed, convirti\u00e9ndolo en sujeto de derecho. El poblado de Mosquera se repoblar\u00e1 con la llegada de gentes procedentes de Mallorca y Catalu\u00f1a. Finalmente en 1616 se crea la baron\u00eda de Alcalal\u00ed a favor de Ximen P\u00e9rez Rois de Liori y Petursa.<\/p>\n<p>Alcalal\u00ed cuenta con importantes\u00a0<strong>recursos de car\u00e1cter arquitect\u00f3nico, hist\u00f3rico, cultural, etnol\u00f3gico, gastron\u00f3mico, etc<\/strong>. Adem\u00e1s de disponer de un territorio y un paisaje extraodinario, Alcalal\u00ed dispone de una meteorolog\u00eda excepcional que lo convierte en un lugar ideal, durante cualquier \u00e9poca del a\u00f1o, para la pr\u00e1ctica de deportes al aire libre como el senderismo, bicicleta, etc.<\/p>\n<p>[\/et_pb_text][\/et_pb_column][et_pb_column type=\u00bb1_3&#8243; _builder_version=\u00bb4.22.0&#8243; _module_preset=\u00bbdefault\u00bb global_colors_info=\u00bb{}\u00bb][et_pb_image src=\u00bbhttps:\/\/alcalali.es\/wp-content\/uploads\/2024\/03\/Concurso-Fotografico-Alcalali-en-Flor-Gema-Llopis-Signes-detalle.jpg\u00bb title_text=\u00bbConcurso-Fotogr\u00e1fico-Alcalal\u00ed-en-Flor-Gema-Ll\u00f3pis-Signes-detalle\u00bb _builder_version=\u00bb4.24.2&#8243; _module_preset=\u00bbdefault\u00bb custom_margin=\u00bb70px|||||\u00bb custom_margin_tablet=\u00bb70px|||||\u00bb custom_margin_phone=\u00bb70px|||||\u00bb custom_margin_last_edited=\u00bbon|phone\u00bb scroll_vertical_motion_enable=\u00bbon\u00bb scroll_vertical_motion=\u00bb0|70|70|100|0.3|0|0.4&#8243; motion_trigger_start=\u00bbtop\u00bb border_radii=\u00bbon|15px|15px|15px|15px\u00bb border_width_all=\u00bb5px\u00bb border_color_all=\u00bb#E4DACC\u00bb global_colors_info=\u00bb{}\u00bb][\/et_pb_image][\/et_pb_column][\/et_pb_row][\/et_pb_section][et_pb_section fb_built=\u00bb1&#8243; admin_label=\u00bbServices\u00bb _builder_version=\u00bb4.22.0&#8243; _module_preset=\u00bbdefault\u00bb custom_padding=\u00bb||32px|||\u00bb locked=\u00bboff\u00bb collapsed=\u00bbon\u00bb global_colors_info=\u00bb{}\u00bb][et_pb_row column_structure=\u00bb1_3,1_3,1_3&#8243; _builder_version=\u00bb4.24.2&#8243; _module_preset=\u00bbdefault\u00bb max_width=\u00bb1800px\u00bb global_colors_info=\u00bb{}\u00bb][et_pb_column type=\u00bb1_3&#8243; _builder_version=\u00bb4.22.0&#8243; _module_preset=\u00bbdefault\u00bb global_colors_info=\u00bb{}\u00bb][et_pb_image src=\u00bbhttps:\/\/alcalali.es\/wp-content\/uploads\/2024\/03\/flor-d-ametller-2.jpg\u00bb title_text=\u00bbflor-d-ametller-2&#8243; _builder_version=\u00bb4.24.2&#8243; _module_preset=\u00bbdefault\u00bb custom_margin=\u00bb-156px|||||\u00bb custom_margin_tablet=\u00bb0px||60px||false|false\u00bb custom_margin_phone=\u00bb0px||60px||false|false\u00bb custom_margin_last_edited=\u00bbon|tablet\u00bb scroll_vertical_motion_enable=\u00bbon\u00bb scroll_vertical_motion=\u00bb0|70|70|100|0.3|0|0.4&#8243; motion_trigger_start=\u00bbtop\u00bb border_radii=\u00bbon|15px|15px|15px|15px\u00bb border_width_all=\u00bb5px\u00bb border_color_all=\u00bb#A3A3A3&#8243; global_colors_info=\u00bb{}\u00bb][\/et_pb_image][\/et_pb_column][et_pb_column type=\u00bb1_3&#8243; _builder_version=\u00bb4.22.0&#8243; _module_preset=\u00bbdefault\u00bb global_colors_info=\u00bb{}\u00bb][et_pb_text _builder_version=\u00bb4.24.2&#8243; _module_preset=\u00bb_initial\u00bb text_font=\u00bb||||||||\u00bb text_line_height=\u00bb1.6em\u00bb global_colors_info=\u00bb{}\u00bb]<\/p>\n<p>Nuestro municipio se ha caracterizado siempre por tener un <strong>marcado car\u00e1cter agr\u00edcola<\/strong>. Durante siglos, la agricultura ha sido el motor de nuestra econom\u00eda y ha contribuido a la conservaci\u00f3n del paisaje. El cultivo estaba centrado esencialmente en la almendra, la uva, la aceituna y la naranja. Actualmente, es el sector servicios &#8211; hosteler\u00eda, restauraci\u00f3n, etc. &#8211; el dinamizador de nuestra econom\u00eda.<\/p>\n<p>En Alcalal\u00ed, se celebran las\u00a0<strong>fiestas patronales<\/strong>\u00a0en honor a San Juan de Mosquera y al Sant\u00edsimo Cristo de la Salud, los d\u00edas 24 y 25 de Junio, respectivamente. Las fiestas de Junio \u200b\u200bson principalmente de car\u00e1cter religioso. Las fiestas de Sant Miquel se celebran el \u00faltimo fin de semana de agosto.<\/p>\n<p>[\/et_pb_text][\/et_pb_column][et_pb_column type=\u00bb1_3&#8243; _builder_version=\u00bb4.22.0&#8243; _module_preset=\u00bbdefault\u00bb global_colors_info=\u00bb{}\u00bb][et_pb_text _builder_version=\u00bb4.24.2&#8243; _module_preset=\u00bb_initial\u00bb text_font=\u00bb||||||||\u00bb text_text_color=\u00bb#000000&#8243; text_line_height=\u00bb1.6em\u00bb header_5_font=\u00bbInter|700|||||||\u00bb header_5_font_size=\u00bb20px\u00bb header_5_line_height=\u00bb1.4em\u00bb background_image=\u00bbhttps:\/\/alcalali.es\/wp-content\/uploads\/2024\/03\/sub-ribbon.jpg\u00bb background_size=\u00bbinitial\u00bb background_position=\u00bbbottom_center\u00bb background_vertical_offset=\u00bb-1%\u00bb background_repeat=\u00bbrepeat-x\u00bb custom_padding=\u00bb50px|40px|50px|40px|true|true\u00bb header_5_font_size_tablet=\u00bb16px\u00bb header_5_font_size_phone=\u00bb14px\u00bb header_5_font_size_last_edited=\u00bbon|desktop\u00bb border_radii=\u00bbon|15px|15px|15px|15px\u00bb border_width_all=\u00bb2px\u00bb border_color_all=\u00bb#E4DACC\u00bb locked=\u00bboff\u00bb global_colors_info=\u00bb{}\u00bb]<\/p>\n<h5><strong>ENTIDAD LOCAL MENOR DE<br \/>LA LOSA DE CAMACHO<\/strong><\/h5>\n<p><span><br \/>Este peque\u00f1o n\u00facleo urbano dista cinco kil\u00f3metros de Alcalal\u00ed y tiene unos ciento cincuenta habitantes. Fue pedan\u00eda de Alcalal\u00ed y en la actualidad es <strong>entidad local menor<\/strong>. La Losa de Camacho celebra sus fiestas patronales la primera o segunda semana de Agosto en honor a sus patronos, la Virgen de los Desamparados, San Antonio y San Roque. Tres d\u00edas, uno por cada Patr\u00f3n.<br \/><\/span><\/p>\n<p>[\/et_pb_text][\/et_pb_column][\/et_pb_row][\/et_pb_section][et_pb_section fb_built=\u00bb1&#8243; admin_label=\u00bbServices\u00bb _builder_version=\u00bb4.22.0&#8243; _module_preset=\u00bbdefault\u00bb custom_padding=\u00bb||32px|||\u00bb locked=\u00bboff\u00bb collapsed=\u00bbon\u00bb global_colors_info=\u00bb{}\u00bb][et_pb_row column_structure=\u00bb1_3,2_3&#8243; make_equal=\u00bbon\u00bb _builder_version=\u00bb4.24.2&#8243; _module_preset=\u00bbdefault\u00bb max_width=\u00bb1800px\u00bb locked=\u00bboff\u00bb global_colors_info=\u00bb{}\u00bb][et_pb_column type=\u00bb1_3&#8243; _builder_version=\u00bb4.24.2&#8243; _module_preset=\u00bbdefault\u00bb background_image=\u00bbhttps:\/\/alcalali.es\/wp-content\/uploads\/2024\/03\/sub-ribbon.jpg\u00bb background_size=\u00bbinitial\u00bb background_position=\u00bbbottom_center\u00bb background_vertical_offset=\u00bb-1%\u00bb background_repeat=\u00bbrepeat-x\u00bb custom_padding=\u00bb30px|30px|30px|30px|true|true\u00bb border_radii=\u00bbon|30px|30px|30px|30px\u00bb border_width_all=\u00bb2px\u00bb border_color_all=\u00bb#e4dacc\u00bb global_colors_info=\u00bb{}\u00bb][et_pb_text _builder_version=\u00bb4.24.2&#8243; _module_preset=\u00bb_initial\u00bb header_5_font=\u00bbInter|700|||||||\u00bb header_5_font_size=\u00bb20px\u00bb header_5_line_height=\u00bb1.4em\u00bb custom_margin=\u00bb||0px||false|false\u00bb header_5_font_size_tablet=\u00bb16px\u00bb header_5_font_size_phone=\u00bb14px\u00bb header_5_font_size_last_edited=\u00bbon|desktop\u00bb global_colors_info=\u00bb{}\u00bb]<\/p>\n<h5>INFORMACI\u00d3N:<\/h5>\n<p>[\/et_pb_text][et_pb_text _builder_version=\u00bb4.24.2&#8243; _module_preset=\u00bb_initial\u00bb text_font=\u00bb||||||||\u00bb text_line_height=\u00bb1.6em\u00bb link_text_color=\u00bb#383838&#8243; global_colors_info=\u00bb{}\u00bb link_text_color__hover=\u00bb#EF8700&#8243; link_text_color__hover_enabled=\u00bbon|hover\u00bb]<\/p>\n<p>Poblaci\u00f3n: 1433 habitantes<\/p>\n<p>Superficie: 14,4 km cuadrados<\/p>\n<p>Altitud rompe urbano: 240 m<\/p>\n<p>M\u00e1xima altitud: Coll de Rates 780 m<\/p>\n<p>Actividades principales: servicios, agricultura y hosteler\u00eda<\/p>\n<p>Distancia capital: 78 km<\/p>\n<p>M\u00e1s informaci\u00f3n municipal socioecon\u00f3mica y laboral del <a href=\"https:\/\/observatorimarinaalta.org\/informacion-socioeconomica-y-laboral-del-municipio-de-alcalali\/\" target=\"_blank\" rel=\"noopener nofollow\">Observatorio de la Marina Alta del Creama<\/a><\/p>\n<p>[\/et_pb_text][\/et_pb_column][et_pb_column type=\u00bb2_3&#8243; _builder_version=\u00bb4.24.2&#8243; _module_preset=\u00bbdefault\u00bb background_image=\u00bbhttps:\/\/alcalali.es\/wp-content\/uploads\/2024\/03\/sub-ribbon.jpg\u00bb background_size=\u00bbinitial\u00bb background_position=\u00bbbottom_center\u00bb background_vertical_offset=\u00bb-1%\u00bb background_repeat=\u00bbrepeat-x\u00bb custom_padding=\u00bb0px|0px|0px|0px|true|true\u00bb border_radii=\u00bbon|30px|30px|30px|30px\u00bb border_width_all=\u00bb2px\u00bb border_color_all=\u00bb#e4dacc\u00bb global_colors_info=\u00bb{}\u00bb][et_pb_code _builder_version=\u00bb4.24.2&#8243; _module_preset=\u00bbdefault\u00bb custom_margin=\u00bb0px|0px|0px|0px|false|false\u00bb custom_padding=\u00bb0px|0px|0px|0px|false|false\u00bb global_colors_info=\u00bb{}\u00bb]<iframe loading=\"lazy\" src=\"https:\/\/www.google.com\/maps\/d\/embed?mid=1ZC5HzPSkpmFqvipIz83xPLdRXTs&#038;ehbc=2E312F\" width=\"100%\" height=\"480\"><\/iframe>[\/et_pb_code][\/et_pb_column][\/et_pb_row][\/et_pb_section]<\/p>\n","protected":false},"excerpt":{"rendered":"<p>DATOS GENERALESEl municipio de Alcalal\u00ed se encuentra en el interior de la comarca de la Marina Alta, enclavado en el Valle de Pop, por el que discurre el llamado r\u00edo Gorgos. El t\u00e9rmino municipal se sit\u00faa entre el monte Seguili, Carrascal, Rates y Aixa, conformando en su conjunto un paisaje natural de extraordinaria belleza.Los or\u00edgenes [&hellip;]<\/p>\n","protected":false},"author":2,"featured_media":0,"parent":0,"menu_order":0,"comment_status":"closed","ping_status":"closed","template":"","meta":{"_et_pb_use_builder":"on","_et_pb_old_content":"","_et_gb_content_width":"","_joinchat":[],"footnotes":""},"class_list":["post-30325","page","type-page","status-publish","hentry"],"_links":{"self":[{"href":"https:\/\/alcalali.es\/es\/wp-json\/wp\/v2\/pages\/30325","targetHints":{"allow":["GET"]}}],"collection":[{"href":"https:\/\/alcalali.es\/es\/wp-json\/wp\/v2\/pages"}],"about":[{"href":"https:\/\/alcalali.es\/es\/wp-json\/wp\/v2\/types\/page"}],"author":[{"embeddable":true,"href":"https:\/\/alcalali.es\/es\/wp-json\/wp\/v2\/users\/2"}],"replies":[{"embeddable":true,"href":"https:\/\/alcalali.es\/es\/wp-json\/wp\/v2\/comments?post=30325"}],"version-history":[{"count":6,"href":"https:\/\/alcalali.es\/es\/wp-json\/wp\/v2\/pages\/30325\/revisions"}],"predecessor-version":[{"id":30647,"href":"https:\/\/alcalali.es\/es\/wp-json\/wp\/v2\/pages\/30325\/revisions\/30647"}],"wp:attachment":[{"href":"https:\/\/alcalali.es\/es\/wp-json\/wp\/v2\/media?parent=30325"}],"curies":[{"name":"wp","href":"https:\/\/api.w.org\/{rel}","templated":true}]}}