{"id":30280,"date":"2024-03-01T12:17:46","date_gmt":"2024-03-01T12:17:46","guid":{"rendered":"https:\/\/alcalali.es\/?page_id=30280"},"modified":"2024-06-14T08:35:06","modified_gmt":"2024-06-14T08:35:06","slug":"corporacion-municipal","status":"publish","type":"page","link":"https:\/\/alcalali.es\/es\/corporacion-municipal\/","title":{"rendered":"Corporaci\u00f3n Municipal"},"content":{"rendered":"<p>[et_pb_section fb_built=\u00bb1&#8243; admin_label=\u00bbHeader\u00bb _builder_version=\u00bb4.24.2&#8243; _module_preset=\u00bbdefault\u00bb use_background_color_gradient=\u00bbon\u00bb background_color_gradient_stops=\u00bb#f2f0eb 0%|rgba(242,240,235,0) 100%\u00bb background_color_gradient_overlays_image=\u00bbon\u00bb background_image=\u00bbhttps:\/\/alcalali.es\/wp-content\/uploads\/2024\/03\/header-ayuntamiento-alcalali.jpg\u00bb background_position=\u00bbbottom_center\u00bb custom_padding=\u00bb5vw||5vw||true|false\u00bb border_radii=\u00bboff|||3vw|3vw\u00bb locked=\u00bboff\u00bb collapsed=\u00bbon\u00bb global_colors_info=\u00bb{}\u00bb][et_pb_row _builder_version=\u00bb4.24.0&#8243; _module_preset=\u00bbdefault\u00bb max_width=\u00bb1800px\u00bb global_colors_info=\u00bb{}\u00bb][et_pb_column type=\u00bb4_4&#8243; _builder_version=\u00bb4.22.0&#8243; _module_preset=\u00bbdefault\u00bb global_colors_info=\u00bb{}\u00bb][et_pb_text _builder_version=\u00bb4.24.2&#8243; _module_preset=\u00bb_initial\u00bb header_font=\u00bbInter|700|||||||\u00bb header_text_color=\u00bb#383838&#8243; header_font_size=\u00bb90px\u00bb header_line_height=\u00bb1.1em\u00bb text_orientation=\u00bbcenter\u00bb max_width=\u00bb1440px\u00bb module_alignment=\u00bbcenter\u00bb custom_margin=\u00bb||10px||false|false\u00bb header_font_size_tablet=\u00bb40px\u00bb header_font_size_phone=\u00bb24px\u00bb header_font_size_last_edited=\u00bbon|desktop\u00bb global_colors_info=\u00bb{}\u00bb]<\/p>\n<h1>CORPORACI\u00d3N MUNICIPAL<\/h1>\n<p>[\/et_pb_text][\/et_pb_column][\/et_pb_row][\/et_pb_section][et_pb_section fb_built=\u00bb1&#8243; admin_label=\u00bbServices\u00bb _builder_version=\u00bb4.22.0&#8243; _module_preset=\u00bbdefault\u00bb custom_padding=\u00bb60px|||||\u00bb locked=\u00bboff\u00bb collapsed=\u00bbon\u00bb global_colors_info=\u00bb{}\u00bb][et_pb_row _builder_version=\u00bb4.24.2&#8243; _module_preset=\u00bbdefault\u00bb max_width=\u00bb1800px\u00bb locked=\u00bboff\u00bb global_colors_info=\u00bb{}\u00bb][et_pb_column type=\u00bb4_4&#8243; _builder_version=\u00bb4.22.0&#8243; _module_preset=\u00bbdefault\u00bb global_colors_info=\u00bb{}\u00bb][et_pb_text _builder_version=\u00bb4.24.2&#8243; _module_preset=\u00bb_initial\u00bb header_2_font=\u00bbInter|700|||||||\u00bb header_2_font_size=\u00bb48px\u00bb header_2_line_height=\u00bb1.2em\u00bb custom_margin=\u00bb||10px||false|false\u00bb header_2_font_size_tablet=\u00bb32px\u00bb header_2_font_size_phone=\u00bb20px\u00bb header_2_font_size_last_edited=\u00bbon|desktop\u00bb global_colors_info=\u00bb{}\u00bb]<\/p>\n<h2>Composici\u00f3n de la Corporaci\u00f3n Municipal<\/h2>\n<p>[\/et_pb_text][\/et_pb_column][\/et_pb_row][et_pb_row column_structure=\u00bb1_3,1_3,1_3&#8243; make_equal=\u00bbon\u00bb _builder_version=\u00bb4.24.2&#8243; _module_preset=\u00bbdefault\u00bb max_width=\u00bb1800px\u00bb locked=\u00bboff\u00bb global_colors_info=\u00bb{}\u00bb][et_pb_column type=\u00bb1_3&#8243; _builder_version=\u00bb4.24.2&#8243; _module_preset=\u00bbdefault\u00bb background_image=\u00bbhttps:\/\/alcalali.es\/wp-content\/uploads\/2024\/03\/sub-ribbon.jpg\u00bb background_size=\u00bbinitial\u00bb background_position=\u00bbbottom_center\u00bb background_vertical_offset=\u00bb-1%\u00bb background_repeat=\u00bbrepeat-x\u00bb custom_padding=\u00bb30px|30px|30px|30px|true|true\u00bb border_radii=\u00bbon|30px|30px|30px|30px\u00bb border_width_all=\u00bb2px\u00bb border_color_all=\u00bb#e4dacc\u00bb global_colors_info=\u00bb{}\u00bb][et_pb_text _builder_version=\u00bb4.24.2&#8243; _module_preset=\u00bb_initial\u00bb header_5_font=\u00bbInter|700|||||||\u00bb header_5_font_size=\u00bb20px\u00bb header_5_line_height=\u00bb1.4em\u00bb custom_margin=\u00bb||0px||false|false\u00bb header_5_font_size_tablet=\u00bb16px\u00bb header_5_font_size_phone=\u00bb14px\u00bb header_5_font_size_last_edited=\u00bbon|desktop\u00bb global_colors_info=\u00bb{}\u00bb]<\/p>\n<h5><strong>YOLANDA MOLINA TOLSMA<\/strong><\/h5>\n<p>[\/et_pb_text][et_pb_text _builder_version=\u00bb4.24.2&#8243; _module_preset=\u00bb_initial\u00bb text_font=\u00bb||||||||\u00bb text_line_height=\u00bb1.6em\u00bb link_text_color=\u00bb#383838&#8243; global_colors_info=\u00bb{}\u00bb]<\/p>\n<ul>\n<li><strong>Partido:\u00a0<\/strong>Comprom\u00eds<\/li>\n<li><strong>C\u00e1rgo:<\/strong>\u00a0Alcaldesa<\/li>\n<li><strong>Atribuciones:<\/strong> Asume directamente las competencias que no han sido objeto de delegaci\u00f3n, y en especial: Educaci\u00f3n, hacienda y econom\u00eda, turismo, recursos humanos y residentes.<\/li>\n<\/ul>\n<p>[\/et_pb_text][et_pb_button button_url=\u00bbmailto:yolanda.ajalcalali@gmail.com\u00bb url_new_window=\u00bbon\u00bb button_text=\u00bbE-mail: yolanda.ajalcalali@gmail.com\u00bb _builder_version=\u00bb4.24.2&#8243; _module_preset=\u00bb_initial\u00bb custom_button=\u00bbon\u00bb button_text_size=\u00bb14px\u00bb button_text_color=\u00bb#383838&#8243; button_bg_color=\u00bb#E4DACC\u00bb button_border_width=\u00bb0px\u00bb button_font=\u00bbInter|700|||||||\u00bb button_icon=\u00bb&#xf30b;||fa||900&#8243; button_icon_color=\u00bb#FFFFFF\u00bb button_on_hover=\u00bboff\u00bb locked=\u00bboff\u00bb global_colors_info=\u00bb{}\u00bb button_bg_color__hover_enabled=\u00bbon|hover\u00bb button_bg_color__hover=\u00bb#EF8700&#8243; button_bg_enable_color__hover=\u00bbon\u00bb button_text_color__hover_enabled=\u00bbon|hover\u00bb button_text_color__hover=\u00bb#FFFFFF\u00bb][\/et_pb_button][\/et_pb_column][et_pb_column type=\u00bb1_3&#8243; _builder_version=\u00bb4.24.2&#8243; _module_preset=\u00bbdefault\u00bb background_image=\u00bbhttps:\/\/alcalali.es\/wp-content\/uploads\/2024\/03\/sub-ribbon.jpg\u00bb background_size=\u00bbinitial\u00bb background_position=\u00bbbottom_center\u00bb background_vertical_offset=\u00bb-1%\u00bb background_repeat=\u00bbrepeat-x\u00bb custom_padding=\u00bb30px|30px|30px|30px|true|true\u00bb border_radii=\u00bbon|30px|30px|30px|30px\u00bb border_width_all=\u00bb2px\u00bb border_color_all=\u00bb#e4dacc\u00bb global_colors_info=\u00bb{}\u00bb][et_pb_text _builder_version=\u00bb4.24.2&#8243; _module_preset=\u00bb_initial\u00bb header_5_font=\u00bbInter|700|||||||\u00bb header_5_font_size=\u00bb20px\u00bb header_5_line_height=\u00bb1.4em\u00bb custom_margin=\u00bb||0px||false|false\u00bb header_5_font_size_tablet=\u00bb16px\u00bb header_5_font_size_phone=\u00bb14px\u00bb header_5_font_size_last_edited=\u00bbon|desktop\u00bb global_colors_info=\u00bb{}\u00bb]<\/p>\n<h5><strong>JUAN CARLOS ESTEVE ESCRIV\u00c1<\/strong><\/h5>\n<p>[\/et_pb_text][et_pb_text _builder_version=\u00bb4.24.2&#8243; _module_preset=\u00bb_initial\u00bb text_font=\u00bb||||||||\u00bb text_line_height=\u00bb1.6em\u00bb link_text_color=\u00bb#383838&#8243; global_colors_info=\u00bb{}\u00bb]<\/p>\n<ul>\n<li><strong>Partido:<\/strong>\u00a0Comprom\u00eds<\/li>\n<li><strong><strong>C\u00e1rgo<\/strong>:\u00a0<\/strong>Primer Teniente Alcalde<\/li>\n<li><strong>Atribuciones:<\/strong> Urbanismo, seguridad ciudadana, protecci\u00f3n civil y emergencias, sanidad y bienestar social, comunicaci\u00f3n y transparencia, participaci\u00f3n ciudadana y fiestas.<\/li>\n<\/ul>\n<p>[\/et_pb_text][et_pb_button button_url=\u00bbmailto:jcesteve.ajalcalali@gmail.com\u00bb url_new_window=\u00bbon\u00bb button_text=\u00bbE-mail: jcesteve.ajalcalali@gmail.com\u00bb _builder_version=\u00bb4.24.2&#8243; _module_preset=\u00bb_initial\u00bb custom_button=\u00bbon\u00bb button_text_size=\u00bb14px\u00bb button_text_color=\u00bb#383838&#8243; button_bg_color=\u00bb#E4DACC\u00bb button_border_width=\u00bb0px\u00bb button_font=\u00bbInter|700|||||||\u00bb button_icon=\u00bb&#xf30b;||fa||900&#8243; button_icon_color=\u00bb#FFFFFF\u00bb button_on_hover=\u00bboff\u00bb locked=\u00bboff\u00bb global_colors_info=\u00bb{}\u00bb button_bg_color__hover_enabled=\u00bbon|hover\u00bb button_bg_color__hover=\u00bb#EF8700&#8243; button_bg_enable_color__hover=\u00bbon\u00bb button_text_color__hover_enabled=\u00bbon|hover\u00bb button_text_color__hover=\u00bb#FFFFFF\u00bb][\/et_pb_button][\/et_pb_column][et_pb_column type=\u00bb1_3&#8243; _builder_version=\u00bb4.24.2&#8243; _module_preset=\u00bbdefault\u00bb background_image=\u00bbhttps:\/\/alcalali.es\/wp-content\/uploads\/2024\/03\/sub-ribbon.jpg\u00bb background_size=\u00bbinitial\u00bb background_position=\u00bbbottom_center\u00bb background_vertical_offset=\u00bb-1%\u00bb background_repeat=\u00bbrepeat-x\u00bb custom_padding=\u00bb30px|30px|30px|30px|true|true\u00bb border_radii=\u00bbon|30px|30px|30px|30px\u00bb border_width_all=\u00bb2px\u00bb border_color_all=\u00bb#e4dacc\u00bb global_colors_info=\u00bb{}\u00bb][et_pb_text _builder_version=\u00bb4.24.2&#8243; _module_preset=\u00bb_initial\u00bb header_5_font=\u00bbInter|700|||||||\u00bb header_5_font_size=\u00bb20px\u00bb header_5_line_height=\u00bb1.4em\u00bb custom_margin=\u00bb||0px||false|false\u00bb header_5_font_size_tablet=\u00bb16px\u00bb header_5_font_size_phone=\u00bb14px\u00bb header_5_font_size_last_edited=\u00bbon|desktop\u00bb global_colors_info=\u00bb{}\u00bb]<\/p>\n<h5><strong>FRANCISCO MIGUEL COSTA LLACER<\/strong><\/h5>\n<p>[\/et_pb_text][et_pb_text _builder_version=\u00bb4.24.2&#8243; _module_preset=\u00bb_initial\u00bb text_font=\u00bb||||||||\u00bb text_line_height=\u00bb1.6em\u00bb link_text_color=\u00bb#383838&#8243; global_colors_info=\u00bb{}\u00bb]<\/p>\n<ul>\n<li><strong>Partido:<\/strong>\u00a0Comprom\u00eds<\/li>\n<li><strong>C\u00e1rgo:<\/strong>\u00a0Tercer Teniente Alcalde<\/li>\n<\/ul>\n<p>[\/et_pb_text][\/et_pb_column][\/et_pb_row][et_pb_row column_structure=\u00bb1_3,1_3,1_3&#8243; make_equal=\u00bbon\u00bb _builder_version=\u00bb4.24.2&#8243; _module_preset=\u00bbdefault\u00bb max_width=\u00bb1800px\u00bb locked=\u00bboff\u00bb global_colors_info=\u00bb{}\u00bb][et_pb_column type=\u00bb1_3&#8243; _builder_version=\u00bb4.24.2&#8243; _module_preset=\u00bbdefault\u00bb background_image=\u00bbhttps:\/\/alcalali.es\/wp-content\/uploads\/2024\/03\/sub-ribbon.jpg\u00bb background_size=\u00bbinitial\u00bb background_position=\u00bbbottom_center\u00bb background_vertical_offset=\u00bb-1%\u00bb background_repeat=\u00bbrepeat-x\u00bb custom_padding=\u00bb30px|30px|30px|30px|true|true\u00bb border_radii=\u00bbon|30px|30px|30px|30px\u00bb border_width_all=\u00bb2px\u00bb border_color_all=\u00bb#e4dacc\u00bb global_colors_info=\u00bb{}\u00bb][et_pb_text _builder_version=\u00bb4.24.2&#8243; _module_preset=\u00bb_initial\u00bb header_5_font=\u00bbInter|700|||||||\u00bb header_5_font_size=\u00bb20px\u00bb header_5_line_height=\u00bb1.4em\u00bb custom_margin=\u00bb||0px||false|false\u00bb header_5_font_size_tablet=\u00bb16px\u00bb header_5_font_size_phone=\u00bb14px\u00bb header_5_font_size_last_edited=\u00bbon|desktop\u00bb global_colors_info=\u00bb{}\u00bb]<\/p>\n<h5><strong>GUSTAU VICENS MONSERRAT<\/strong><\/h5>\n<p>[\/et_pb_text][et_pb_text _builder_version=\u00bb4.24.2&#8243; _module_preset=\u00bb_initial\u00bb text_font=\u00bb||||||||\u00bb text_line_height=\u00bb1.6em\u00bb link_text_color=\u00bb#383838&#8243; global_colors_info=\u00bb{}\u00bb]<\/p>\n<ul>\n<li><strong>Partido:<\/strong>\u00a0Comprom\u00eds<\/li>\n<li><strong>C\u00e1rgo:<\/strong>\u00a0Concejal<\/li>\n<li><strong>Atribuciones:<\/strong> Mantenimiento, limpieza, agricultura, medio ambiente y sostenibilidad, parques y jardines.<\/li>\n<\/ul>\n<p>[\/et_pb_text][et_pb_button button_url=\u00bbmailto:gustau.ajalcalali@gmail.com\u00bb url_new_window=\u00bbon\u00bb button_text=\u00bbE-mail: gustau.ajalcalali@gmail.com\u00bb _builder_version=\u00bb4.24.2&#8243; _module_preset=\u00bb_initial\u00bb custom_button=\u00bbon\u00bb button_text_size=\u00bb14px\u00bb button_text_color=\u00bb#383838&#8243; button_bg_color=\u00bb#E4DACC\u00bb button_border_width=\u00bb0px\u00bb button_font=\u00bbInter|700|||||||\u00bb button_icon=\u00bb&#xf30b;||fa||900&#8243; button_icon_color=\u00bb#FFFFFF\u00bb button_on_hover=\u00bboff\u00bb locked=\u00bboff\u00bb global_colors_info=\u00bb{}\u00bb button_bg_color__hover_enabled=\u00bbon|hover\u00bb button_bg_color__hover=\u00bb#EF8700&#8243; button_bg_enable_color__hover=\u00bbon\u00bb button_text_color__hover_enabled=\u00bbon|hover\u00bb button_text_color__hover=\u00bb#FFFFFF\u00bb][\/et_pb_button][\/et_pb_column][et_pb_column type=\u00bb1_3&#8243; _builder_version=\u00bb4.24.2&#8243; _module_preset=\u00bbdefault\u00bb background_image=\u00bbhttps:\/\/alcalali.es\/wp-content\/uploads\/2024\/03\/sub-ribbon.jpg\u00bb background_size=\u00bbinitial\u00bb background_position=\u00bbbottom_center\u00bb background_vertical_offset=\u00bb-1%\u00bb background_repeat=\u00bbrepeat-x\u00bb custom_padding=\u00bb30px|30px|30px|30px|true|true\u00bb border_radii=\u00bbon|30px|30px|30px|30px\u00bb border_width_all=\u00bb2px\u00bb border_color_all=\u00bb#e4dacc\u00bb global_colors_info=\u00bb{}\u00bb][et_pb_text _builder_version=\u00bb4.24.2&#8243; _module_preset=\u00bb_initial\u00bb header_5_font=\u00bbInter|700|||||||\u00bb header_5_font_size=\u00bb20px\u00bb header_5_line_height=\u00bb1.4em\u00bb custom_margin=\u00bb||0px||false|false\u00bb header_5_font_size_tablet=\u00bb16px\u00bb header_5_font_size_phone=\u00bb14px\u00bb header_5_font_size_last_edited=\u00bbon|desktop\u00bb global_colors_info=\u00bb{}\u00bb]<\/p>\n<h5>LAURA L\u00d3PEZ CHESA<\/h5>\n<p>[\/et_pb_text][et_pb_text _builder_version=\u00bb4.24.2&#8243; _module_preset=\u00bb_initial\u00bb text_font=\u00bb||||||||\u00bb text_line_height=\u00bb1.6em\u00bb link_text_color=\u00bb#383838&#8243; global_colors_info=\u00bb{}\u00bb]<\/p>\n<ul>\n<li><strong>Partido:<\/strong>\u00a0Comprom\u00eds<\/li>\n<li><strong>C\u00e1rgo:<\/strong>\u00a0Segundo Teniente Alcalde<\/li>\n<li><strong>Atribuciones:<\/strong> Cultura y patrimonio, comercio, deportes, igualdad y juventud.<\/li>\n<\/ul>\n<p>[\/et_pb_text][et_pb_button button_url=\u00bbmailto:laura.ajalcalali@gmail.com\u00bb url_new_window=\u00bbon\u00bb button_text=\u00bbE-mail: laura.ajalcalali@gmail.com\u00bb _builder_version=\u00bb4.24.2&#8243; _module_preset=\u00bb_initial\u00bb custom_button=\u00bbon\u00bb button_text_size=\u00bb14px\u00bb button_text_color=\u00bb#383838&#8243; button_bg_color=\u00bb#E4DACC\u00bb button_border_width=\u00bb0px\u00bb button_font=\u00bbInter|700|||||||\u00bb button_icon=\u00bb&#xf30b;||fa||900&#8243; button_icon_color=\u00bb#FFFFFF\u00bb button_on_hover=\u00bboff\u00bb locked=\u00bboff\u00bb global_colors_info=\u00bb{}\u00bb button_bg_color__hover_enabled=\u00bbon|hover\u00bb button_bg_color__hover=\u00bb#EF8700&#8243; button_bg_enable_color__hover=\u00bbon\u00bb button_text_color__hover_enabled=\u00bbon|hover\u00bb button_text_color__hover=\u00bb#FFFFFF\u00bb][\/et_pb_button][\/et_pb_column][et_pb_column type=\u00bb1_3&#8243; _builder_version=\u00bb4.24.2&#8243; _module_preset=\u00bbdefault\u00bb background_image=\u00bbhttps:\/\/alcalali.es\/wp-content\/uploads\/2024\/03\/sub-ribbon.jpg\u00bb background_size=\u00bbinitial\u00bb background_position=\u00bbbottom_center\u00bb background_vertical_offset=\u00bb-1%\u00bb background_repeat=\u00bbrepeat-x\u00bb custom_padding=\u00bb30px|30px|30px|30px|true|true\u00bb border_radii=\u00bbon|30px|30px|30px|30px\u00bb border_width_all=\u00bb2px\u00bb border_color_all=\u00bb#e4dacc\u00bb global_colors_info=\u00bb{}\u00bb][et_pb_text _builder_version=\u00bb4.24.2&#8243; _module_preset=\u00bb_initial\u00bb header_5_font=\u00bbInter|700|||||||\u00bb header_5_font_size=\u00bb20px\u00bb header_5_line_height=\u00bb1.4em\u00bb custom_margin=\u00bb||0px||false|false\u00bb header_5_font_size_tablet=\u00bb16px\u00bb header_5_font_size_phone=\u00bb14px\u00bb header_5_font_size_last_edited=\u00bbon|desktop\u00bb global_colors_info=\u00bb{}\u00bb]<\/p>\n<h5><strong>SALVADOR PONS MESTRE<\/strong><\/h5>\n<p>[\/et_pb_text][et_pb_text _builder_version=\u00bb4.24.2&#8243; _module_preset=\u00bb_initial\u00bb text_font=\u00bb||||||||\u00bb text_line_height=\u00bb1.6em\u00bb link_text_color=\u00bb#383838&#8243; global_colors_info=\u00bb{}\u00bb]<\/p>\n<ul>\n<li><strong>C\u00e1rgo:<\/strong>\u00a0Condejal no adscrito<\/li>\n<\/ul>\n<p>[\/et_pb_text][\/et_pb_column][\/et_pb_row][et_pb_row column_structure=\u00bb1_3,1_3,1_3&#8243; make_equal=\u00bbon\u00bb _builder_version=\u00bb4.24.2&#8243; _module_preset=\u00bbdefault\u00bb max_width=\u00bb1800px\u00bb locked=\u00bboff\u00bb global_colors_info=\u00bb{}\u00bb][et_pb_column type=\u00bb1_3&#8243; _builder_version=\u00bb4.24.2&#8243; _module_preset=\u00bbdefault\u00bb background_image=\u00bbhttps:\/\/alcalali.es\/wp-content\/uploads\/2024\/03\/sub-ribbon.jpg\u00bb background_size=\u00bbinitial\u00bb background_position=\u00bbbottom_center\u00bb background_vertical_offset=\u00bb-1%\u00bb background_repeat=\u00bbrepeat-x\u00bb custom_padding=\u00bb30px|30px|30px|30px|true|true\u00bb border_radii=\u00bbon|30px|30px|30px|30px\u00bb border_width_all=\u00bb2px\u00bb border_color_all=\u00bb#e4dacc\u00bb global_colors_info=\u00bb{}\u00bb][et_pb_text _builder_version=\u00bb4.24.2&#8243; _module_preset=\u00bb_initial\u00bb header_5_font=\u00bbInter|700|||||||\u00bb header_5_font_size=\u00bb20px\u00bb header_5_line_height=\u00bb1.4em\u00bb custom_margin=\u00bb||0px||false|false\u00bb header_5_font_size_tablet=\u00bb16px\u00bb header_5_font_size_phone=\u00bb14px\u00bb header_5_font_size_last_edited=\u00bbon|desktop\u00bb global_colors_info=\u00bb{}\u00bb]<\/p>\n<h5><strong>MARCIAL FERRER RIBES<\/strong><\/h5>\n<p>[\/et_pb_text][et_pb_text _builder_version=\u00bb4.24.2&#8243; _module_preset=\u00bb_initial\u00bb text_font=\u00bb||||||||\u00bb text_line_height=\u00bb1.6em\u00bb link_text_color=\u00bb#383838&#8243; global_colors_info=\u00bb{}\u00bb]<\/p>\n<ul>\n<li><strong>C\u00e1rgo:<\/strong>\u00a0Concejal no adscrito.<\/li>\n<\/ul>\n<p>[\/et_pb_text][\/et_pb_column][et_pb_column type=\u00bb1_3&#8243; _builder_version=\u00bb4.24.2&#8243; _module_preset=\u00bbdefault\u00bb background_image=\u00bbhttps:\/\/alcalali.es\/wp-content\/uploads\/2024\/03\/sub-ribbon.jpg\u00bb background_size=\u00bbinitial\u00bb background_position=\u00bbbottom_center\u00bb background_vertical_offset=\u00bb-1%\u00bb background_repeat=\u00bbrepeat-x\u00bb custom_padding=\u00bb30px|30px|30px|30px|true|true\u00bb border_radii=\u00bbon|30px|30px|30px|30px\u00bb border_width_all=\u00bb2px\u00bb border_color_all=\u00bb#e4dacc\u00bb global_colors_info=\u00bb{}\u00bb][et_pb_text _builder_version=\u00bb4.24.2&#8243; _module_preset=\u00bb_initial\u00bb header_5_font=\u00bbInter|700|||||||\u00bb header_5_font_size=\u00bb20px\u00bb header_5_line_height=\u00bb1.4em\u00bb custom_margin=\u00bb||0px||false|false\u00bb header_5_font_size_tablet=\u00bb16px\u00bb header_5_font_size_phone=\u00bb14px\u00bb header_5_font_size_last_edited=\u00bbon|desktop\u00bb global_colors_info=\u00bb{}\u00bb]<\/p>\n<h5><strong><span class=\"tabla-celda\">YOLANDA DEL CARMEN MIRO GOMEZ<\/span><\/strong><\/h5>\n<p>[\/et_pb_text][et_pb_text _builder_version=\u00bb4.24.2&#8243; _module_preset=\u00bb_initial\u00bb text_font=\u00bb||||||||\u00bb text_line_height=\u00bb1.6em\u00bb link_text_color=\u00bb#383838&#8243; global_colors_info=\u00bb{}\u00bb]<\/p>\n<ul>\n<li><strong>C\u00e1rgo:<\/strong> Concejal no adscrito.<\/li>\n<\/ul>\n<p>[\/et_pb_text][\/et_pb_column][et_pb_column type=\u00bb1_3&#8243; _builder_version=\u00bb4.24.2&#8243; _module_preset=\u00bbdefault\u00bb background_image=\u00bbhttps:\/\/alcalali.es\/wp-content\/uploads\/2024\/03\/sub-ribbon.jpg\u00bb background_size=\u00bbinitial\u00bb background_position=\u00bbbottom_center\u00bb background_vertical_offset=\u00bb-1%\u00bb background_repeat=\u00bbrepeat-x\u00bb custom_padding=\u00bb30px|30px|30px|30px|true|true\u00bb border_radii=\u00bbon|30px|30px|30px|30px\u00bb border_width_all=\u00bb2px\u00bb border_color_all=\u00bb#e4dacc\u00bb global_colors_info=\u00bb{}\u00bb][et_pb_text _builder_version=\u00bb4.24.2&#8243; _module_preset=\u00bb_initial\u00bb header_5_font=\u00bbInter|700|||||||\u00bb header_5_font_size=\u00bb20px\u00bb header_5_line_height=\u00bb1.4em\u00bb custom_margin=\u00bb||0px||false|false\u00bb header_5_font_size_tablet=\u00bb16px\u00bb header_5_font_size_phone=\u00bb14px\u00bb header_5_font_size_last_edited=\u00bbon|desktop\u00bb global_colors_info=\u00bb{}\u00bb]<\/p>\n<h5><strong>PILAR PASTOR CRUZ<\/strong><\/h5>\n<p>[\/et_pb_text][et_pb_text _builder_version=\u00bb4.24.2&#8243; _module_preset=\u00bb_initial\u00bb text_font=\u00bb||||||||\u00bb text_line_height=\u00bb1.6em\u00bb link_text_color=\u00bb#383838&#8243; global_colors_info=\u00bb{}\u00bb]<\/p>\n<ul>\n<li><strong>C\u00e1rgo:<\/strong> Concejal no adscrito.<\/li>\n<\/ul>\n<p>[\/et_pb_text][\/et_pb_column][\/et_pb_row][\/et_pb_section][et_pb_section fb_built=\u00bb1&#8243; _builder_version=\u00bb4.24.2&#8243; _module_preset=\u00bbdefault\u00bb global_colors_info=\u00bb{}\u00bb][et_pb_row _builder_version=\u00bb4.24.2&#8243; _module_preset=\u00bbdefault\u00bb global_colors_info=\u00bb{}\u00bb][et_pb_column type=\u00bb4_4&#8243; _builder_version=\u00bb4.24.2&#8243; _module_preset=\u00bbdefault\u00bb global_colors_info=\u00bb{}\u00bb][et_pb_text _builder_version=\u00bb4.24.2&#8243; _module_preset=\u00bbdefault\u00bb text_font=\u00bb||||||||\u00bb text_line_height=\u00bb1.6em\u00bb link_text_color=\u00bb#383838&#8243; global_colors_info=\u00bb{}\u00bb link_text_color__hover=\u00bb#EF8700&#8243; link_text_color__hover_enabled=\u00bbon|hover\u00bb]<a href=\"https:\/\/es.alcalali.es\/bd\/archivos\/archivo1175.pdf\">Decreto n\u00ba 2023\/0820 de fecha 17 de julio de 2023 de delegaci\u00f3n de competencias de alcald\u00eda en los concejales.<\/a><\/p>\n<p><a href=\"https:\/\/es.alcalali.es\/bd\/archivos\/archivo1176.pdf\">Decreto n\u00ba 2023\/0823 de fecha 19 de julio de 2023 de nombramiento de Teniente Alcalde<\/a>.<\/p>\n<p>&nbsp;<br \/>\n[\/et_pb_text][\/et_pb_column][\/et_pb_row][\/et_pb_section]<\/p>\n","protected":false},"excerpt":{"rendered":"<p>CORPORACI\u00d3N MUNICIPAL Composici\u00f3n de la Corporaci\u00f3n Municipal YOLANDA MOLINA TOLSMA Partido:\u00a0Comprom\u00eds C\u00e1rgo:\u00a0Alcaldesa Atribuciones: Asume directamente las competencias que no han sido objeto de delegaci\u00f3n, y en especial: Educaci\u00f3n, hacienda y econom\u00eda, turismo, recursos humanos y residentes. JUAN CARLOS ESTEVE ESCRIV\u00c1 Partido:\u00a0Comprom\u00eds C\u00e1rgo:\u00a0Primer Teniente Alcalde Atribuciones: Urbanismo, seguridad ciudadana, protecci\u00f3n civil y emergencias, sanidad y bienestar [&hellip;]<\/p>\n","protected":false},"author":2,"featured_media":0,"parent":0,"menu_order":0,"comment_status":"closed","ping_status":"closed","template":"","meta":{"_et_pb_use_builder":"on","_et_pb_old_content":"","_et_gb_content_width":"","_joinchat":[],"footnotes":""},"class_list":["post-30280","page","type-page","status-publish","hentry"],"_links":{"self":[{"href":"https:\/\/alcalali.es\/es\/wp-json\/wp\/v2\/pages\/30280","targetHints":{"allow":["GET"]}}],"collection":[{"href":"https:\/\/alcalali.es\/es\/wp-json\/wp\/v2\/pages"}],"about":[{"href":"https:\/\/alcalali.es\/es\/wp-json\/wp\/v2\/types\/page"}],"author":[{"embeddable":true,"href":"https:\/\/alcalali.es\/es\/wp-json\/wp\/v2\/users\/2"}],"replies":[{"embeddable":true,"href":"https:\/\/alcalali.es\/es\/wp-json\/wp\/v2\/comments?post=30280"}],"version-history":[{"count":7,"href":"https:\/\/alcalali.es\/es\/wp-json\/wp\/v2\/pages\/30280\/revisions"}],"predecessor-version":[{"id":31852,"href":"https:\/\/alcalali.es\/es\/wp-json\/wp\/v2\/pages\/30280\/revisions\/31852"}],"wp:attachment":[{"href":"https:\/\/alcalali.es\/es\/wp-json\/wp\/v2\/media?parent=30280"}],"curies":[{"name":"wp","href":"https:\/\/api.w.org\/{rel}","templated":true}]}}