{"id":30274,"date":"2024-03-01T13:14:09","date_gmt":"2024-03-01T13:14:09","guid":{"rendered":"https:\/\/alcalali.es\/?page_id=30274"},"modified":"2026-05-15T05:58:51","modified_gmt":"2026-05-15T05:58:51","slug":"bienvenida-de-la-alcaldesa","status":"publish","type":"page","link":"https:\/\/alcalali.es\/es\/bienvenida-de-la-alcaldesa\/","title":{"rendered":"Bienvenida de la Alcaldesa"},"content":{"rendered":"\n<div class=\"et_pb_section_0 et_pb_section et_section_regular et_block_section\"><div class=\"et_pb_row_0 et_pb_row et_block_row\"><div class=\"et_pb_column_0 et_pb_column et_pb_column_4_4 et-last-child et_block_column et_pb_css_mix_blend_mode_passthrough\"><div class=\"et_pb_text_0 et_pb_text et_pb_bg_layout_light et_pb_module et_block_module et_pb_text_align_center\"><div class=\"et_pb_text_inner\"><h1>BIENVENIDA DE LA ALCALDESA<\/h1>\n<\/div><\/div><\/div><\/div><\/div><div class=\"et_pb_section_1 et_pb_section et_section_regular et_block_section\"><div class=\"et_pb_row_1 et_pb_row et_block_row\"><div class=\"et_pb_column_1 et_pb_column et_pb_column_1_3 et_block_column et_pb_css_mix_blend_mode_passthrough\"><div class=\"et_pb_text_1 et_pb_text et_pb_bg_layout_light et_pb_module et_block_module\"><div class=\"et_pb_text_inner\"><p>Me complace darles la bienvenida a la web municipal del Ayuntamiento de Alcalal\u00ed, una herramienta digital que le permitir\u00e1 acceder a toda aquella informaci\u00f3n relacionada con nuestro municipio.<\/p>\n<\/div><\/div><\/div><div class=\"et_pb_column_2 et_pb_column et_pb_column_1_3 et_block_column et_pb_css_mix_blend_mode_passthrough\"><div class=\"et_pb_text_2 et_pb_text et_pb_bg_layout_light et_pb_module et_block_module\"><div class=\"et_pb_text_inner\"><p>Alcalal\u00ed vive una etapa de cambio donde queremos que nuestro ayuntamiento est\u00e9 m\u00e1s cerca que nunca de todos vosotros. Trabajamos con ilusi\u00f3n por hacer de nuestro pueblo un lugar abierto, bonito y participativo, pr\u00f3ximo a la ciudadan\u00eda y a los problemas que se presentan.<\/p>\n<p>Nos importan las personas y por eso debemos unir esfuerzos a fin de conseguir el pueblo que todos y todas deseamos.<\/p>\n<p>En los diferentes apartados de esta web podr\u00e1 encontrar toda la informaci\u00f3n relacionada con el Ayuntamiento, as\u00ed como mi correo y los del equipo de gobierno.<\/p>\n<\/div><\/div><\/div><div class=\"et_pb_column_3 et_pb_column et_pb_column_1_3 et-last-child et_block_column et_pb_css_mix_blend_mode_passthrough\"><div class=\"et_pb_divider_0 et_pb_divider_hidden et_pb_space et_pb_divider_position_top et_pb_module\"><div class=\"et_pb_divider_internal\"><\/div><\/div><div class=\"et_pb_text_3 et_pb_text et_pb_bg_layout_light et_pb_module et_block_module\"><div class=\"et_pb_text_inner\"><h5><strong>Na YOLANDA MOLINA TOLSMA<\/strong><\/h5>\n<\/div><\/div><div class=\"et_pb_text_4 et_pb_text et_pb_bg_layout_light et_pb_module et_block_module\"><div class=\"et_pb_text_inner\"><p><span>Alcaldesa de Alcalal\u00ed<\/span><\/p>\n<\/div><\/div><div class=\"et_pb_module et_pb_button_module_wrapper et_pb_button_0_wrapper\"><a class=\"et_pb_button_0 et_pb_button et_pb_bg_layout_light et_pb_module et_block_module\" href=\"mailto:yolanda.ajalcalali@gmail.com\" target=\"_blank\" data-icon=\"\uf30b\">E-mail: yolanda.ajalcalali@gmail.com<\/a><\/div><div class=\"et_pb_module et_pb_button_module_wrapper et_pb_button_1_wrapper\"><a class=\"et_pb_button_1 et_pb_button et_pb_bg_layout_light et_pb_module et_block_module\" href=\"tel:+34966482024\" target=\"_blank\" data-icon=\"\uf30b\">Tel: 966 482 024<\/a><\/div><\/div><\/div><\/div>\n","protected":false},"excerpt":{"rendered":"","protected":false},"author":2,"featured_media":0,"parent":0,"menu_order":0,"comment_status":"closed","ping_status":"closed","template":"","meta":{"_joinchat":[],"footnotes":""},"class_list":["post-30274","page","type-page","status-publish","hentry"],"_links":{"self":[{"href":"https:\/\/alcalali.es\/es\/wp-json\/wp\/v2\/pages\/30274","targetHints":{"allow":["GET"]}}],"collection":[{"href":"https:\/\/alcalali.es\/es\/wp-json\/wp\/v2\/pages"}],"about":[{"href":"https:\/\/alcalali.es\/es\/wp-json\/wp\/v2\/types\/page"}],"author":[{"embeddable":true,"href":"https:\/\/alcalali.es\/es\/wp-json\/wp\/v2\/users\/2"}],"replies":[{"embeddable":true,"href":"https:\/\/alcalali.es\/es\/wp-json\/wp\/v2\/comments?post=30274"}],"version-history":[{"count":4,"href":"https:\/\/alcalali.es\/es\/wp-json\/wp\/v2\/pages\/30274\/revisions"}],"predecessor-version":[{"id":35051,"href":"https:\/\/alcalali.es\/es\/wp-json\/wp\/v2\/pages\/30274\/revisions\/35051"}],"wp:attachment":[{"href":"https:\/\/alcalali.es\/es\/wp-json\/wp\/v2\/media?parent=30274"}],"curies":[{"name":"wp","href":"https:\/\/api.w.org\/{rel}","templated":true}]}}