{"id":31643,"date":"2024-03-04T10:59:07","date_gmt":"2024-03-04T10:59:07","guid":{"rendered":"https:\/\/alcalali.es\/how-to-get-there\/"},"modified":"2024-06-17T10:15:29","modified_gmt":"2024-06-17T10:15:29","slug":"how-to-get-there","status":"publish","type":"page","link":"https:\/\/alcalali.es\/en\/how-to-get-there\/","title":{"rendered":"How to get to Alcalal\u00ed"},"content":{"rendered":"<p>[et_pb_section fb_built=&#8221;1&#8243; admin_label=&#8221;Header&#8221; _builder_version=&#8221;4.24.2&#8243; _module_preset=&#8221;default&#8221; use_background_color_gradient=&#8221;on&#8221; background_color_gradient_stops=&#8221;#f2f0eb 0%|rgba(242,240,235,0) 100%&#8221; background_color_gradient_overlays_image=&#8221;on&#8221; background_image=&#8221;https:\/\/alcalali.es\/wp-content\/uploads\/2024\/03\/23-a-Neus-Signes-Garcia-Cat-infantil_.jpg&#8221; background_position=&#8221;bottom_center&#8221; background_vertical_offset=&#8221;49%&#8221; custom_padding=&#8221;5vw||5vw||true|false&#8221; border_radii=&#8221;off|||3vw|3vw&#8221; locked=&#8221;off&#8221; collapsed=&#8221;on&#8221; global_colors_info=&#8221;{}&#8221;][et_pb_row _builder_version=&#8221;4.24.0&#8243; _module_preset=&#8221;default&#8221; max_width=&#8221;1800px&#8221; global_colors_info=&#8221;{}&#8221;][et_pb_column type=&#8221;4_4&#8243; _builder_version=&#8221;4.22.0&#8243; _module_preset=&#8221;default&#8221; global_colors_info=&#8221;{}&#8221;][et_pb_text _builder_version=&#8221;4.25.1&#8243; _module_preset=&#8221;_initial&#8221; header_font=&#8221;Inter|700|||||||&#8221; header_text_color=&#8221;#383838&#8243; header_font_size=&#8221;90px&#8221; header_line_height=&#8221;1.1em&#8221; text_orientation=&#8221;center&#8221; max_width=&#8221;1440px&#8221; module_alignment=&#8221;center&#8221; custom_margin=&#8221;||10px||false|false&#8221; header_font_size_tablet=&#8221;40px&#8221; header_font_size_phone=&#8221;24px&#8221; header_font_size_last_edited=&#8221;on|desktop&#8221; global_colors_info=&#8221;{}&#8221;]<\/p>\n<h1>HOW TO GET TO ALCALAL\u00cd<\/h1>\n<p>[\/et_pb_text][\/et_pb_column][\/et_pb_row][\/et_pb_section][et_pb_section fb_built=&#8221;1&#8243; admin_label=&#8221;Services&#8221; _builder_version=&#8221;4.22.0&#8243; _module_preset=&#8221;default&#8221; custom_padding=&#8221;||32px|||&#8221; locked=&#8221;off&#8221; collapsed=&#8221;on&#8221; global_colors_info=&#8221;{}&#8221;][et_pb_row _builder_version=&#8221;4.24.2&#8243; _module_preset=&#8221;default&#8221; max_width=&#8221;1800px&#8221; custom_padding=&#8221;||7px|||&#8221; locked=&#8221;off&#8221; global_colors_info=&#8221;{}&#8221;][et_pb_column type=&#8221;4_4&#8243; _builder_version=&#8221;4.22.0&#8243; _module_preset=&#8221;default&#8221; global_colors_info=&#8221;{}&#8221;][et_pb_text _builder_version=&#8221;4.25.1&#8243; _module_preset=&#8221;_initial&#8221; text_font=&#8221;||||||||&#8221; text_line_height=&#8221;1.6em&#8221; link_text_color=&#8221;#383838&#8243; header_2_font=&#8221;Inter|700|||||||&#8221; header_2_font_size=&#8221;48px&#8221; header_2_line_height=&#8221;1.2em&#8221; custom_margin=&#8221;||10px||false|false&#8221; header_2_font_size_tablet=&#8221;32px&#8221; header_2_font_size_phone=&#8221;20px&#8221; header_2_font_size_last_edited=&#8221;on|desktop&#8221; global_colors_info=&#8221;{}&#8221; link_text_color__hover=&#8221;#EF8700&#8243; link_text_color__hover_enabled=&#8221;on|hover&#8221;]<\/p>\n<h3>Alcalal\u00ed is located in the northern part of the province of Alicante, next to the border with the province of Valencia.<\/h3>\n<p>[\/et_pb_text][et_pb_text _builder_version=&#8221;4.25.1&#8243; _module_preset=&#8221;_initial&#8221; header_5_font=&#8221;Inter|700|||||||&#8221; header_5_font_size=&#8221;20px&#8221; header_5_line_height=&#8221;1.4em&#8221; custom_margin=&#8221;||0px||false|false&#8221; header_5_font_size_tablet=&#8221;16px&#8221; header_5_font_size_phone=&#8221;14px&#8221; header_5_font_size_last_edited=&#8221;on|desktop&#8221; global_colors_info=&#8221;{}&#8221;]<\/p>\n<h5>MAP:<\/h5>\n<p>[\/et_pb_text][\/et_pb_column][\/et_pb_row][et_pb_row make_equal=&#8221;on&#8221; _builder_version=&#8221;4.24.2&#8243; _module_preset=&#8221;default&#8221; max_width=&#8221;1800px&#8221; custom_padding=&#8221;32px|||||&#8221; locked=&#8221;off&#8221; global_colors_info=&#8221;{}&#8221;][et_pb_column type=&#8221;4_4&#8243; _builder_version=&#8221;4.24.2&#8243; _module_preset=&#8221;default&#8221; background_image=&#8221;https:\/\/alcalali.es\/wp-content\/uploads\/2024\/03\/sub-ribbon.jpg&#8221; background_size=&#8221;initial&#8221; background_position=&#8221;bottom_center&#8221; background_vertical_offset=&#8221;-1%&#8221; background_repeat=&#8221;repeat-x&#8221; custom_padding=&#8221;0px|0px|0px|0px|true|true&#8221; border_radii=&#8221;on|30px|30px|30px|30px&#8221; border_width_all=&#8221;2px&#8221; border_color_all=&#8221;#e4dacc&#8221; global_colors_info=&#8221;{}&#8221;][et_pb_code _builder_version=&#8221;4.24.2&#8243; _module_preset=&#8221;default&#8221; custom_margin=&#8221;0px|0px|0px|0px|false|false&#8221; custom_padding=&#8221;0px|0px|0px|0px|false|false&#8221; global_colors_info=&#8221;{}&#8221;]<iframe src=\"https:\/\/www.google.com\/maps\/embed?pb=!1m14!1m8!1m3!1d5233.07122041169!2d-0.03962749378494071!3d38.74987689009258!3m2!1i1024!2i768!4f13.1!3m3!1m2!1s0xd61fc33e8a2ce87%3A0x2ad0bd58a149784!2s03728%20Alcalal%C3%AD%2C%20Alicante!5e0!3m2!1ses!2ses!4v1709551101882!5m2!1ses!2ses\" width=\"100%\" height=\"450\" style=\"border:0;\" allowfullscreen=\"\" loading=\"lazy\" referrerpolicy=\"no-referrer-when-downgrade\"><\/iframe>[\/et_pb_code][\/et_pb_column][\/et_pb_row][\/et_pb_section][et_pb_section fb_built=&#8221;1&#8243; admin_label=&#8221;Services&#8221; _builder_version=&#8221;4.24.2&#8243; _module_preset=&#8221;default&#8221; custom_padding=&#8221;0px||90px||false|false&#8221; locked=&#8221;off&#8221; collapsed=&#8221;on&#8221; global_colors_info=&#8221;{}&#8221;][et_pb_row column_structure=&#8221;1_3,1_3,1_3&#8243; make_equal=&#8221;on&#8221; _builder_version=&#8221;4.24.2&#8243; _module_preset=&#8221;default&#8221; max_width=&#8221;1800px&#8221; locked=&#8221;off&#8221; global_colors_info=&#8221;{}&#8221;][et_pb_column type=&#8221;1_3&#8243; _builder_version=&#8221;4.24.2&#8243; _module_preset=&#8221;default&#8221; background_image=&#8221;https:\/\/alcalali.es\/wp-content\/uploads\/2024\/03\/sub-ribbon.jpg&#8221; background_size=&#8221;initial&#8221; background_position=&#8221;bottom_center&#8221; background_vertical_offset=&#8221;-1%&#8221; background_repeat=&#8221;repeat-x&#8221; custom_padding=&#8221;30px|30px|30px|30px|true|true&#8221; border_radii=&#8221;on|30px|30px|30px|30px&#8221; border_width_all=&#8221;2px&#8221; border_color_all=&#8221;#e4dacc&#8221; global_colors_info=&#8221;{}&#8221;][et_pb_icon font_icon=&#8221;&#xf5e4;||fa||900&#8243; icon_width=&#8221;40px&#8221; _builder_version=&#8221;4.24.2&#8243; _module_preset=&#8221;default&#8221; global_colors_info=&#8221;{}&#8221;][\/et_pb_icon][et_pb_text _builder_version=&#8221;4.25.1&#8243; _module_preset=&#8221;_initial&#8221; header_5_font=&#8221;Inter|700|||||||&#8221; header_5_font_size=&#8221;20px&#8221; header_5_line_height=&#8221;1.4em&#8221; text_orientation=&#8221;center&#8221; custom_margin=&#8221;||24px||false|false&#8221; header_5_font_size_tablet=&#8221;16px&#8221; header_5_font_size_phone=&#8221;14px&#8221; header_5_font_size_last_edited=&#8221;on|desktop&#8221; global_colors_info=&#8221;{}&#8221;]<\/p>\n<h2>If you travel by car<\/h2>\n<p>[\/et_pb_text][et_pb_text _builder_version=&#8221;4.25.1&#8243; _module_preset=&#8221;_initial&#8221; text_font=&#8221;||||||||&#8221; text_line_height=&#8221;1.6em&#8221; link_text_color=&#8221;#383838&#8243; global_colors_info=&#8221;{}&#8221; link_text_color__hover=&#8221;#EF8700&#8243; link_text_color__hover_enabled=&#8221;on|hover&#8221;]<\/p>\n<ul>\n<li>Take exit 62 if you are travelling on the AP-7 motorway between Valencia and Alicante.<\/li>\n<li>If you are travelling on the N-332 national road, at the town of Ondara turn off towards Pedreguer \/ Alcalal\u00ed.<\/li>\n<li>You can also reach Alcalal\u00ed des Benissa by taking the CV-745 and then the CV 750.<\/li>\n<\/ul>\n<p>You can check the route to get to Alcalal\u00ed by <a href=\"https:\/\/www.google.es\/maps\/place\/03728+Alcalal%C3%AD,+Alicante\/@38.755679,-0.046652,12z\/data=!4m6!3m5!1s0xd61fc33e8a2ce87:0x2ad0bd58a149784!8m2!3d38.7497921!4d-0.0393963!16zL20vMGYyMDF4?entry=ttu\" rel=\"nofollow noopener\" target=\"_blank\">clicking here<\/a>.<\/p>\n<p>[\/et_pb_text][\/et_pb_column][et_pb_column type=&#8221;1_3&#8243; _builder_version=&#8221;4.24.2&#8243; _module_preset=&#8221;default&#8221; background_image=&#8221;https:\/\/alcalali.es\/wp-content\/uploads\/2024\/03\/sub-ribbon.jpg&#8221; background_size=&#8221;initial&#8221; background_position=&#8221;bottom_center&#8221; background_vertical_offset=&#8221;-1%&#8221; background_repeat=&#8221;repeat-x&#8221; custom_padding=&#8221;30px|30px|30px|30px|true|true&#8221; border_radii=&#8221;on|30px|30px|30px|30px&#8221; border_width_all=&#8221;2px&#8221; border_color_all=&#8221;#e4dacc&#8221; global_colors_info=&#8221;{}&#8221;][et_pb_icon font_icon=&#8221;&#xf239;||fa||900&#8243; icon_width=&#8221;40px&#8221; _builder_version=&#8221;4.24.2&#8243; _module_preset=&#8221;default&#8221; global_colors_info=&#8221;{}&#8221;][\/et_pb_icon][et_pb_text _builder_version=&#8221;4.25.1&#8243; _module_preset=&#8221;_initial&#8221; header_5_font=&#8221;Inter|700|||||||&#8221; header_5_font_size=&#8221;20px&#8221; header_5_line_height=&#8221;1.4em&#8221; text_orientation=&#8221;center&#8221; custom_margin=&#8221;||24px||false|false&#8221; header_5_font_size_tablet=&#8221;16px&#8221; header_5_font_size_phone=&#8221;14px&#8221; header_5_font_size_last_edited=&#8221;on|desktop&#8221; global_colors_info=&#8221;{}&#8221;]<\/p>\n<h2>If you travel by train<\/h2>\n<p>[\/et_pb_text][et_pb_text _builder_version=&#8221;4.25.1&#8243; _module_preset=&#8221;_initial&#8221; text_font=&#8221;||||||||&#8221; text_line_height=&#8221;1.6em&#8221; link_text_color=&#8221;#383838&#8243; global_colors_info=&#8221;{}&#8221; link_text_color__hover=&#8221;#EF8700&#8243; link_text_color__hover_enabled=&#8221;on|hover&#8221;]<\/p>\n<ul>\n<li>From Alicante: you can take the <a href=\"https:\/\/www.fgvalicante.com\" rel=\"nofollow noopener\" target=\"_blank\">Alicante Metropolitan TRAM<\/a> which connects Alicante and D\u00e9nia daily. At the bus station you can take a bus from the company Autobuses Carri\u00f3 to Alcalal\u00ed.<\/li>\n<li>From Valencia, take the <a href=\"https:\/\/www.renfe.es\/\" rel=\"nofollow noopener\" target=\"_blank\">commuter train to Gand\u00eda<\/a> (a city located 40 km from D\u00e9nia) and at the same Renfe station in Gand\u00eda, you can take a bus from the company Alsa to D\u00e9nia and from there take the bus from the company Autobuses Carri\u00f3 to Alcalal\u00ed.<\/li>\n<\/ul>\n<p>[\/et_pb_text][\/et_pb_column][et_pb_column type=&#8221;1_3&#8243; _builder_version=&#8221;4.24.2&#8243; _module_preset=&#8221;default&#8221; background_image=&#8221;https:\/\/alcalali.es\/wp-content\/uploads\/2024\/03\/sub-ribbon.jpg&#8221; background_size=&#8221;initial&#8221; background_position=&#8221;bottom_center&#8221; background_vertical_offset=&#8221;-1%&#8221; background_repeat=&#8221;repeat-x&#8221; custom_padding=&#8221;30px|30px|30px|30px|true|true&#8221; border_radii=&#8221;on|30px|30px|30px|30px&#8221; border_width_all=&#8221;2px&#8221; border_color_all=&#8221;#e4dacc&#8221; global_colors_info=&#8221;{}&#8221;][et_pb_icon font_icon=&#8221;&#xf207;||fa||900&#8243; icon_width=&#8221;40px&#8221; _builder_version=&#8221;4.24.2&#8243; _module_preset=&#8221;default&#8221; global_colors_info=&#8221;{}&#8221;][\/et_pb_icon][et_pb_text _builder_version=&#8221;4.25.1&#8243; _module_preset=&#8221;_initial&#8221; header_5_font=&#8221;Inter|700|||||||&#8221; header_5_font_size=&#8221;20px&#8221; header_5_line_height=&#8221;1.4em&#8221; text_orientation=&#8221;center&#8221; custom_margin=&#8221;||24px||false|false&#8221; header_5_font_size_tablet=&#8221;16px&#8221; header_5_font_size_phone=&#8221;14px&#8221; header_5_font_size_last_edited=&#8221;on|desktop&#8221; global_colors_info=&#8221;{}&#8221;]<\/p>\n<h2>If you travel by bus.<\/h2>\n<p>[\/et_pb_text][et_pb_text _builder_version=&#8221;4.25.1&#8243; _module_preset=&#8221;_initial&#8221; text_font=&#8221;||||||||&#8221; text_line_height=&#8221;1.6em&#8221; link_text_color=&#8221;#383838&#8243; global_colors_info=&#8221;{}&#8221; link_text_color__hover=&#8221;#EF8700&#8243; link_text_color__hover_enabled=&#8221;on|hover&#8221;]<\/p>\n<ul>\n<li>From Alicante or Valencia: The <a href=\"https:\/\/www.autocarescarrio.es\/\" rel=\"nofollow noopener\" target=\"_blank\">Alsa bus company<\/a> runs daily between D\u00e9nia and Alicante and Valencia. The bus will drop you off at the Benissa bus station and from there you can take the Autobuses Carri\u00f3 bus to Alcalal\u00ed.<\/li>\n<\/ul>\n<p><a href=\"https:\/\/www.google.es\/maps\/place\/03728+Alcalal%C3%AD,+Alicante\/@38.755679,-0.046652,12z\/data=!4m6!3m5!1s0xd61fc33e8a2ce87:0x2ad0bd58a149784!8m2!3d38.7497921!4d-0.0393963!16zL20vMGYyMDF4?entry=ttu\" rel=\"nofollow noopener\" target=\"_blank\"><\/a><\/p>\n<p>[\/et_pb_text][\/et_pb_column][\/et_pb_row][\/et_pb_section]<\/p>\n","protected":false},"excerpt":{"rendered":"<p>HOW TO GET TO ALCALAL\u00cdAlcalal\u00ed is located in the northern part of the province of Alicante, next to the border with the province of Valencia.MAP:If you travel by car Take exit 62 if you are travelling on the AP-7 motorway between Valencia and Alicante. If you are travelling on the N-332 national road, at the [&hellip;]<\/p>\n","protected":false},"author":2,"featured_media":0,"parent":0,"menu_order":0,"comment_status":"closed","ping_status":"closed","template":"","meta":{"_et_pb_use_builder":"on","_et_pb_old_content":"","_et_gb_content_width":"","_joinchat":[],"footnotes":""},"class_list":["post-31643","page","type-page","status-publish","hentry"],"_links":{"self":[{"href":"https:\/\/alcalali.es\/en\/wp-json\/wp\/v2\/pages\/31643","targetHints":{"allow":["GET"]}}],"collection":[{"href":"https:\/\/alcalali.es\/en\/wp-json\/wp\/v2\/pages"}],"about":[{"href":"https:\/\/alcalali.es\/en\/wp-json\/wp\/v2\/types\/page"}],"author":[{"embeddable":true,"href":"https:\/\/alcalali.es\/en\/wp-json\/wp\/v2\/users\/2"}],"replies":[{"embeddable":true,"href":"https:\/\/alcalali.es\/en\/wp-json\/wp\/v2\/comments?post=31643"}],"version-history":[{"count":6,"href":"https:\/\/alcalali.es\/en\/wp-json\/wp\/v2\/pages\/31643\/revisions"}],"predecessor-version":[{"id":31789,"href":"https:\/\/alcalali.es\/en\/wp-json\/wp\/v2\/pages\/31643\/revisions\/31789"}],"wp:attachment":[{"href":"https:\/\/alcalali.es\/en\/wp-json\/wp\/v2\/media?parent=31643"}],"curies":[{"name":"wp","href":"https:\/\/api.w.org\/{rel}","templated":true}]}}