{"id":31529,"date":"2024-05-31T09:30:08","date_gmt":"2024-05-31T09:30:08","guid":{"rendered":"https:\/\/alcalali.es\/news\/"},"modified":"2026-05-15T05:59:56","modified_gmt":"2026-05-15T05:59:56","slug":"news","status":"publish","type":"page","link":"https:\/\/alcalali.es\/en\/news\/","title":{"rendered":"News"},"content":{"rendered":"\n<div class=\"et_pb_section_0 et_pb_section et_section_regular et_block_section\"><div class=\"et_pb_row_0 et_pb_row et_block_row\"><div class=\"et_pb_column_0 et_pb_column et_pb_column_4_4 et-last-child et_block_column et_pb_css_mix_blend_mode_passthrough\"><div class=\"et_pb_text_0 et_pb_text et_pb_bg_layout_light et_pb_module et_block_module et_pb_text_align_center\"><div class=\"et_pb_text_inner\"><h1>NEWS<\/h1>\n<\/div><\/div><\/div><\/div><\/div><div class=\"et_pb_section_1 et_pb_section et_section_regular et_block_section\"><div class=\"et_pb_row_1 et_pb_row et_block_row\"><div class=\"et_pb_column_1 et_pb_column et_pb_column_4_4 et-last-child et_block_column et_pb_css_mix_blend_mode_passthrough\"><div class=\"et_pb_blog_0 et_pb_blog et_pb_bg_layout_light et_pb_posts et_pb_module\"><div class=\"et_pb_ajax_pagination_container\"><div class=\"et_pb_posts et_grid_module\"><article class=\"et_pb_post et_pb_post_id_34983 clearfix et_pb_has_overlay et_pb_blog_item_0_0 post-34983 post type-post status-publish format-standard has-post-thumbnail hentry category-ecopark\"><div class=\"et_pb_image_container\"><a href=\"https:\/\/alcalali.es\/en\/ecopark-services-in-alcalali\/\" class=\"entry-featured-image-url\"><img loading=\"lazy\" decoding=\"async\" src=\"https:\/\/alcalali.es\/wp-content\/uploads\/2026\/02\/Cartell-ecoparque.jpg\" width=\"400\" height=\"284\" alt=\"Ecoparque Alcalal\u00ed\" class=\"\" srcset=\"https:\/\/alcalali.es\/wp-content\/uploads\/2026\/02\/Cartell-ecoparque.jpg 479w, https:\/\/alcalali.es\/wp-content\/uploads\/2026\/02\/Cartell-ecoparque-400x284.jpg 480w\" sizes=\"(max-width:479px) 479px, 100vw\" \/><span data-icon=\"\uf09e\" class=\"et_overlay et_pb_inline_icon\"><\/span><\/a><\/div><h2 class=\"entry-title\"><a href=\"https:\/\/alcalali.es\/en\/ecopark-services-in-alcalali\/\">ECOPARK SERVICES IN ALCALAL\u00cd<\/a><\/h2><p class=\"post-meta\"><\/p><div class=\"post-content\"><div class=\"post-content-inner\"><p>&#x267b;&#xfe0f; ECOPARK SERVICES IN ALCALAL\u00cd Recycling correctly is a shared responsibility and a key action to protect our environment, reduce pollution, and make better use of natural resources. Separating and properly disposing of waste prevents uncontrolled&#8230;<\/p>\n<\/div><\/div><\/article><article class=\"et_pb_post et_pb_post_id_34917 clearfix et_pb_has_overlay et_pb_blog_item_0_1 post-34917 post type-post status-publish format-standard has-post-thumbnail hentry category-blog-en category-news\"><div class=\"et_pb_image_container\"><a href=\"https:\/\/alcalali.es\/en\/technical-and-legal-justification-for-the-new-tariff-structure-2\/\" class=\"entry-featured-image-url\"><img loading=\"lazy\" decoding=\"async\" src=\"https:\/\/alcalali.es\/wp-content\/uploads\/2024\/03\/header-ayuntamiento-alcalali.jpg\" width=\"400\" height=\"284\" alt=\"Technical and Legal Justification for the New Tariff Structure.\" class=\"\" srcset=\"https:\/\/alcalali.es\/wp-content\/uploads\/2024\/03\/header-ayuntamiento-alcalali.jpg 479w, https:\/\/alcalali.es\/wp-content\/uploads\/2024\/03\/header-ayuntamiento-alcalali-400x284.jpg 480w\" sizes=\"(max-width:479px) 479px, 100vw\" \/><span data-icon=\"\uf09e\" class=\"et_overlay et_pb_inline_icon\"><\/span><\/a><\/div><h2 class=\"entry-title\"><a href=\"https:\/\/alcalali.es\/en\/technical-and-legal-justification-for-the-new-tariff-structure-2\/\">Technical and Legal Justification for the New Tariff Structure.<\/a><\/h2><p class=\"post-meta\"><\/p><div class=\"post-content\"><div class=\"post-content-inner\"><p>This information note sets out the technical and legal grounds for the new water pricing structure. This adjustment addresses the fundamental need for financial equilibrium while ensuring strict compliance with the guidelines issued by the Generalitat Valenciana Price&#8230;<\/p>\n<\/div><\/div><\/article><article class=\"et_pb_post et_pb_post_id_34912 clearfix et_pb_has_overlay et_pb_blog_item_0_2 post-34912 post type-post status-publish format-standard has-post-thumbnail hentry category-news category-water\"><div class=\"et_pb_image_container\"><a href=\"https:\/\/alcalali.es\/en\/technical-and-legal-justification-for-the-new-tariff-structure\/\" class=\"entry-featured-image-url\"><img loading=\"lazy\" decoding=\"async\" src=\"https:\/\/alcalali.es\/wp-content\/uploads\/2024\/03\/aigua.jpg\" width=\"400\" height=\"284\" alt=\"Technical and Legal Justification for the New Tariff Structure.\" class=\"\" srcset=\"https:\/\/alcalali.es\/wp-content\/uploads\/2024\/03\/aigua.jpg 479w, https:\/\/alcalali.es\/wp-content\/uploads\/2024\/03\/aigua-400x284.jpg 480w\" sizes=\"(max-width:479px) 479px, 100vw\" \/><span data-icon=\"\uf09e\" class=\"et_overlay et_pb_inline_icon\"><\/span><\/a><\/div><h2 class=\"entry-title\"><a href=\"https:\/\/alcalali.es\/en\/technical-and-legal-justification-for-the-new-tariff-structure\/\">Technical and Legal Justification for the New Tariff Structure.<\/a><\/h2><p class=\"post-meta\"><\/p><div class=\"post-content\"><div class=\"post-content-inner\"><p>Information Note: Technical and Legal Justification for the New Tariff Structure. This information note sets out the technical and legal grounds for the new water pricing structure. This adjustment addresses the fundamental need for financial equilibrium while&#8230;<\/p>\n<\/div><\/div><\/article><article class=\"et_pb_post et_pb_post_id_34857 clearfix et_pb_has_overlay et_pb_blog_item_0_3 post-34857 post type-post status-publish format-standard has-post-thumbnail hentry category-blog-en category-feslali category-news\"><div class=\"et_pb_image_container\"><a href=\"https:\/\/alcalali.es\/en\/alcalali-celebra-la-10-a-edicion-de-feslali-del-1-al-22-de-febrero-dedicada-a-la-algarroba-como-cultivo-de-futuro\/\" class=\"entry-featured-image-url\"><img loading=\"lazy\" decoding=\"async\" src=\"https:\/\/alcalali.es\/wp-content\/uploads\/2026\/01\/BANNER-feslali-2026_logo.jpg\" width=\"400\" height=\"284\" alt=\"Alcalal\u00ed celebrates the 10th edition of Feslal\u00ed from 1 to 22 February, dedicated to the carob as a crop of the future.\" class=\"\" srcset=\"https:\/\/alcalali.es\/wp-content\/uploads\/2026\/01\/BANNER-feslali-2026_logo.jpg 479w, https:\/\/alcalali.es\/wp-content\/uploads\/2026\/01\/BANNER-feslali-2026_logo-400x284.jpg 480w\" sizes=\"(max-width:479px) 479px, 100vw\" \/><span data-icon=\"\uf09e\" class=\"et_overlay et_pb_inline_icon\"><\/span><\/a><\/div><h2 class=\"entry-title\"><a href=\"https:\/\/alcalali.es\/en\/alcalali-celebra-la-10-a-edicion-de-feslali-del-1-al-22-de-febrero-dedicada-a-la-algarroba-como-cultivo-de-futuro\/\">Alcalal\u00ed celebrates the 10th edition of Feslal\u00ed from 1 to 22 February, dedicated to the carob as a crop of the future.<\/a><\/h2><p class=\"post-meta\"><\/p><div class=\"post-content\"><div class=\"post-content-inner\"><p>Alcalal\u00ed celebrar\u00e1 del 1 al 22 de febrero la 10.\u00aa edici\u00f3n de Feslal\u00ed, el festival que desde hace una d\u00e9cada pone en valor el paisaje, la agricultura y la identidad del municipio. En esta edici\u00f3n tan especial, Feslal\u00ed inicia una nueva etapa y sit\u00faa a la algarroba como&#8230;<\/p>\n<\/div><\/div><\/article><article class=\"et_pb_post et_pb_post_id_33808 clearfix et_pb_has_overlay et_pb_blog_item_0_4 post-33808 post type-post status-publish format-standard has-post-thumbnail hentry category-blog-en category-news\"><div class=\"et_pb_image_container\"><a href=\"https:\/\/alcalali.es\/en\/festival-program\/\" class=\"entry-featured-image-url\"><img loading=\"lazy\" decoding=\"async\" src=\"https:\/\/alcalali.es\/wp-content\/uploads\/2025\/06\/Festes.jpg\" width=\"400\" height=\"284\" alt=\"Programa de Festes\" class=\"\" srcset=\"https:\/\/alcalali.es\/wp-content\/uploads\/2025\/06\/Festes.jpg 479w, https:\/\/alcalali.es\/wp-content\/uploads\/2025\/06\/Festes-400x284.jpg 480w\" sizes=\"(max-width:479px) 479px, 100vw\" \/><span data-icon=\"\uf09e\" class=\"et_overlay et_pb_inline_icon\"><\/span><\/a><\/div><h2 class=\"entry-title\"><a href=\"https:\/\/alcalali.es\/en\/festival-program\/\">FESTIVAL PROGRAM<\/a><\/h2><p class=\"post-meta\"><\/p><div class=\"post-content\"><div class=\"post-content-inner\"><p>FESTIVAL PROGRAM IN HONOR OF SANT JOAN DE MOSQUERA AND CRIST DE LA SALUT From June 14 to 22 8:00 p.m.: Novena in honour of Sant\u00edssim Crist de la Salut. (Except on June 14, 15, and 21, when it will be at 7:00 p.m., and on Sunday, June 22, at 11:00 a.m.) Saturday, June&#8230;<\/p>\n<\/div><\/div><\/article><article class=\"et_pb_post et_pb_post_id_33758 clearfix et_pb_has_overlay et_pb_blog_item_0_5 post-33758 post type-post status-publish format-standard has-post-thumbnail hentry category-blog-en category-news\"><div class=\"et_pb_image_container\"><a href=\"https:\/\/alcalali.es\/en\/vehicle-inspection-in-alcalali-on-june-5th\/\" class=\"entry-featured-image-url\"><img loading=\"lazy\" decoding=\"async\" src=\"https:\/\/alcalali.es\/wp-content\/uploads\/2025\/05\/ITV-Alcalali.jpg\" width=\"400\" height=\"284\" alt=\"ITV Alcalal\u00ed\" class=\"\" srcset=\"https:\/\/alcalali.es\/wp-content\/uploads\/2025\/05\/ITV-Alcalali.jpg 479w, https:\/\/alcalali.es\/wp-content\/uploads\/2025\/05\/ITV-Alcalali-400x284.jpg 480w\" sizes=\"(max-width:479px) 479px, 100vw\" \/><span data-icon=\"\uf09e\" class=\"et_overlay et_pb_inline_icon\"><\/span><\/a><\/div><h2 class=\"entry-title\"><a href=\"https:\/\/alcalali.es\/en\/vehicle-inspection-in-alcalali-on-june-5th\/\">Vehicle Inspection in Alcalal\u00ed on June 5th<\/a><\/h2><p class=\"post-meta\"><\/p><div class=\"post-content\"><div class=\"post-content-inner\"><p>The Mobile Agricultural ITV Unit will provide service in ALCALAL\u00cd on June 5th, 2025, from 9:30 AM to 2:00 PM at the municipal sports center. The mobile agricultural unit can inspect agricultural vehicles, construction and service vehicles, and mopeds. However, it&#8230;<\/p>\n<\/div><\/div><\/article><\/div><div class=\"pagination clearfix\">\n\t<div class=\"alignleft\"><a href=\"https:\/\/alcalali.es\/en\/wp-json\/wp\/v2\/pages\/31529\/page\/2\/?et_blog\">&laquo; Older Entries<\/a><\/div>\n\t<div class=\"alignright\"><\/div>\n<\/div><\/div><\/div><\/div><\/div><\/div>\n","protected":false},"excerpt":{"rendered":"","protected":false},"author":2,"featured_media":0,"parent":0,"menu_order":0,"comment_status":"closed","ping_status":"closed","template":"","meta":{"_joinchat":[],"footnotes":""},"class_list":["post-31529","page","type-page","status-publish","hentry"],"_links":{"self":[{"href":"https:\/\/alcalali.es\/en\/wp-json\/wp\/v2\/pages\/31529","targetHints":{"allow":["GET"]}}],"collection":[{"href":"https:\/\/alcalali.es\/en\/wp-json\/wp\/v2\/pages"}],"about":[{"href":"https:\/\/alcalali.es\/en\/wp-json\/wp\/v2\/types\/page"}],"author":[{"embeddable":true,"href":"https:\/\/alcalali.es\/en\/wp-json\/wp\/v2\/users\/2"}],"replies":[{"embeddable":true,"href":"https:\/\/alcalali.es\/en\/wp-json\/wp\/v2\/comments?post=31529"}],"version-history":[{"count":4,"href":"https:\/\/alcalali.es\/en\/wp-json\/wp\/v2\/pages\/31529\/revisions"}],"predecessor-version":[{"id":35133,"href":"https:\/\/alcalali.es\/en\/wp-json\/wp\/v2\/pages\/31529\/revisions\/35133"}],"wp:attachment":[{"href":"https:\/\/alcalali.es\/en\/wp-json\/wp\/v2\/media?parent=31529"}],"curies":[{"name":"wp","href":"https:\/\/api.w.org\/{rel}","templated":true}]}}